{"id":11039,"date":"2024-08-01T10:38:22","date_gmt":"2024-08-01T10:38:22","guid":{"rendered":"https:\/\/tektro.eu\/trp\/trp-commutazione-elettrica\/"},"modified":"2024-08-02T07:56:03","modified_gmt":"2024-08-02T07:56:03","slug":"trp-commutazione-elettrica","status":"publish","type":"page","link":"https:\/\/tektro.eu\/it\/trp\/trp-commutazione-elettrica\/","title":{"rendered":"TRP commutazione elettrica"},"content":{"rendered":"\n<div class=\"slider-wrapper relative\" id=\"slider-1770635598\" >\n    <div class=\"slider slider-nav-circle slider-nav-large slider-nav-dark slider-style-normal\"\n        data-flickity-options='{\n            \"cellAlign\": \"center\",\n            \"imagesLoaded\": true,\n            \"lazyLoad\": 1,\n            \"freeScroll\": false,\n            \"wrapAround\": true,\n            \"autoPlay\": 6000,\n            \"pauseAutoPlayOnHover\" : true,\n            \"prevNextButtons\": true,\n            \"contain\" : true,\n            \"adaptiveHeight\" : true,\n            \"dragThreshold\" : 10,\n            \"percentPosition\": true,\n            \"pageDots\": true,\n            \"rightToLeft\": false,\n            \"draggable\": true,\n            \"selectedAttraction\": 0.1,\n            \"parallax\" : 0,\n            \"friction\": 0.6        }'\n        >\n        \n\n\n  <div class=\"banner has-hover\" id=\"banner-201070313\">\n          <div class=\"banner-inner fill\">\n        <div class=\"banner-bg fill\" >\n            <img loading=\"lazy\" decoding=\"async\" width=\"2000\" height=\"1333\" src=\"https:\/\/tektro.eu\/wp-content\/uploads\/AGD_0504_web.jpg\" class=\"bg attachment-original size-original\" alt=\"\" \/>                                    \n                    <\/div>\n\t\t\n        <div class=\"banner-layers container\">\n            <div class=\"fill banner-link\"><\/div>            \n\n   <div id=\"text-box-1049845755\" class=\"text-box banner-layer x10 md-x10 lg-x0 y5 md-y15 lg-y15 res-text\">\n                                <div class=\"text-box-content text \">\n              \n              <div class=\"text-inner text-left\">\n                  \n\n\t<div id=\"text-2155685555\" class=\"text\">\n\t\t\n\n<h1 class=\"uppercase\">Drop Bar Solutions<\/h1>\n<p><span style=\"font-size: 90%;\">Die Kombination aus dem TRP HYWIRE Bremsschalthebel und des Pinion Smart.Shift erlauben elektrisches Schalten auf h\u00f6chstem Niveau in weiteren E-Bikes, erstmals dann auch an Fahrr\u00e4dern ohne Motor.<\/span><\/p>\n\t\t\n<style>\n#text-2155685555 {\n  font-size: 0.75rem;\n}\n@media (min-width:550px) {\n  #text-2155685555 {\n    font-size: 0.85rem;\n  }\n}\n@media (min-width:850px) {\n  #text-2155685555 {\n    font-size: 1.2rem;\n  }\n}\n<\/style>\n\t<\/div>\n\t\n\n              <\/div>\n           <\/div>\n                            \n<style>\n#text-box-1049845755 .text-box-content {\n  background-color: rgba(255, 255, 255, 0);\n  font-size: 100%;\n}\n#text-box-1049845755 .text-inner {\n  padding: 0px 0px 0px 0px;\n}\n#text-box-1049845755 {\n  width: 69%;\n}\n@media (min-width:550px) {\n  #text-box-1049845755 {\n    width: 40%;\n  }\n}\n<\/style>\n    <\/div>\n \n\n        <\/div>\n      <\/div>\n\n            \n<style>\n#banner-201070313 {\n  padding-top: 350px;\n  background-color: rgb(255,255,255);\n}\n#banner-201070313 .banner-bg img {\n  object-position: 40% 64%;\n}\n@media (min-width:550px) {\n  #banner-201070313 {\n    padding-top: 450px;\n  }\n}\n@media (min-width:850px) {\n  #banner-201070313 {\n    padding-top: 550px;\n  }\n}\n<\/style>\n  <\/div>\n\n\n\n     <\/div>\n\n     <div class=\"loading-spin dark large centered\"><\/div>\n\n\t<\/div>\n\n\n\t<div id=\"gap-384837737\" class=\"gap-element clearfix\" style=\"display:block; height:auto;\">\n\t\t\n<style>\n#gap-384837737 {\n  padding-top: 30px;\n}\n<\/style>\n\t<\/div>\n\t\n\n<div class=\"row\"  id=\"row-1848221071\">\n\n\n\t<div id=\"col-317902081\" class=\"col small-12 large-12\"  >\n\t\t\t\t<div class=\"col-inner\"  >\n\t\t\t\n\t\t\t\n\n<h1 class=\"uppercase\" style=\"text-align: center;\"><span style=\"font-size: 110%;\">TRP Bremsschalthebel-Einheit f\u00fcr Pinion Getriebe-Schaltbox<\/span><\/h1>\n\n\t\t<\/div>\n\t\t\t\t\t<\/div>\n\n\t\n\n<\/div>\n<div class=\"row\"  id=\"row-2141402999\">\n\n\n\t<div id=\"col-2072964798\" class=\"col medium-4 small-12 large-4\"  >\n\t\t\t\t<div class=\"col-inner\"  >\n\t\t\t\n\t\t\t\n\n\t<div id=\"text-1190744286\" class=\"text\">\n\t\t\n\n<ul>\n<li aria-level=\"1\"><strong>TRP entwickelt innovativen Bremsschalthebel, kompatibel f\u00fcr Pinion Getriebe-Schaltbox<\/strong><\/li>\n<li aria-level=\"1\"><strong>H\u00f6here Sicherheit und Komfort durch ergonomisch integrierte Schalttasten<\/strong><\/li>\n<li aria-level=\"1\"><strong>Elektrisches Schalten dank des neuen TRP HYWIRE Bremsschalthebel k\u00fcnftig auch f\u00fcr Gravelbike m\u00f6glich<\/strong><\/li>\n<\/ul>\n\t\t\n<style>\n#text-1190744286 {\n  font-size: 0.8rem;\n}\n@media (min-width:550px) {\n  #text-1190744286 {\n    font-size: 1rem;\n  }\n}\n<\/style>\n\t<\/div>\n\t\n\n\t\t<\/div>\n\t\t\t\t\t<\/div>\n\n\t\n\n\t<div id=\"col-1905715472\" class=\"col medium-8 small-12 large-8\"  >\n\t\t\t\t<div class=\"col-inner\"  >\n\t\t\t\n\t\t\t\n\n\t<div id=\"text-1035180763\" class=\"text\">\n\t\t\n\n<p>Vereint werden durch diese Zusammenarbeit die zuverl\u00e4ssige und nahezu wartungsfreie Getriebeschalttechnik mit den Vorteilen des elektrischen Schaltens. Geschaltet wird in 0,2 Sekunden per Knopfdruck \u2013 schnell, ergonomisch und intuitiv. Das System schaltet w\u00e4hrend der Fahrt, im Stand und unter Last!<\/p>\n<p>Elektrisches Schalten wird dank des neuen TRP HYWIRE Bremsschalthebels f\u00fcr MTB- und Trekkingbikes sowie k\u00fcnftig auch f\u00fcr Pinion-Gravelbikes m\u00f6glich. Nahezu autark ist der Anwender dank eigener Stromversorgung mit Hilfe des Smart.Shift Akkupack, der mehr als 20.000 Schaltvorg\u00e4nge erlaubt. <br \/>Der TRP HYWIRE Bremsschalthebel erm\u00f6glicht die Ansteuerung des Pinion Smart.Shift Systems von Dropbar-Lenkern aus. Unsichtbar am oder im Lenker verlaufen sowohl die hydraulische Bremsleitung als auch die Kabel zur Pinion Smart.Shift Box.<\/p>\n<p>Die TRP HYWIRE Bremsschalthebel-Einheit setzt auf die bew\u00e4hrte 2,3mm Bremsscheibe, die eine um 8% verbesserte Hitzebest\u00e4ndigkeit und eine um 47% optimierte Seitensteifigkeit bietet, w\u00e4hrend die Bremsbel\u00e4ge insbesondere mit einer hohen Hitzebest\u00e4ndigkeit, verk\u00fcrzter Einbremszeit und einer sp\u00fcrbaren Ger\u00e4uschreduktion \u00fcberzeugen.<\/p>\n\t\t\n<style>\n#text-1035180763 {\n  font-size: 0.75rem;\n}\n@media (min-width:550px) {\n  #text-1035180763 {\n    font-size: 0.9rem;\n  }\n}\n<\/style>\n\t<\/div>\n\t\n<a href=\"https:\/\/tektro.eu\/trp\/trp-hywire-bremsschalthebel\/\" class=\"button primary\" >\n\t\t<span>HYWIRE Story<\/span>\n\t<\/a>\n\n\n\n\t\t<\/div>\n\t\t\t\t\t<\/div>\n\n\t\n\n<\/div>\n\t<div id=\"gap-1050832908\" class=\"gap-element clearfix\" style=\"display:block; height:auto;\">\n\t\t\n<style>\n#gap-1050832908 {\n  padding-top: 30px;\n}\n<\/style>\n\t<\/div>\n\t\n\n  <style>\n    #gallery-640838457 .grid-col-1{height: 600px}\n    #gallery-640838457 .grid-col-1-2{height: 300px}\n    #gallery-640838457 .grid-col-1-3{height:200px}\n    #gallery-640838457 .grid-col-2-3{height: 400px}\n    #gallery-640838457 .grid-col-1-4{height: 150px}\n    #gallery-640838457 .grid-col-3-4{height: 450px}\n\n\n        \/* Tablet *\/\n    @media (max-width: 850px){\n      #gallery-640838457 .grid-col-1{height: 400px}\n      #gallery-640838457 .grid-col-1-2{height: 200px}\n      #gallery-640838457 .grid-col-1-3{height:133.33333333333px}\n      #gallery-640838457 .grid-col-2-3{height: 266.66666666667px}\n      #gallery-640838457 .grid-col-1-4{height: 100px}\n      #gallery-640838457 .grid-col-3-4{height: 300px}\n    }\n    \n        \/* Mobile *\/\n    @media (max-width: 550px){\n      #gallery-640838457 .grid-col-1{height: 400px}\n      #gallery-640838457 .grid-col-1-2{height: 200px}\n      #gallery-640838457 .grid-col-1-3{height:133.33333333333px}\n      #gallery-640838457 .grid-col-2-3{height: 266.66666666667px}\n      #gallery-640838457 .grid-col-1-4{height: 100px}\n      #gallery-640838457 .grid-col-3-4{height: 300px}\n    }\n    \n\n  <\/style>\n  \n  \n    <div id=\"gallery-640838457\" class=\"row row-small row-full-width row-grid\" data-packery-options='{\"itemSelector\": \".col\", \"gutter\": 0, \"presentageWidth\" : true}'>\n\n  <div class=\"gallery-col col grid-col grid-col-1 large-6 medium-12\" >\n          <div class=\"col-inner\">\n            <a class=\"image-lightbox lightbox-gallery\" href=\"https:\/\/tektro.eu\/wp-content\/uploads\/AGD_0476-web-1215x800.jpg\" title=\"\">            <div class=\"box has-hover gallery-box box-overlay dark box-text-center\">\n              <div class=\"box-image\" >\n                <img loading=\"lazy\" decoding=\"async\" width=\"607\" height=\"400\" src=\"https:\/\/tektro.eu\/wp-content\/uploads\/AGD_0476-web-607x400.jpg\" class=\"attachment-medium size-medium\" alt=\"\" ids=\"11040,11043,11041,11045\" style=\"normal\" type=\"grid\" col_spacing=\"small\" srcset=\"https:\/\/tektro.eu\/wp-content\/uploads\/AGD_0476-web-607x400.jpg 607w, https:\/\/tektro.eu\/wp-content\/uploads\/AGD_0476-web-1215x800.jpg 1215w, https:\/\/tektro.eu\/wp-content\/uploads\/AGD_0476-web-768x506.jpg 768w, https:\/\/tektro.eu\/wp-content\/uploads\/AGD_0476-web.jpg 1500w\" sizes=\"auto, (max-width: 607px) 100vw, 607px\" \/>                                  <div class=\"overlay fill\"\n                      style=\"background-color: rgba(0,0,0,.15)\">\n                  <\/div>\n                                                              <\/div>\n              <div class=\"box-text text-left dark\" >\n                 <p><\/p>\n              <\/div>\n            <\/div>\n            <\/a>          <\/div>\n         <\/div><div class=\"gallery-col col grid-col grid-col-1 large-3 medium-6\" >\n          <div class=\"col-inner\">\n            <a class=\"image-lightbox lightbox-gallery\" href=\"https:\/\/tektro.eu\/wp-content\/uploads\/AGD_0533_web-1177x800.jpg\" title=\"\">            <div class=\"box has-hover gallery-box box-overlay dark box-text-center\">\n              <div class=\"box-image\" >\n                <img loading=\"lazy\" decoding=\"async\" width=\"589\" height=\"400\" src=\"https:\/\/tektro.eu\/wp-content\/uploads\/AGD_0533_web-589x400.jpg\" class=\"attachment-medium size-medium\" alt=\"\" ids=\"11040,11043,11041,11045\" style=\"normal\" type=\"grid\" col_spacing=\"small\" srcset=\"https:\/\/tektro.eu\/wp-content\/uploads\/AGD_0533_web-589x400.jpg 589w, https:\/\/tektro.eu\/wp-content\/uploads\/AGD_0533_web-1177x800.jpg 1177w, https:\/\/tektro.eu\/wp-content\/uploads\/AGD_0533_web-768x522.jpg 768w, https:\/\/tektro.eu\/wp-content\/uploads\/AGD_0533_web-1536x1044.jpg 1536w, https:\/\/tektro.eu\/wp-content\/uploads\/AGD_0533_web.jpg 2000w\" sizes=\"auto, (max-width: 589px) 100vw, 589px\" \/>                                  <div class=\"overlay fill\"\n                      style=\"background-color: rgba(0,0,0,.15)\">\n                  <\/div>\n                                                              <\/div>\n              <div class=\"box-text text-left dark\" >\n                 <p><\/p>\n              <\/div>\n            <\/div>\n            <\/a>          <\/div>\n         <\/div><div class=\"gallery-col col grid-col grid-col-1-2 large-3 medium-6\" >\n          <div class=\"col-inner\">\n            <a class=\"image-lightbox lightbox-gallery\" href=\"https:\/\/tektro.eu\/wp-content\/uploads\/AGD_0495_web-1345x800.jpg\" title=\"\">            <div class=\"box has-hover gallery-box box-overlay dark box-text-center\">\n              <div class=\"box-image\" >\n                <img loading=\"lazy\" decoding=\"async\" width=\"673\" height=\"400\" src=\"https:\/\/tektro.eu\/wp-content\/uploads\/AGD_0495_web-673x400.jpg\" class=\"attachment-medium size-medium\" alt=\"\" ids=\"11040,11043,11041,11045\" style=\"normal\" type=\"grid\" col_spacing=\"small\" srcset=\"https:\/\/tektro.eu\/wp-content\/uploads\/AGD_0495_web-673x400.jpg 673w, https:\/\/tektro.eu\/wp-content\/uploads\/AGD_0495_web-1345x800.jpg 1345w, https:\/\/tektro.eu\/wp-content\/uploads\/AGD_0495_web-768x457.jpg 768w, https:\/\/tektro.eu\/wp-content\/uploads\/AGD_0495_web.jpg 1500w\" sizes=\"auto, (max-width: 673px) 100vw, 673px\" \/>                                  <div class=\"overlay fill\"\n                      style=\"background-color: rgba(0,0,0,.15)\">\n                  <\/div>\n                                                              <\/div>\n              <div class=\"box-text text-left dark\" >\n                 <p><\/p>\n              <\/div>\n            <\/div>\n            <\/a>          <\/div>\n         <\/div><div class=\"gallery-col col grid-col grid-col-1-2 large-3 medium-6\" >\n          <div class=\"col-inner\">\n            <a class=\"image-lightbox lightbox-gallery\" href=\"https:\/\/tektro.eu\/wp-content\/uploads\/AGD_0542_web-1200x800.jpg\" title=\"\">            <div class=\"box has-hover gallery-box box-overlay dark box-text-center\">\n              <div class=\"box-image\" >\n                <img loading=\"lazy\" decoding=\"async\" width=\"600\" height=\"400\" src=\"https:\/\/tektro.eu\/wp-content\/uploads\/AGD_0542_web-600x400.jpg\" class=\"attachment-medium size-medium\" alt=\"\" ids=\"11040,11043,11041,11045\" style=\"normal\" type=\"grid\" col_spacing=\"small\" srcset=\"https:\/\/tektro.eu\/wp-content\/uploads\/AGD_0542_web-600x400.jpg 600w, https:\/\/tektro.eu\/wp-content\/uploads\/AGD_0542_web-1200x800.jpg 1200w, https:\/\/tektro.eu\/wp-content\/uploads\/AGD_0542_web-768x512.jpg 768w, https:\/\/tektro.eu\/wp-content\/uploads\/AGD_0542_web.jpg 1500w\" sizes=\"auto, (max-width: 600px) 100vw, 600px\" \/>                                  <div class=\"overlay fill\"\n                      style=\"background-color: rgba(0,0,0,.15)\">\n                  <\/div>\n                                                              <\/div>\n              <div class=\"box-text text-left dark\" >\n                 <p><\/p>\n              <\/div>\n            <\/div>\n            <\/a>          <\/div>\n         <\/div><\/div>\n\n\t<div id=\"gap-198555966\" class=\"gap-element clearfix\" style=\"display:block; height:auto;\">\n\t\t\n<style>\n#gap-198555966 {\n  padding-top: 60px;\n}\n<\/style>\n\t<\/div>\n\t\n\n<div class=\"container section-title-container\" style=\"margin-bottom:10px;\"><h2 class=\"section-title section-title-center\"><b aria-hidden=\"true\"><\/b><span class=\"section-title-main\" >DROP BAR SOLUTIONS<\/span><b aria-hidden=\"true\"><\/b><\/h2><\/div>\n\n<div class=\"row row-full-width align-middle align-center\"  id=\"row-372762952\">\n\n\n\t<div id=\"col-253645041\" class=\"col medium-4 small-12 large-4\"  >\n\t\t\t\t<div class=\"col-inner\"  >\n\t\t\t\n\t\t\t\n\n\n  <div class=\"banner has-hover\" id=\"banner-1276148534\">\n          <div class=\"banner-inner fill\">\n        <div class=\"banner-bg fill\" >\n            <img loading=\"lazy\" decoding=\"async\" width=\"1020\" height=\"672\" src=\"https:\/\/tektro.eu\/wp-content\/uploads\/AGD_0476-web-1215x800.jpg\" class=\"bg attachment-large size-large\" alt=\"\" \/>                        <div class=\"overlay\"><\/div>            \n                    <\/div>\n\t\t\n        <div class=\"banner-layers container\">\n            <a class=\"fill\" href=\"https:\/\/tektro.eu\/trp\/featured_item\/hywire\/\"><div class=\"fill banner-link\"><\/div><\/a>            \n\n   <div id=\"text-box-976211784\" class=\"text-box banner-layer x50 md-x50 lg-x50 y95 md-y95 lg-y95 res-text\">\n                                <div class=\"text-box-content text dark\">\n              \n              <div class=\"text-inner text-center\">\n                  \n\n<h3 class=\"uppercase\"><span style=\"color: #ffcc00;\" data-line-height=\"xs\"><strong><span style=\"color: #ffcc00;\">ROAD \/ GRAVEL<\/span><br \/><\/strong><\/span><\/h3>\n<h2 class=\"uppercase\"><span style=\"font-size: 110%;\" data-line-height=\"xs\"><strong>HYWIRE<br \/><\/strong><\/span><\/h2>\n\n              <\/div>\n           <\/div>\n                            \n<style>\n#text-box-976211784 {\n  width: 80%;\n}\n#text-box-976211784 .text-box-content {\n  font-size: 100%;\n}\n<\/style>\n    <\/div>\n \n\n        <\/div>\n      <\/div>\n\n            \n<style>\n#banner-1276148534 {\n  padding-top: 332px;\n  background-color: rgb(255, 255, 255);\n}\n#banner-1276148534 .overlay {\n  background-color: rgba(0, 0, 0, 0.238);\n}\n<\/style>\n  <\/div>\n\n\n\n\t\t<\/div>\n\t\t\t\t\t<\/div>\n\n\t\n\n\t<div id=\"col-230163517\" class=\"col medium-4 small-12 large-4\"  >\n\t\t\t\t<div class=\"col-inner\"  >\n\t\t\t\n\t\t\t\n\n\n  <div class=\"banner has-hover\" id=\"banner-1926314274\">\n          <div class=\"banner-inner fill\">\n        <div class=\"banner-bg fill\" >\n            <img loading=\"lazy\" decoding=\"async\" width=\"1020\" height=\"672\" src=\"https:\/\/tektro.eu\/wp-content\/uploads\/AGD_0504_webAusschnitt-1.jpg\" class=\"bg attachment-large size-large\" alt=\"TRP Hylex\" \/>                        <div class=\"overlay\"><\/div>            \n                    <\/div>\n\t\t\n        <div class=\"banner-layers container\">\n            <a class=\"fill\" href=\"https:\/\/tektro.eu\/trp\/featured_item\/hylex\/\"><div class=\"fill banner-link\"><\/div><\/a>            \n\n   <div id=\"text-box-246456246\" class=\"text-box banner-layer x50 md-x50 lg-x50 y95 md-y95 lg-y95 res-text\">\n                                <div class=\"text-box-content text dark\">\n              \n              <div class=\"text-inner text-center\">\n                  \n\n<h3 class=\"uppercase\"><span style=\"color: #ffcc00;\" data-line-height=\"xs\"><strong>ROAD \/ GRAVEL<\/strong><\/span><\/h3>\n<h2 class=\"uppercase\"><span style=\"font-size: 110%;\" data-line-height=\"xs\"><strong>HYLEX<br \/><\/strong><\/span><\/h2>\n\n              <\/div>\n           <\/div>\n                            \n<style>\n#text-box-246456246 {\n  width: 80%;\n}\n#text-box-246456246 .text-box-content {\n  font-size: 100%;\n}\n<\/style>\n    <\/div>\n \n\n        <\/div>\n      <\/div>\n\n            \n<style>\n#banner-1926314274 {\n  padding-top: 332px;\n  background-color: rgb(255, 255, 255);\n}\n#banner-1926314274 .overlay {\n  background-color: rgba(0, 0, 0, 0.547);\n}\n#banner-1926314274 .banner-bg img {\n  object-position: 13% 32%;\n}\n<\/style>\n  <\/div>\n\n\n\n\t\t<\/div>\n\t\t\t\t\t<\/div>\n\n\t\n\n<\/div>\n\t<div id=\"gap-1672561569\" class=\"gap-element clearfix\" style=\"display:block; height:auto;\">\n\t\t\n<style>\n#gap-1672561569 {\n  padding-top: 30px;\n}\n<\/style>\n\t<\/div>\n\t\n\n\t<div id=\"gap-260120277\" class=\"gap-element clearfix\" style=\"display:block; height:auto;\">\n\t\t\n<style>\n#gap-260120277 {\n  padding-top: 30px;\n}\n<\/style>\n\t<\/div>\n\t\n\n\n","protected":false},"excerpt":{"rendered":"","protected":false},"author":1,"featured_media":0,"parent":11021,"menu_order":0,"comment_status":"closed","ping_status":"closed","template":"page-blank.php","meta":{"_monsterinsights_skip_tracking":false,"_monsterinsights_sitenote_active":false,"_monsterinsights_sitenote_note":"","_monsterinsights_sitenote_category":0,"footnotes":""},"class_list":["post-11039","page","type-page","status-publish","hentry"],"_links":{"self":[{"href":"https:\/\/tektro.eu\/it\/wp-json\/wp\/v2\/pages\/11039","targetHints":{"allow":["GET"]}}],"collection":[{"href":"https:\/\/tektro.eu\/it\/wp-json\/wp\/v2\/pages"}],"about":[{"href":"https:\/\/tektro.eu\/it\/wp-json\/wp\/v2\/types\/page"}],"author":[{"embeddable":true,"href":"https:\/\/tektro.eu\/it\/wp-json\/wp\/v2\/users\/1"}],"replies":[{"embeddable":true,"href":"https:\/\/tektro.eu\/it\/wp-json\/wp\/v2\/comments?post=11039"}],"version-history":[{"count":0,"href":"https:\/\/tektro.eu\/it\/wp-json\/wp\/v2\/pages\/11039\/revisions"}],"up":[{"embeddable":true,"href":"https:\/\/tektro.eu\/it\/wp-json\/wp\/v2\/pages\/11021"}],"wp:attachment":[{"href":"https:\/\/tektro.eu\/it\/wp-json\/wp\/v2\/media?parent=11039"}],"curies":[{"name":"wp","href":"https:\/\/api.w.org\/{rel}","templated":true}]}}