{"id":9836,"date":"2024-01-10T10:48:44","date_gmt":"2024-01-10T10:48:44","guid":{"rendered":"https:\/\/tektro.eu\/societe\/carriere\/"},"modified":"2026-04-14T13:33:09","modified_gmt":"2026-04-14T13:33:09","slug":"carriere","status":"publish","type":"page","link":"https:\/\/tektro.eu\/fr\/societe\/carriere\/","title":{"rendered":"Carri\u00e8re"},"content":{"rendered":"\n\n\t<section class=\"section dark\" id=\"section_820494506\">\n\t\t<div class=\"section-bg fill\" >\n\t\t\t\t\t\t\t\t\t\n\t\t\t\n\n\t\t<\/div>\n\n\t\t\n\n\t\t<div class=\"section-content relative\">\n\t\t\t\n\n\t<div id=\"gap-1914121225\" class=\"gap-element clearfix\" style=\"display:block; height:auto;\">\n\t\t\n<style>\n#gap-1914121225 {\n  padding-top: 30px;\n}\n<\/style>\n\t<\/div>\n\t\n\n<div class=\"row\"  id=\"row-1800916597\">\n\n\n\t<div id=\"col-142344421\" class=\"col medium-4 small-12 large-4\"  >\n\t\t\t\t<div class=\"col-inner\"  >\n\t\t\t\n\t\t\t\n\n\t<div id=\"text-3782860357\" class=\"text\">\n\t\t\n\n<h2 class=\"uppercase\">Carri\u00e8re<\/h2>\n\t\t\n<style>\n#text-3782860357 {\n  font-size: 1.5rem;\n}\n<\/style>\n\t<\/div>\n\t\n<a href=\"mailto:recruiting@tektro.eu\" target=\"_blank\" class=\"button white is-link\" rel=\"noopener\" >\n\t\t<span>Candidature \u00e0 envoyer \u00e0<\/span>\n\t<i class=\"icon-angle-right\" aria-hidden=\"true\"><\/i><\/a>\n\n\n\n\t\t<\/div>\n\t\t\t\t\t<\/div>\n\n\t\n\n\t<div id=\"col-951630097\" class=\"col medium-8 small-12 large-8\"  >\n\t\t\t\t<div class=\"col-inner\"  >\n\t\t\t\n\t\t\t\n\n\t<div id=\"gap-1010828915\" class=\"gap-element clearfix\" style=\"display:block; height:auto;\">\n\t\t\n<style>\n#gap-1010828915 {\n  padding-top: 5px;\n}\n<\/style>\n\t<\/div>\n\t\n\n<p><span style=\"font-weight: 400; font-size: 95%;\"><span dir=\"ltr\" role=\"presentation\">Nous, TEKTRO Europe GmbH, sommes une filiale de la soci\u00e9t\u00e9 ta\u00efwanaise TEKTRO Technology Corporation, <\/span><span dir=\"ltr\" role=\"presentation\">cr\u00e9\u00e9e en 2019. Nous sommes un des principaux fabricants<\/span><span dir=\"ltr\" role=\"presentation\">mondiaux de syst\u00e8mes de freinage hydraulique pour v\u00e9los. De plus, de nombreuses \u00e9quipes et athl\u00e8tes font confiance \u00e0 nos produits haut de gamme TRP et contribuent de mani\u00e8re d\u00e9cisive au succ\u00e8s de TEKTRO \/ TRP. <\/span><\/span><\/p>\n<p>Nous partageons la passion du v\u00e9lo avec nous ? Nous s<\/span><span dir=\"ltr\" role=\"presentation\">ommes en pleine croissance et voulons faire bouger les choses. Pour cette raison nous cherchons des personnes engag\u00e9es qui ont envie de s\u2019investir <\/span><\/span><span dir=\"ltr\" style=\"font-size: 95%;\" role=\"presentation\">et de r\u00e9ussir ensemble. Si tu es un amateur de v\u00e9lo <\/span><span dir=\"ltr\" style=\"font-size: 95%;\" role=\"presentation\">qui as le contact facile et si tu souhaites faire avancer notre \u00e9quipe avec passion et cr\u00e9ativit\u00e9, <\/span><span dir=\"ltr\" style=\"font-size: 95%;\" role=\"presentation\">n\u2019h\u00e9site pas \u00e0 nous envoyer une candidature convaincante. Ce qui est tr\u00e8s important pour nous, c\u2019est que tu sois un joueur d\u2019\u00e9quipe, qui pr\u00e9f\u00e8re rouler en \u00e9quipe plut\u00f4t que seul contre le vent.<\/span><br><\/span><\/p>\n\n\t\t<\/div>\n\t\t\t\t\t<\/div>\n\n\t\n\n<\/div>\n\t<div id=\"gap-1188150201\" class=\"gap-element clearfix\" style=\"display:block; height:auto;\">\n\t\t\n<style>\n#gap-1188150201 {\n  padding-top: 110px;\n}\n@media (min-width:550px) {\n  #gap-1188150201 {\n    padding-top: 120px;\n  }\n}\n@media (min-width:850px) {\n  #gap-1188150201 {\n    padding-top: 100px;\n  }\n}\n<\/style>\n\t<\/div>\n\t\n\n\n\t\t<\/div>\n\n\t\t\n<style>\n#section_820494506 {\n  padding-top: 60px;\n  padding-bottom: 60px;\n  background-color: rgb(107, 107, 107);\n}\n@media (min-width:850px) {\n  #section_820494506 {\n    padding-top: 100px;\n    padding-bottom: 100px;\n  }\n}\n<\/style>\n\t<\/section>\n\t\n\n\t<section class=\"section\" id=\"section_205685449\">\n\t\t<div class=\"section-bg fill\" >\n\t\t\t\t\t\t\t\t\t\n\t\t\t\n\n\t\t<\/div>\n\n\t\t\n\n\t\t<div class=\"section-content relative\">\n\t\t\t\n\n<div class=\"row\"  id=\"row-1475862089\">\n\n\n\t<div id=\"col-1325904021\" class=\"col small-12 large-12\"  >\n\t\t\t\t<div class=\"col-inner\"  >\n\t\t\t\n\t\t\t\n\n<div class=\"row align-equal\"  id=\"row-15123449\">\n\n\n\n\n\n\n\n\n<style>\n#row-15123449 > .col > .col-inner {\n  padding: 40px 40px 50px 40px;\n  background-color: rgb(255,255,255);\n  border-radius: 15px;\n}\n@media (min-width:550px) {\n  #row-15123449 > .col > .col-inner {\n    padding: 20px 20px 40px 20px;\n  }\n}\n@media (min-width:850px) {\n  #row-15123449 > .col > .col-inner {\n    padding: 40px 40px 40px 40px;\n  }\n}\n<\/style>\n<\/div>\n\n\t\t<\/div>\n\t\t\t\t\n<style>\n#col-1325904021 > .col-inner {\n  margin: -190px 0px 0px 0px;\n}\n<\/style>\n\t<\/div>\n\n\t\n\n<\/div>\n\n\t\t<\/div>\n\n\t\t\n<style>\n#section_205685449 {\n  padding-top: 40px;\n  padding-bottom: 40px;\n  background-color: rgb(255, 242, 0);\n}\n@media (min-width:850px) {\n  #section_205685449 {\n    padding-top: 60px;\n    padding-bottom: 60px;\n  }\n}\n<\/style>\n\t<\/section>\n\t\n\n","protected":false},"excerpt":{"rendered":"","protected":false},"author":1,"featured_media":0,"parent":6327,"menu_order":0,"comment_status":"closed","ping_status":"closed","template":"page-blank.php","meta":{"_monsterinsights_skip_tracking":false,"_monsterinsights_sitenote_active":false,"_monsterinsights_sitenote_note":"","_monsterinsights_sitenote_category":0,"footnotes":""},"class_list":["post-9836","page","type-page","status-publish","hentry"],"_links":{"self":[{"href":"https:\/\/tektro.eu\/fr\/wp-json\/wp\/v2\/pages\/9836","targetHints":{"allow":["GET"]}}],"collection":[{"href":"https:\/\/tektro.eu\/fr\/wp-json\/wp\/v2\/pages"}],"about":[{"href":"https:\/\/tektro.eu\/fr\/wp-json\/wp\/v2\/types\/page"}],"author":[{"embeddable":true,"href":"https:\/\/tektro.eu\/fr\/wp-json\/wp\/v2\/users\/1"}],"replies":[{"embeddable":true,"href":"https:\/\/tektro.eu\/fr\/wp-json\/wp\/v2\/comments?post=9836"}],"version-history":[{"count":4,"href":"https:\/\/tektro.eu\/fr\/wp-json\/wp\/v2\/pages\/9836\/revisions"}],"predecessor-version":[{"id":12529,"href":"https:\/\/tektro.eu\/fr\/wp-json\/wp\/v2\/pages\/9836\/revisions\/12529"}],"up":[{"embeddable":true,"href":"https:\/\/tektro.eu\/fr\/wp-json\/wp\/v2\/pages\/6327"}],"wp:attachment":[{"href":"https:\/\/tektro.eu\/fr\/wp-json\/wp\/v2\/media?parent=9836"}],"curies":[{"name":"wp","href":"https:\/\/api.w.org\/{rel}","templated":true}]}}