{"id":8387,"date":"2023-02-07T08:47:45","date_gmt":"2023-02-07T08:47:45","guid":{"rendered":"https:\/\/tektro.eu\/mentions-legales\/"},"modified":"2023-02-07T09:02:18","modified_gmt":"2023-02-07T09:02:18","slug":"mentions-legales","status":"publish","type":"page","link":"https:\/\/tektro.eu\/fr\/mentions-legales\/","title":{"rendered":"Mentions l\u00e9gales"},"content":{"rendered":"\n\t<div id=\"gap-2110190253\" class=\"gap-element clearfix\" style=\"display:block; height:auto;\">\n\t\t\n<style>\n#gap-2110190253 {\n  padding-top: 30px;\n}\n<\/style>\n\t<\/div>\n\t\n\n<div class=\"row row-small row-divided\"  id=\"row-1110829553\">\n\n\n\t<div id=\"col-1717484195\" class=\"col medium-4 small-12 large-4\"  >\n\t\t\t\t<div class=\"col-inner\"  >\n\t\t\t\n\t\t\t\n\n<h2>Mentions l\u00e9gales<\/h2>\n<p><span style=\"font-size: 90%;\">TEKTRO Europe GmbH<\/span><br><span style=\"font-size: 90%;\">August-Bebel-Stra\u00dfe 10<\/span><br><span style=\"font-size: 90%;\">67454 Ha\u00dfloch<\/span><br><span style=\"font-size: 90%;\">Allemagne<\/span><\/p>\n<p><span style=\"font-size: 90%;\">info @ tektro.eu<\/span> <br><span style=\"font-size: 90%;\">Amtsgericht Ludwigshafen am Rhein HRB 66548<\/span><br><span style=\"font-size: 90%;\">Ust.-IdNr: DE 326593632<\/span><\/p>\n<p><span style=\"font-size: 90%;\">Responsable du contenu de cette page :<\/span><br><span style=\"font-size: 90%;\">Thomas Lattke, directeur g\u00e9n\u00e9ral<br>Photos \u00a9 Dirk Belling<\/span><\/p>\n<p>&nbsp;<\/p>\n\n\t\t<\/div>\n\t\t\t\t\t<\/div>\n\n\t\n\n\t<div id=\"col-1078365171\" class=\"col medium-8 small-12 large-8\"  >\n\t\t\t\t<div class=\"col-inner\"  >\n\t\t\t\n\t\t\t\n\n<h2>Responsabilit\u00e9<\/h2>\n<p><span style=\"font-size: 90%;\">Nous attirons express\u00e9ment l&#8217;attention sur le fait que toutes les informations figurant sur ce site Web ne constituent ni une promesse ni une garantie. Toute responsabilit\u00e9 d\u00e9coulant d&#8217;informations incorrectes, incompl\u00e8tes ou obsol\u00e8tes est exclue. Les pages web de TEKTRO contiennent des liens vers les pages web d&#8217;autres fournisseurs, sur lesquels nous n&#8217;avons aucune influence. Par cons\u00e9quent, nous ne pouvons fournir aucune garantie quant \u00e0 l&#8217;exactitude et \u00e0 la qualit\u00e9 des informations qui y sont fournies.<\/span><\/p>\n<h2>Droits d&#8217;auteur<\/h2>\n<p><span style=\"font-size: 90%;\">Le contenu et la structure de ce service en ligne sont prot\u00e9g\u00e9s par le droit d&#8217;auteur. Sauf mention contraire, la reproduction d&#8217;informations ou de donn\u00e9es, notamment l&#8217;utilisation de textes, d&#8217;extraits de textes ou d&#8217;images, n\u00e9cessite l&#8217;accord pr\u00e9alable de TEKTRO.<\/span><\/p>\n<p><span style=\"font-size: 85%;\">&nbsp;<\/span><\/p>\n\n\t\t<\/div>\n\t\t\t\t\t<\/div>\n\n\t\n\n<\/div>\n","protected":false},"excerpt":{"rendered":"","protected":false},"author":1,"featured_media":0,"parent":0,"menu_order":0,"comment_status":"closed","ping_status":"closed","template":"page-blank.php","meta":{"_monsterinsights_skip_tracking":false,"_monsterinsights_sitenote_active":false,"_monsterinsights_sitenote_note":"","_monsterinsights_sitenote_category":0,"footnotes":""},"class_list":["post-8387","page","type-page","status-publish","hentry"],"_links":{"self":[{"href":"https:\/\/tektro.eu\/fr\/wp-json\/wp\/v2\/pages\/8387","targetHints":{"allow":["GET"]}}],"collection":[{"href":"https:\/\/tektro.eu\/fr\/wp-json\/wp\/v2\/pages"}],"about":[{"href":"https:\/\/tektro.eu\/fr\/wp-json\/wp\/v2\/types\/page"}],"author":[{"embeddable":true,"href":"https:\/\/tektro.eu\/fr\/wp-json\/wp\/v2\/users\/1"}],"replies":[{"embeddable":true,"href":"https:\/\/tektro.eu\/fr\/wp-json\/wp\/v2\/comments?post=8387"}],"version-history":[{"count":0,"href":"https:\/\/tektro.eu\/fr\/wp-json\/wp\/v2\/pages\/8387\/revisions"}],"wp:attachment":[{"href":"https:\/\/tektro.eu\/fr\/wp-json\/wp\/v2\/media?parent=8387"}],"curies":[{"name":"wp","href":"https:\/\/api.w.org\/{rel}","templated":true}]}}