{"id":7073,"date":"2022-07-12T11:53:45","date_gmt":"2022-07-12T11:53:45","guid":{"rendered":"https:\/\/tektro.eu\/tektro-2\/e-drive-9\/"},"modified":"2022-07-12T11:53:46","modified_gmt":"2022-07-12T11:53:46","slug":"e-drive-9","status":"publish","type":"page","link":"https:\/\/tektro.eu\/fr\/tektro-2\/e-drive-9\/","title":{"rendered":"E-DRIVE 9"},"content":{"rendered":"\n\t<div id=\"gap-1740012989\" class=\"gap-element clearfix\" style=\"display:block; height:auto;\">\n\t\t\n<style>\n#gap-1740012989 {\n  padding-top: 35px;\n}\n<\/style>\n\t<\/div>\n\t\n\n<div class=\"row\"  id=\"row-1572391426\">\n\n\n\t<div id=\"col-1007365904\" class=\"col medium-4 small-12 large-4\"  >\n\t\t\t\t<div class=\"col-inner\"  >\n\t\t\t\n\t\t\t\n\n<p class=\"uppercase\"><span style=\"font-size: 80%;\"><strong><span style=\"color: #ff9900;\">SUV<br><\/span><\/strong><\/span><\/p>\n\t<div class=\"img has-hover x md-x lg-x y md-y lg-y\" id=\"image_511720056\">\n\t\t\t\t\t\t\t\t<div class=\"img-inner dark\" style=\"margin:0px 0px -15px 0px;\">\n\t\t\t<img loading=\"lazy\" decoding=\"async\" width=\"734\" height=\"105\" src=\"https:\/\/tektro.eu\/wp-content\/uploads\/Tektro_pos_1c.png\" class=\"attachment-large size-large\" alt=\"\" srcset=\"https:\/\/tektro.eu\/wp-content\/uploads\/Tektro_pos_1c.png 734w, https:\/\/tektro.eu\/wp-content\/uploads\/Tektro_pos_1c-510x73.png 510w\" sizes=\"auto, (max-width: 734px) 100vw, 734px\" \/>\t\t\t\t\t\t\n\t\t\t\t\t<\/div>\n\t\t\t\t\t\t\t\t\n<style>\n#image_511720056 {\n  width: 44%;\n}\n<\/style>\n\t<\/div>\n\t\n\n<h1>E-DRIVE 9<\/h1>\n<hr>\n<p><span style=\"font-size: 90%;\">Syst\u00e8me de d\u00e9railleur E-DRIVE 9 vitesses sp\u00e9cialement d\u00e9velopp\u00e9<br><\/span><span style=\"font-size: 90%;\">Le clou : la cassette 9 vitesses <\/span><span style=\"font-size: 90%;\">permet de changer les trois plus petits pignons &#8211; 11-13-16 &#8211; &nbsp;<\/span><span style=\"font-size: 90%;\">et le d\u00e9railleur dispose d&#8217;un embrayage pour <\/span><span style=\"font-size: 90%;\">une tension de cha\u00eene plus forte.<\/span><\/p>\n<hr>\n<h4 class=\"vc_custom_heading product-features-title uppercase\"><strong>D\u00c9RAILLEUR<\/strong><\/h4>\n<div class=\"wpb_wrapper\">\n<div class=\"wpb_text_column wpb_content_elementproduct-features-content\">\n<div class=\"wpb_wrapper\">\n<p><span style=\"font-size: 85%;\" data-line-height=\"xs\">Mod\u00e8le : RD-M350 et RD-T350<br><\/span><span style=\"font-size: 85%;\">Vitesses : 9<br><\/span><span style=\"font-size: 85%;\">Max. Dents : 46<br><\/span><span style=\"font-size: 85%;\">Embrayage : RD-M350 (avec embrayage) \/&nbsp;RD- T350 (sans embrayage)<br><\/span><span style=\"font-size: 85%;\">Poids : RD-M350 (361 g) \/ RD-T350 (344 g)<br><\/span><span style=\"font-size: 85%;\">Galets de commande : 12 Z en haut et en bas<br><\/span><span style=\"font-size: 85%;\" data-line-height=\"xs\">Mat\u00e9riau de la cage de commande : acier<\/span><\/p>\n<\/div>\n<\/div>\n<\/div>\n<div class=\"wpb_wrapper\">\n<div class=\"wpb_text_column wpb_content_elementproduct-features-content\">\n<div class=\"wpb_wrapper\"><hr>\n<h4 class=\"vc_custom_heading product-features-title uppercase\"><strong>LEVIER DE VITESSE<\/strong><\/h4>\n<p><span style=\"font-size: 85%;\" data-line-height=\"xs\">Mod\u00e8le : SL-M350-9R<br><\/span><span style=\"font-size: 85%;\">Vitesses : 9<br><\/span><span style=\"font-size: 85%;\">Changement de vitesse : Max. 3<br><\/span><span style=\"font-size: 85%;\">Poids : 105 g<br><\/span><span style=\"font-size: 85%;\">Mat\u00e9riau du levier de vitesse : aluminium et plastique<\/span><\/p>\n<hr>\n<h4 class=\"vc_custom_heading product-features-title uppercase\"><strong>CASSETTE<\/strong><\/h4>\n<div class=\"wpb_wrapper\">\n<div class=\"wpb_text_column wpb_content_elementproduct-features-content\">\n<div class=\"wpb_wrapper\">\n<p><span style=\"font-size: 85%;\">Mod\u00e8le : CS-M350-9<br><\/span><span style=\"font-size: 85%;\">Nombre de vitesses : 9<br><\/span><span style=\"font-size: 85%;\">Gamme : 11-46 Z<br><\/span><span style=\"font-size: 85%;\">Mat\u00e9riau du pignon : acier<br><\/span><span style=\"font-size: 85%;\">Mat\u00e9riau du lockring : Acierl<br><\/span><span style=\"font-size: 85%;\">Poids : 545 g<br><\/span><span style=\"font-size: 85%;\">11-13-16-20-24-28-34-40-46<\/span><\/p>\n<\/div>\n<\/div>\n<\/div>\n<\/div>\n<\/div>\n<\/div>\n\n\t\t<\/div>\n\t\t\t\t\t<\/div>\n\n\t\n\n\t<div id=\"col-533731725\" class=\"col medium-8 small-12 large-8\"  >\n\t\t\t\t<div class=\"col-inner\"  >\n\t\t\t\n\t\t\t\n\n\n  <div class=\"banner has-hover\" id=\"banner-1724650586\">\n          <div class=\"banner-inner fill\">\n        <div class=\"banner-bg fill\" >\n            <img loading=\"lazy\" decoding=\"async\" width=\"1020\" height=\"680\" src=\"https:\/\/tektro.eu\/wp-content\/uploads\/TED9-03-1200x800.jpg\" class=\"bg attachment-large size-large\" alt=\"\" \/>                                    \n                    <\/div>\n\t\t\n        <div class=\"banner-layers container\">\n            <div class=\"fill banner-link\"><\/div>            \n\n\t<div class=\"img has-hover x5 md-x5 lg-x5 y5 md-y5 lg-y5\" id=\"image_2101847735\">\n\t\t\t\t\t\t\t\t<div class=\"img-inner dark\" >\n\t\t\t<img loading=\"lazy\" decoding=\"async\" width=\"949\" height=\"800\" src=\"https:\/\/tektro.eu\/wp-content\/uploads\/EBS-weiss-949x800.png\" class=\"attachment-large size-large\" alt=\"\" srcset=\"https:\/\/tektro.eu\/wp-content\/uploads\/EBS-weiss-949x800.png 949w, https:\/\/tektro.eu\/wp-content\/uploads\/EBS-weiss-474x400.png 474w, https:\/\/tektro.eu\/wp-content\/uploads\/EBS-weiss-768x647.png 768w, https:\/\/tektro.eu\/wp-content\/uploads\/EBS-weiss-510x430.png 510w, https:\/\/tektro.eu\/wp-content\/uploads\/EBS-weiss.png 1000w\" sizes=\"auto, (max-width: 949px) 100vw, 949px\" \/>\t\t\t\t\t\t\n\t\t\t\t\t<\/div>\n\t\t\t\t\t\t\t\t\n<style>\n#image_2101847735 {\n  width: 46%;\n}\n@media (min-width:550px) {\n  #image_2101847735 {\n    width: 24%;\n  }\n}\n<\/style>\n\t<\/div>\n\t\n\n\n        <\/div>\n      <\/div>\n\n            \n<style>\n#banner-1724650586 {\n  padding-top: 289px;\n  background-color: rgb(255,255,255);\n}\n#banner-1724650586 .banner-bg img {\n  object-position: 13% 56%;\n}\n@media (min-width:550px) {\n  #banner-1724650586 {\n    padding-top: 416px;\n  }\n}\n<\/style>\n  <\/div>\n\n\n\t<div id=\"gap-527129383\" class=\"gap-element clearfix\" style=\"display:block; height:auto;\">\n\t\t\n<style>\n#gap-527129383 {\n  padding-top: 30px;\n}\n<\/style>\n\t<\/div>\n\t\n\n\n  \n    <div class=\"row large-columns-3 medium-columns- small-columns-2 row-small slider row-slider slider-nav-reveal slider-nav-push\"  data-flickity-options='{&quot;imagesLoaded&quot;: true, &quot;groupCells&quot;: &quot;100%&quot;, &quot;dragThreshold&quot; : 5, &quot;cellAlign&quot;: &quot;left&quot;,&quot;wrapAround&quot;: true,&quot;prevNextButtons&quot;: true,&quot;percentPosition&quot;: true,&quot;pageDots&quot;: true, &quot;rightToLeft&quot;: false, &quot;autoPlay&quot; : 5000}' >\n\n  <div class=\"gallery-col col\" >\n          <div class=\"col-inner\">\n            <a class=\"image-lightbox lightbox-gallery\" href=\"https:\/\/tektro.eu\/wp-content\/uploads\/TED9-Derail-1067x800.jpg\" title=\"\">            <div class=\"box has-hover gallery-box box-normal\">\n              <div class=\"box-image image-cover\" style=\"padding-top:154px;\">\n                <img loading=\"lazy\" decoding=\"async\" width=\"533\" height=\"400\" src=\"https:\/\/tektro.eu\/wp-content\/uploads\/TED9-Derail-533x400.jpg\" class=\"attachment-medium size-medium\" alt=\"\" ids=\"6456,6458,6464,6467,6466\" style=\"normal\" lightbox_image_size=\"large\" type=\"slider\" col_spacing=\"small\" columns=\"3\" slider_bullets=\"true\" auto_slide=\"5000\" image_height=\"154px\" text_size=\"small\" srcset=\"https:\/\/tektro.eu\/wp-content\/uploads\/TED9-Derail-533x400.jpg 533w, https:\/\/tektro.eu\/wp-content\/uploads\/TED9-Derail-1067x800.jpg 1067w, https:\/\/tektro.eu\/wp-content\/uploads\/TED9-Derail-768x576.jpg 768w, https:\/\/tektro.eu\/wp-content\/uploads\/TED9-Derail-510x383.jpg 510w, https:\/\/tektro.eu\/wp-content\/uploads\/TED9-Derail.jpg 1500w\" sizes=\"auto, (max-width: 533px) 100vw, 533px\" \/>                                                              <\/div>\n              <div class=\"box-text text-left is-small\" >\n                 <p><\/p>\n              <\/div>\n            <\/div>\n            <\/a>          <\/div>\n         <\/div><div class=\"gallery-col col\" >\n          <div class=\"col-inner\">\n            <a class=\"image-lightbox lightbox-gallery\" href=\"https:\/\/tektro.eu\/wp-content\/uploads\/TED9-Schifter-884x800.jpg\" title=\"\">            <div class=\"box has-hover gallery-box box-normal\">\n              <div class=\"box-image image-cover\" style=\"padding-top:154px;\">\n                <img loading=\"lazy\" decoding=\"async\" width=\"442\" height=\"400\" src=\"https:\/\/tektro.eu\/wp-content\/uploads\/TED9-Schifter-442x400.jpg\" class=\"attachment-medium size-medium\" alt=\"\" ids=\"6456,6458,6464,6467,6466\" style=\"normal\" lightbox_image_size=\"large\" type=\"slider\" col_spacing=\"small\" columns=\"3\" slider_bullets=\"true\" auto_slide=\"5000\" image_height=\"154px\" text_size=\"small\" srcset=\"https:\/\/tektro.eu\/wp-content\/uploads\/TED9-Schifter-442x400.jpg 442w, https:\/\/tektro.eu\/wp-content\/uploads\/TED9-Schifter-884x800.jpg 884w, https:\/\/tektro.eu\/wp-content\/uploads\/TED9-Schifter-768x695.jpg 768w, https:\/\/tektro.eu\/wp-content\/uploads\/TED9-Schifter-510x461.jpg 510w, https:\/\/tektro.eu\/wp-content\/uploads\/TED9-Schifter.jpg 1048w\" sizes=\"auto, (max-width: 442px) 100vw, 442px\" \/>                                                              <\/div>\n              <div class=\"box-text text-left is-small\" >\n                 <p><\/p>\n              <\/div>\n            <\/div>\n            <\/a>          <\/div>\n         <\/div><div class=\"gallery-col col\" >\n          <div class=\"col-inner\">\n            <a class=\"image-lightbox lightbox-gallery\" href=\"https:\/\/tektro.eu\/wp-content\/uploads\/Kassette_02-802x800.jpg\" title=\"\">            <div class=\"box has-hover gallery-box box-normal\">\n              <div class=\"box-image image-cover\" style=\"padding-top:154px;\">\n                <img loading=\"lazy\" decoding=\"async\" width=\"401\" height=\"400\" src=\"https:\/\/tektro.eu\/wp-content\/uploads\/Kassette_02-401x400.jpg\" class=\"attachment-medium size-medium\" alt=\"\" ids=\"6456,6458,6464,6467,6466\" style=\"normal\" lightbox_image_size=\"large\" type=\"slider\" col_spacing=\"small\" columns=\"3\" slider_bullets=\"true\" auto_slide=\"5000\" image_height=\"154px\" text_size=\"small\" srcset=\"https:\/\/tektro.eu\/wp-content\/uploads\/Kassette_02-401x400.jpg 401w, https:\/\/tektro.eu\/wp-content\/uploads\/Kassette_02-802x800.jpg 802w, https:\/\/tektro.eu\/wp-content\/uploads\/Kassette_02-300x300.jpg 300w, https:\/\/tektro.eu\/wp-content\/uploads\/Kassette_02-768x766.jpg 768w, https:\/\/tektro.eu\/wp-content\/uploads\/Kassette_02-510x508.jpg 510w, https:\/\/tektro.eu\/wp-content\/uploads\/Kassette_02-100x100.jpg 100w, https:\/\/tektro.eu\/wp-content\/uploads\/Kassette_02.jpg 1000w\" sizes=\"auto, (max-width: 401px) 100vw, 401px\" \/>                                                              <\/div>\n              <div class=\"box-text text-left is-small\" >\n                 <p><\/p>\n              <\/div>\n            <\/div>\n            <\/a>          <\/div>\n         <\/div><div class=\"gallery-col col\" >\n          <div class=\"col-inner\">\n            <a class=\"image-lightbox lightbox-gallery\" href=\"https:\/\/tektro.eu\/wp-content\/uploads\/TektroED9_9e-1198x800.jpg\" title=\"\">            <div class=\"box has-hover gallery-box box-normal\">\n              <div class=\"box-image image-cover\" style=\"padding-top:154px;\">\n                <img loading=\"lazy\" decoding=\"async\" width=\"599\" height=\"400\" src=\"https:\/\/tektro.eu\/wp-content\/uploads\/TektroED9_9e-599x400.jpg\" class=\"attachment-medium size-medium\" alt=\"\" ids=\"6456,6458,6464,6467,6466\" style=\"normal\" lightbox_image_size=\"large\" type=\"slider\" col_spacing=\"small\" columns=\"3\" slider_bullets=\"true\" auto_slide=\"5000\" image_height=\"154px\" text_size=\"small\" srcset=\"https:\/\/tektro.eu\/wp-content\/uploads\/TektroED9_9e-599x400.jpg 599w, https:\/\/tektro.eu\/wp-content\/uploads\/TektroED9_9e-1198x800.jpg 1198w, https:\/\/tektro.eu\/wp-content\/uploads\/TektroED9_9e-768x513.jpg 768w, https:\/\/tektro.eu\/wp-content\/uploads\/TektroED9_9e-1536x1025.jpg 1536w, https:\/\/tektro.eu\/wp-content\/uploads\/TektroED9_9e-510x340.jpg 510w, https:\/\/tektro.eu\/wp-content\/uploads\/TektroED9_9e.jpg 1772w\" sizes=\"auto, (max-width: 599px) 100vw, 599px\" \/>                                                              <\/div>\n              <div class=\"box-text text-left is-small\" >\n                 <p><\/p>\n              <\/div>\n            <\/div>\n            <\/a>          <\/div>\n         <\/div><div class=\"gallery-col col\" >\n          <div class=\"col-inner\">\n            <a class=\"image-lightbox lightbox-gallery\" href=\"https:\/\/tektro.eu\/wp-content\/uploads\/TektroED9_37e-1198x800.jpg\" title=\"\">            <div class=\"box has-hover gallery-box box-normal\">\n              <div class=\"box-image image-cover\" style=\"padding-top:154px;\">\n                <img loading=\"lazy\" decoding=\"async\" width=\"599\" height=\"400\" src=\"https:\/\/tektro.eu\/wp-content\/uploads\/TektroED9_37e-599x400.jpg\" class=\"attachment-medium size-medium\" alt=\"\" ids=\"6456,6458,6464,6467,6466\" style=\"normal\" lightbox_image_size=\"large\" type=\"slider\" col_spacing=\"small\" columns=\"3\" slider_bullets=\"true\" auto_slide=\"5000\" image_height=\"154px\" text_size=\"small\" srcset=\"https:\/\/tektro.eu\/wp-content\/uploads\/TektroED9_37e-599x400.jpg 599w, https:\/\/tektro.eu\/wp-content\/uploads\/TektroED9_37e-1198x800.jpg 1198w, https:\/\/tektro.eu\/wp-content\/uploads\/TektroED9_37e-768x513.jpg 768w, https:\/\/tektro.eu\/wp-content\/uploads\/TektroED9_37e-1536x1025.jpg 1536w, https:\/\/tektro.eu\/wp-content\/uploads\/TektroED9_37e-510x340.jpg 510w, https:\/\/tektro.eu\/wp-content\/uploads\/TektroED9_37e.jpg 1772w\" sizes=\"auto, (max-width: 599px) 100vw, 599px\" \/>                                                              <\/div>\n              <div class=\"box-text text-left is-small\" >\n                 <p><\/p>\n              <\/div>\n            <\/div>\n            <\/a>          <\/div>\n         <\/div><\/div>\n\n\n\t\t<\/div>\n\t\t\t\t\t<\/div>\n\n\t\n\n\n<style>\n#row-1572391426 > .col > .col-inner {\n  background-color: rgb(255,255,255);\n}\n<\/style>\n<\/div>\n\n","protected":false},"excerpt":{"rendered":"","protected":false},"author":1,"featured_media":0,"parent":6684,"menu_order":-2,"comment_status":"closed","ping_status":"closed","template":"page-blank.php","meta":{"_monsterinsights_skip_tracking":false,"_monsterinsights_sitenote_active":false,"_monsterinsights_sitenote_note":"","_monsterinsights_sitenote_category":0,"footnotes":""},"class_list":["post-7073","page","type-page","status-publish","hentry"],"_links":{"self":[{"href":"https:\/\/tektro.eu\/fr\/wp-json\/wp\/v2\/pages\/7073","targetHints":{"allow":["GET"]}}],"collection":[{"href":"https:\/\/tektro.eu\/fr\/wp-json\/wp\/v2\/pages"}],"about":[{"href":"https:\/\/tektro.eu\/fr\/wp-json\/wp\/v2\/types\/page"}],"author":[{"embeddable":true,"href":"https:\/\/tektro.eu\/fr\/wp-json\/wp\/v2\/users\/1"}],"replies":[{"embeddable":true,"href":"https:\/\/tektro.eu\/fr\/wp-json\/wp\/v2\/comments?post=7073"}],"version-history":[{"count":0,"href":"https:\/\/tektro.eu\/fr\/wp-json\/wp\/v2\/pages\/7073\/revisions"}],"up":[{"embeddable":true,"href":"https:\/\/tektro.eu\/fr\/wp-json\/wp\/v2\/pages\/6684"}],"wp:attachment":[{"href":"https:\/\/tektro.eu\/fr\/wp-json\/wp\/v2\/media?parent=7073"}],"curies":[{"name":"wp","href":"https:\/\/api.w.org\/{rel}","templated":true}]}}