{"id":7069,"date":"2022-07-12T11:44:27","date_gmt":"2022-07-12T11:44:27","guid":{"rendered":"https:\/\/tektro.eu\/trp-2\/trp-e-bike\/"},"modified":"2024-04-23T10:16:38","modified_gmt":"2024-04-23T10:16:38","slug":"trp-e-bike","status":"publish","type":"page","link":"https:\/\/tektro.eu\/fr\/trp-2\/trp-e-bike\/","title":{"rendered":"TRP E Bike"},"content":{"rendered":"\n<div class=\"slider-wrapper relative\" id=\"slider-442554000\" >\n    <div class=\"slider slider-nav-circle slider-nav-large slider-nav-light slider-style-normal\"\n        data-flickity-options='{\n            \"cellAlign\": \"center\",\n            \"imagesLoaded\": true,\n            \"lazyLoad\": 1,\n            \"freeScroll\": false,\n            \"wrapAround\": true,\n            \"autoPlay\": 6000,\n            \"pauseAutoPlayOnHover\" : true,\n            \"prevNextButtons\": true,\n            \"contain\" : true,\n            \"adaptiveHeight\" : true,\n            \"dragThreshold\" : 10,\n            \"percentPosition\": true,\n            \"pageDots\": false,\n            \"rightToLeft\": false,\n            \"draggable\": true,\n            \"selectedAttraction\": 0.1,\n            \"parallax\" : 0,\n            \"friction\": 0.6        }'\n        >\n        \n\n\n  <div class=\"banner has-hover\" id=\"banner-1192186599\">\n          <div class=\"banner-inner fill\">\n        <div class=\"banner-bg fill\" >\n            <img loading=\"lazy\" decoding=\"async\" width=\"2560\" height=\"1330\" src=\"https:\/\/tektro.eu\/wp-content\/uploads\/TRP_ST5_25e-scaled.jpg\" class=\"bg attachment-original size-original\" alt=\"\" \/>                        <div class=\"overlay\"><\/div>            \n                    <\/div>\n\t\t\n        <div class=\"banner-layers container\">\n            <div class=\"fill banner-link\"><\/div>            \n\n   <div id=\"text-box-1760410914\" class=\"text-box banner-layer x5 md-x10 lg-x0 y15 md-y10 lg-y15 res-text\">\n                                <div class=\"text-box-content text dark text-shadow-1\">\n              \n              <div class=\"text-inner text-left\">\n                  \n\n<h2 class=\"uppercase\">\n            <span style=\"font-size: 120%;\">Solutions personnalis\u00e9es<\/span>\n          <\/h2>\n          \n\n          <p>Les id\u00e9es de nos clients pour de nouveaux syst\u00e8mes de freinage de v\u00e9los \u00e9lectriques sont fortement motiv\u00e9es par l&#8217;int\u00e9gration &#8211; programme TRP Custom Solutions &#8211; des solutions personnalis\u00e9es pour faire avancer la mobilit\u00e9 du futur.<\/p>\n\n              <\/div>\n           <\/div>\n                            \n<style>\n#text-box-1760410914 .text-box-content {\n  background-color: rgba(255, 255, 255, 0);\n  font-size: 100%;\n}\n#text-box-1760410914 .text-inner {\n  padding: 0px 0px 0px 0px;\n}\n#text-box-1760410914 {\n  width: 59%;\n}\n@media (min-width:550px) {\n  #text-box-1760410914 {\n    width: 53%;\n  }\n}\n<\/style>\n    <\/div>\n \n\n        <\/div>\n      <\/div>\n\n            \n<style>\n#banner-1192186599 {\n  padding-top: 350px;\n  background-color: rgb(255,255,255);\n}\n#banner-1192186599 .overlay {\n  background-color: rgba(136, 136, 136, 0.105);\n}\n#banner-1192186599 .banner-bg img {\n  object-position: 60% 72%;\n}\n@media (min-width:550px) {\n  #banner-1192186599 {\n    padding-top: 550px;\n  }\n}\n<\/style>\n  <\/div>\n\n\n\n  <div class=\"banner has-hover\" id=\"banner-1997016963\">\n          <div class=\"banner-inner fill\">\n        <div class=\"banner-bg fill\" >\n            <img loading=\"lazy\" decoding=\"async\" width=\"1620\" height=\"1080\" src=\"https:\/\/tektro.eu\/wp-content\/uploads\/Canyon-sandra4.jpeg\" class=\"bg attachment-original size-original\" alt=\"\" \/>                        <div class=\"overlay\"><\/div>            \n                    <\/div>\n\t\t\n        <div class=\"banner-layers container\">\n            <div class=\"fill banner-link\"><\/div>            \n\n   <div id=\"text-box-254595139\" class=\"text-box banner-layer x5 md-x0 lg-x0 y10 md-y15 lg-y15 res-text\">\n                                <div class=\"text-box-content text dark text-shadow-1\">\n              \n              <div class=\"text-inner text-left\">\n                  \n\n<h2 class=\"uppercase\">\n            <span style=\"font-size: 120%;\">Solutions personnalis\u00e9es<\/span>\n          <\/h2>\n          \n\n          <p>Les id\u00e9es de nos clients pour de nouveaux syst\u00e8mes de freinage de v\u00e9los \u00e9lectriques sont fortement motiv\u00e9es par l&#8217;int\u00e9gration &#8211; programme TRP Custom Solutions &#8211; des solutions personnalis\u00e9es pour faire avancer la mobilit\u00e9 du futur.<\/p>\n\n              <\/div>\n           <\/div>\n                            \n<style>\n#text-box-254595139 .text-box-content {\n  background-color: rgba(255, 255, 255, 0);\n  font-size: 100%;\n}\n#text-box-254595139 .text-inner {\n  padding: 0px 0px 0px 0px;\n}\n#text-box-254595139 {\n  width: 58%;\n}\n@media (min-width:550px) {\n  #text-box-254595139 {\n    width: 39%;\n  }\n}\n<\/style>\n    <\/div>\n \n\n        <\/div>\n      <\/div>\n\n            \n<style>\n#banner-1997016963 {\n  padding-top: 350px;\n  background-color: rgb(255,255,255);\n}\n#banner-1997016963 .overlay {\n  background-color: rgba(136, 136, 136, 0.105);\n}\n#banner-1997016963 .banner-bg img {\n  object-position: 6% 76%;\n}\n@media (min-width:550px) {\n  #banner-1997016963 {\n    padding-top: 550px;\n  }\n}\n<\/style>\n  <\/div>\n\n\n\n     <\/div>\n\n     <div class=\"loading-spin dark large centered\"><\/div>\n\n\t<\/div>\n\n\n\t<div id=\"gap-454941470\" class=\"gap-element clearfix\" style=\"display:block; height:auto;\">\n\t\t\n<style>\n#gap-454941470 {\n  padding-top: 30px;\n}\n<\/style>\n\t<\/div>\n\t\n\n<div class=\"container section-title-container\" style=\"margin-bottom:10px;\"><h2 class=\"section-title section-title-center\"><b aria-hidden=\"true\"><\/b><span class=\"section-title-main\" >Freins<\/span><b aria-hidden=\"true\"><\/b><\/h2><\/div>\n\n<div class=\"row row-full-width align-middle\"  id=\"row-1639668992\">\n\n\n\t<div id=\"col-1986065656\" class=\"col medium-4 small-12 large-4\"  >\n\t\t\t\t<div class=\"col-inner\"  >\n\t\t\t\n\t\t\t\n\n\n  <div class=\"banner has-hover\" id=\"banner-1809658021\">\n          <div class=\"banner-inner fill\">\n        <div class=\"banner-bg fill\" >\n            <img loading=\"lazy\" decoding=\"async\" width=\"1020\" height=\"681\" src=\"https:\/\/tektro.eu\/wp-content\/uploads\/DSC_5940-1199x800.jpeg\" class=\"bg attachment-large size-large\" alt=\"\" \/>                        <div class=\"overlay\"><\/div>            \n                    <\/div>\n\t\t\n        <div class=\"banner-layers container\">\n            <a class=\"fill\" href=\"https:\/\/tektro.eu\/trp\/featured_item\/c2-3\/?lang=en\"><div class=\"fill banner-link\"><\/div><\/a>            \n\n   <div id=\"text-box-431306118\" class=\"text-box banner-layer x50 md-x50 lg-x50 y95 md-y95 lg-y95 res-text\">\n                                <div class=\"text-box-content text dark\">\n              \n              <div class=\"text-inner text-center\">\n                  \n\n<h3 class=\"uppercase\">\n            <span style=\"color: #d9072a;\" data-line-height=\"xs\">\n              <strong>\n                <span style=\"color: #ffcc00;\">Cargo<\/span>\n                <br>\n              <\/strong>\n            <\/span>\n          <\/h3>\n          \n\n          <h2 class=\"uppercase\">\n            <span style=\"font-size: 110%;\" data-line-height=\"xs\">\n              <strong>C2.3<\/strong>\n            <\/span>\n          <\/h2>\n\n              <\/div>\n           <\/div>\n                            \n<style>\n#text-box-431306118 {\n  width: 80%;\n}\n#text-box-431306118 .text-box-content {\n  font-size: 100%;\n}\n<\/style>\n    <\/div>\n \n\n        <\/div>\n      <\/div>\n\n            \n<style>\n#banner-1809658021 {\n  padding-top: 332px;\n  background-color: rgb(0, 0, 0);\n}\n#banner-1809658021 .overlay {\n  background-color: rgba(0, 0, 0, 0.25);\n}\n<\/style>\n  <\/div>\n\n\n\n\t\t<\/div>\n\t\t\t\t\t<\/div>\n\n\t\n\n\t<div id=\"col-2072260886\" class=\"col medium-4 small-12 large-4\"  >\n\t\t\t\t<div class=\"col-inner\"  >\n\t\t\t\n\t\t\t\n\n\n  <div class=\"banner has-hover\" id=\"banner-1495817161\">\n          <div class=\"banner-inner fill\">\n        <div class=\"banner-bg fill\" >\n            <img loading=\"lazy\" decoding=\"async\" width=\"953\" height=\"800\" src=\"https:\/\/tektro.eu\/wp-content\/uploads\/CanyonPrecedeON1B-953x800.jpg\" class=\"bg attachment-large size-large\" alt=\"\" \/>                        <div class=\"overlay\"><\/div>            \n                    <\/div>\n\t\t\n        <div class=\"banner-layers container\">\n            <a class=\"fill\" href=\"https:\/\/tektro.eu\/trp\/featured_item\/clean-cockpit\/?lang=en\"><div class=\"fill banner-link\"><\/div><\/a>            \n\n   <div id=\"text-box-2029642465\" class=\"text-box banner-layer x50 md-x50 lg-x50 y95 md-y95 lg-y95 res-text\">\n                                <div class=\"text-box-content text dark\">\n              \n              <div class=\"text-inner text-center\">\n                  \n\n<h3 class=\"uppercase\">\n            <span style=\"color: #ffcc00;\" data-line-height=\"xs\">\n              <strong>\n                <span style=\"color: #ffcc00;\">E BIKE SOLUTIONS<\/span>\n                <br>\n              <\/strong>\n            <\/span>\n          <\/h3>\n          \n\n          <h2 class=\"uppercase\">\n            <span style=\"font-size: 110%;\" data-line-height=\"xs\">\n              <strong>CLEAN COCKPIT<br><\/strong>\n            <\/span>\n          <\/h2>\n\n              <\/div>\n           <\/div>\n                            \n<style>\n#text-box-2029642465 {\n  width: 80%;\n}\n#text-box-2029642465 .text-box-content {\n  font-size: 100%;\n}\n<\/style>\n    <\/div>\n \n\n        <\/div>\n      <\/div>\n\n            \n<style>\n#banner-1495817161 {\n  padding-top: 332px;\n  background-color: rgb(0, 0, 0);\n}\n#banner-1495817161 .overlay {\n  background-color: rgba(0, 0, 0, 0.308);\n}\n#banner-1495817161 .banner-bg img {\n  object-position: 45% 65%;\n}\n<\/style>\n  <\/div>\n\n\n\n\t\t<\/div>\n\t\t\t\t\t<\/div>\n\n\t\n\n\t<div id=\"col-450174414\" class=\"col medium-4 small-12 large-4\"  >\n\t\t\t\t<div class=\"col-inner\"  >\n\t\t\t\n\t\t\t\n\n\n  <div class=\"banner has-hover\" id=\"banner-542140437\">\n          <div class=\"banner-inner fill\">\n        <div class=\"banner-bg fill\" >\n            <img loading=\"lazy\" decoding=\"async\" width=\"1020\" height=\"608\" src=\"https:\/\/tektro.eu\/wp-content\/uploads\/DSC_5414_web-1342x800.jpg\" class=\"bg attachment-large size-large\" alt=\"\" \/>                        <div class=\"overlay\"><\/div>            \n                    <\/div>\n\t\t\n        <div class=\"banner-layers container\">\n            <a class=\"fill\" href=\"https:\/\/tektro.eu\/trp\/featured_item\/dhr-evo\/?lang=en\"><div class=\"fill banner-link\"><\/div><\/a>            \n\n   <div id=\"text-box-2055331086\" class=\"text-box banner-layer x50 md-x50 lg-x50 y95 md-y95 lg-y95 res-text\">\n                                <div class=\"text-box-content text dark\">\n              \n              <div class=\"text-inner text-center\">\n                  \n\n<h3 class=\"uppercase\">\n            <span style=\"color: #ffcc00;\" data-line-height=\"xs\">\n              <strong>\n                <span style=\"color: #ffcc00;\">VTTAE \/ VTT<\/span>\n                <br>\n              <\/strong>\n            <\/span>\n          <\/h3>\n          \n\n          <h2 class=\"uppercase\">\n            <span style=\"font-size: 110%;\" data-line-height=\"xs\">\n              <strong>DHR EVO<br><\/strong>\n            <\/span>\n          <\/h2>\n\n              <\/div>\n           <\/div>\n                            \n<style>\n#text-box-2055331086 {\n  width: 80%;\n}\n#text-box-2055331086 .text-box-content {\n  font-size: 100%;\n}\n<\/style>\n    <\/div>\n \n\n        <\/div>\n      <\/div>\n\n            \n<style>\n#banner-542140437 {\n  padding-top: 332px;\n  background-color: rgb(0, 0, 0);\n}\n#banner-542140437 .overlay {\n  background-color: rgba(0, 0, 0, 0);\n}\n<\/style>\n  <\/div>\n\n\n\n\t\t<\/div>\n\t\t\t\t\t<\/div>\n\n\t\n\n\t<div id=\"col-775085418\" class=\"col medium-4 small-12 large-4\"  >\n\t\t\t\t<div class=\"col-inner\"  >\n\t\t\t\n\t\t\t\n\n\n  <div class=\"banner has-hover\" id=\"banner-1422097800\">\n          <div class=\"banner-inner fill\">\n        <div class=\"banner-bg fill\" >\n            <img loading=\"lazy\" decoding=\"async\" width=\"1020\" height=\"574\" src=\"https:\/\/tektro.eu\/wp-content\/uploads\/Trail_HD-E842-1-1536x864-1-1400x788.jpg\" class=\"bg attachment-large size-large\" alt=\"\" \/>                        <div class=\"overlay\"><\/div>            \n                    <\/div>\n\t\t\n        <div class=\"banner-layers container\">\n            <a class=\"fill\" href=\"https:\/\/tektro.eu\/trp\/featured_item\/trail-evo\/?lang=en\"><div class=\"fill banner-link\"><\/div><\/a>            \n\n   <div id=\"text-box-1555432294\" class=\"text-box banner-layer x50 md-x50 lg-x50 y95 md-y95 lg-y95 res-text\">\n                                <div class=\"text-box-content text dark\">\n              \n              <div class=\"text-inner text-center\">\n                  \n\n<h3 class=\"uppercase\">\n            <span style=\"color: #ffcc00;\" data-line-height=\"xs\">\n              <strong>\n                <span style=\"color: #ffcc00;\">VTTAE \/ VTT<\/span>\n                <br>\n              <\/strong>\n            <\/span>\n          <\/h3>\n          \n\n          <h2 class=\"uppercase\">\n            <span style=\"font-size: 110%;\" data-line-height=\"xs\">\n              <strong>Trail EVO<br><\/strong>\n            <\/span>\n          <\/h2>\n\n              <\/div>\n           <\/div>\n                            \n<style>\n#text-box-1555432294 {\n  width: 80%;\n}\n#text-box-1555432294 .text-box-content {\n  font-size: 100%;\n}\n<\/style>\n    <\/div>\n \n\n        <\/div>\n      <\/div>\n\n            \n<style>\n#banner-1422097800 {\n  padding-top: 332px;\n  background-color: rgb(0, 0, 0);\n}\n#banner-1422097800 .overlay {\n  background-color: rgba(0, 0, 0, 0);\n}\n#banner-1422097800 .banner-bg img {\n  object-position: 49% 75%;\n}\n<\/style>\n  <\/div>\n\n\n\n\t\t<\/div>\n\t\t\t\t\t<\/div>\n\n\t\n\n\t<div id=\"col-1497320532\" class=\"col medium-4 small-12 large-4\"  >\n\t\t\t\t<div class=\"col-inner\"  >\n\t\t\t\n\t\t\t\n\n\n  <div class=\"banner has-hover\" id=\"banner-694123222\">\n          <div class=\"banner-inner fill\">\n        <div class=\"banner-bg fill\" >\n            <img loading=\"lazy\" decoding=\"async\" width=\"1020\" height=\"574\" src=\"https:\/\/tektro.eu\/wp-content\/uploads\/Slate_HD-M807-1-1536x864-1-1400x788.jpg\" class=\"bg attachment-large size-large\" alt=\"\" \/>                        <div class=\"overlay\"><\/div>            \n                    <\/div>\n\t\t\n        <div class=\"banner-layers container\">\n            <a class=\"fill\" href=\"https:\/\/tektro.eu\/trp\/featured_item\/slate-evo\/?lang=en\"><div class=\"fill banner-link\"><\/div><\/a>            \n\n   <div id=\"text-box-995883866\" class=\"text-box banner-layer x50 md-x50 lg-x50 y95 md-y95 lg-y95 res-text\">\n                                <div class=\"text-box-content text dark\">\n              \n              <div class=\"text-inner text-center\">\n                  \n\n<h3 class=\"uppercase\">\n            <span style=\"color: #ffcc00;\" data-line-height=\"xs\">\n              <strong>\n                <span style=\"color: #ffcc00;\">VTTAE \/ VTT<\/span>\n                <br>\n              <\/strong>\n            <\/span>\n          <\/h3>\n          \n\n          <h2 class=\"uppercase\">\n            <span style=\"font-size: 110%;\" data-line-height=\"xs\">\n              <strong>Slate EVO<br><\/strong>\n            <\/span>\n          <\/h2>\n\n              <\/div>\n           <\/div>\n                            \n<style>\n#text-box-995883866 {\n  width: 80%;\n}\n#text-box-995883866 .text-box-content {\n  font-size: 100%;\n}\n<\/style>\n    <\/div>\n \n\n        <\/div>\n      <\/div>\n\n            \n<style>\n#banner-694123222 {\n  padding-top: 332px;\n  background-color: rgb(0, 0, 0);\n}\n#banner-694123222 .overlay {\n  background-color: rgba(0, 0, 0, 0);\n}\n#banner-694123222 .banner-bg img {\n  object-position: 49% 75%;\n}\n<\/style>\n  <\/div>\n\n\n\n\t\t<\/div>\n\t\t\t\t\t<\/div>\n\n\t\n\n<\/div>\n\t<div id=\"gap-1881168633\" class=\"gap-element clearfix\" style=\"display:block; height:auto;\">\n\t\t\n<style>\n#gap-1881168633 {\n  padding-top: 30px;\n}\n<\/style>\n\t<\/div>\n\t\n\n\n  <div class=\"banner has-hover\" id=\"banner-194576025\">\n          <div class=\"banner-inner fill\">\n        <div class=\"banner-bg fill\" >\n            <img loading=\"lazy\" decoding=\"async\" width=\"1020\" height=\"681\" src=\"https:\/\/tektro.eu\/wp-content\/uploads\/DSC_4625-1198x800.jpg\" class=\"bg attachment-large size-large\" alt=\"\" \/>                        <div class=\"overlay\"><\/div>            \n                    <\/div>\n\t\t\n        <div class=\"banner-layers container\">\n            <a class=\"fill\" href=\"https:\/\/tektro.eu\/trp-2\/trp-disques-de-frein\/?lang=fr\"><div class=\"fill banner-link\"><\/div><\/a>            \n\n   <div id=\"text-box-1808461665\" class=\"text-box banner-layer x50 md-x5 lg-x5 y90 md-y80 lg-y80 res-text\">\n                                <div class=\"text-box-content text dark text-shadow-1\">\n              \n              <div class=\"text-inner text-center\">\n                  \n\n<h2 class=\"uppercase\" style=\"text-align: left;\">\n            <span style=\"font-size: 100%;\">Nouveaux disques de frein de 2,3 mm<\/span>\n          <\/h2>\n          \n\n          <p style=\"text-align: left;\">Les disques de frein standard ont une \u00e9paisseur de 1,8 mm. Pour r\u00e9pondre aux exigences des v\u00e9los \u00e9lectriques performants, TRP a renforc\u00e9 les disques de frein \u00e0 2,3 mm et propose jusqu&#8217;\u00e0 223 mm de diam\u00e8tre.<br>R\u00e9sultat : plus 47% de rigidit\u00e9 lat\u00e9rale et plus 8% de r\u00e9sistance \u00e0 la chaleur.<\/p>\n\n              <\/div>\n           <\/div>\n                            \n<style>\n#text-box-1808461665 {\n  width: 86%;\n}\n#text-box-1808461665 .text-box-content {\n  font-size: 100%;\n}\n@media (min-width:550px) {\n  #text-box-1808461665 {\n    width: 69%;\n  }\n}\n@media (min-width:850px) {\n  #text-box-1808461665 {\n    width: 61%;\n  }\n}\n<\/style>\n    <\/div>\n \n\t<div class=\"img has-hover x95 md-x95 lg-x95 y10 md-y10 lg-y10\" id=\"image_1793077297\">\n\t\t\t\t\t\t\t\t<div class=\"img-inner dark\" >\n\t\t\t<img loading=\"lazy\" decoding=\"async\" width=\"820\" height=\"800\" src=\"https:\/\/tektro.eu\/wp-content\/uploads\/2-3-w-820x800.png\" class=\"attachment-large size-large\" alt=\"\" srcset=\"https:\/\/tektro.eu\/wp-content\/uploads\/2-3-w-820x800.png 820w, https:\/\/tektro.eu\/wp-content\/uploads\/2-3-w-510x498.png 510w, https:\/\/tektro.eu\/wp-content\/uploads\/2-3-w-410x400.png 410w, https:\/\/tektro.eu\/wp-content\/uploads\/2-3-w-768x750.png 768w, https:\/\/tektro.eu\/wp-content\/uploads\/2-3-w.png 836w\" sizes=\"auto, (max-width: 820px) 100vw, 820px\" \/>\t\t\t\t\t\t\n\t\t\t\t\t<\/div>\n\t\t\t\t\t\t\t\t\n<style>\n#image_1793077297 {\n  width: 11%;\n}\n<\/style>\n\t<\/div>\n\t\n\n\n        <\/div>\n      <\/div>\n\n            \n<style>\n#banner-194576025 {\n  padding-top: 300px;\n  background-color: rgb(0, 0, 0);\n}\n#banner-194576025 .overlay {\n  background-color: rgba(33, 33, 33, 0.61);\n}\n#banner-194576025 .banner-bg img {\n  object-position: 1% 38%;\n}\n@media (min-width:550px) {\n  #banner-194576025 {\n    padding-top: 380px;\n  }\n  #banner-194576025 .overlay {\n    background-color: rgba(33, 33, 33, 0.523);\n  }\n}\n@media (min-width:850px) {\n  #banner-194576025 {\n    padding-top: 405px;\n  }\n}\n<\/style>\n  <\/div>\n\n\n\n","protected":false},"excerpt":{"rendered":"","protected":false},"author":1,"featured_media":0,"parent":6681,"menu_order":4,"comment_status":"closed","ping_status":"closed","template":"page-blank.php","meta":{"_monsterinsights_skip_tracking":false,"_monsterinsights_sitenote_active":false,"_monsterinsights_sitenote_note":"","_monsterinsights_sitenote_category":0,"footnotes":""},"class_list":["post-7069","page","type-page","status-publish","hentry"],"_links":{"self":[{"href":"https:\/\/tektro.eu\/fr\/wp-json\/wp\/v2\/pages\/7069","targetHints":{"allow":["GET"]}}],"collection":[{"href":"https:\/\/tektro.eu\/fr\/wp-json\/wp\/v2\/pages"}],"about":[{"href":"https:\/\/tektro.eu\/fr\/wp-json\/wp\/v2\/types\/page"}],"author":[{"embeddable":true,"href":"https:\/\/tektro.eu\/fr\/wp-json\/wp\/v2\/users\/1"}],"replies":[{"embeddable":true,"href":"https:\/\/tektro.eu\/fr\/wp-json\/wp\/v2\/comments?post=7069"}],"version-history":[{"count":0,"href":"https:\/\/tektro.eu\/fr\/wp-json\/wp\/v2\/pages\/7069\/revisions"}],"up":[{"embeddable":true,"href":"https:\/\/tektro.eu\/fr\/wp-json\/wp\/v2\/pages\/6681"}],"wp:attachment":[{"href":"https:\/\/tektro.eu\/fr\/wp-json\/wp\/v2\/media?parent=7069"}],"curies":[{"name":"wp","href":"https:\/\/api.w.org\/{rel}","templated":true}]}}