{"id":7049,"date":"2022-07-12T11:20:47","date_gmt":"2022-07-12T11:20:47","guid":{"rendered":"https:\/\/tektro.eu\/trp-2\/vttae\/"},"modified":"2024-07-17T11:21:06","modified_gmt":"2024-07-17T11:21:06","slug":"vttae","status":"publish","type":"page","link":"https:\/\/tektro.eu\/fr\/trp-2\/vttae\/","title":{"rendered":"VTTAE"},"content":{"rendered":"\n<div class=\"slider-wrapper relative\" id=\"slider-1140334561\" >\n    <div class=\"slider slider-nav-circle slider-nav-large slider-nav-light slider-style-normal\"\n        data-flickity-options='{\n            \"cellAlign\": \"center\",\n            \"imagesLoaded\": true,\n            \"lazyLoad\": 1,\n            \"freeScroll\": false,\n            \"wrapAround\": true,\n            \"autoPlay\": 6000,\n            \"pauseAutoPlayOnHover\" : true,\n            \"prevNextButtons\": true,\n            \"contain\" : true,\n            \"adaptiveHeight\" : true,\n            \"dragThreshold\" : 10,\n            \"percentPosition\": true,\n            \"pageDots\": false,\n            \"rightToLeft\": false,\n            \"draggable\": true,\n            \"selectedAttraction\": 0.1,\n            \"parallax\" : 0,\n            \"friction\": 0.6        }'\n        >\n        \n\n\n  <div class=\"banner has-hover\" id=\"banner-386984899\">\n          <div class=\"banner-inner fill\">\n        <div class=\"banner-bg fill\" >\n            <img loading=\"lazy\" decoding=\"async\" width=\"2560\" height=\"1707\" src=\"https:\/\/tektro.eu\/wp-content\/uploads\/E-MTB-Erwin-Haiden_9845-scaled.jpeg\" class=\"bg attachment-original size-original\" alt=\"\" \/>                                    \n                    <\/div>\n\t\t\n        <div class=\"banner-layers container\">\n            <div class=\"fill banner-link\"><\/div>            \n\n   <div id=\"text-box-1781521208\" class=\"text-box banner-layer x10 md-x95 lg-x0 y90 md-y10 lg-y10 res-text\">\n                                <div class=\"text-box-content text dark text-shadow-1\">\n              \n              <div class=\"text-inner text-left\">\n                  \n\n<h2 class=\"uppercase\">Freins Performance VTTAE<\/h2>\n<p>Les v\u00e9los \u00e9lectriques sont des v\u00e9los plus lourds. Selon le type d&#8217;e-bike, avec 50 \u00e0 60% de plus qu&#8217;un v\u00e9lo normal. C&#8217;est pourquoi TRP a d\u00e9velopp\u00e9 des syst\u00e8mes de freinage sp\u00e9ciaux pour les VTTAE. Les points forts sont les disques de frein de 2,3 mm d&#8217;\u00e9paisseur \u00e0 223 mm.<\/p>\n\n              <\/div>\n           <\/div>\n                            \n<style>\n#text-box-1781521208 .text-box-content {\n  background-color: rgba(255, 255, 255, 0);\n  font-size: 100%;\n}\n#text-box-1781521208 .text-inner {\n  padding: 0px 0px 0px 0px;\n}\n#text-box-1781521208 {\n  width: 74%;\n}\n@media (min-width:550px) {\n  #text-box-1781521208 {\n    width: 44%;\n  }\n}\n@media (min-width:850px) {\n  #text-box-1781521208 {\n    width: 42%;\n  }\n}\n<\/style>\n    <\/div>\n \n\n        <\/div>\n      <\/div>\n\n            \n<style>\n#banner-386984899 {\n  padding-top: 350px;\n  background-color: rgb(255, 255, 255);\n}\n#banner-386984899 .banner-bg img {\n  object-position: 17% 74%;\n}\n@media (min-width:550px) {\n  #banner-386984899 {\n    padding-top: 570px;\n  }\n}\n@media (min-width:850px) {\n  #banner-386984899 {\n    padding-top: 550px;\n  }\n}\n<\/style>\n  <\/div>\n\n\n\n     <\/div>\n\n     <div class=\"loading-spin dark large centered\"><\/div>\n\n\t<\/div>\n\n\n\t<div id=\"gap-1101310102\" class=\"gap-element clearfix\" style=\"display:block; height:auto;\">\n\t\t\n<style>\n#gap-1101310102 {\n  padding-top: 30px;\n}\n<\/style>\n\t<\/div>\n\t\n\n<div class=\"container section-title-container\" style=\"margin-bottom:0px;\"><h2 class=\"section-title section-title-center\"><b aria-hidden=\"true\"><\/b><span class=\"section-title-main\" >Freins<\/span><b aria-hidden=\"true\"><\/b><\/h2><\/div>\n\n<div class=\"row row-full-width align-middle\"  id=\"row-1302814224\">\n\n\n\t<div id=\"col-1261649821\" class=\"col medium-4 small-12 large-4\"  >\n\t\t\t\t<div class=\"col-inner\"  >\n\t\t\t\n\t\t\t\n\n\n  <div class=\"banner has-hover\" id=\"banner-537416819\">\n          <div class=\"banner-inner fill\">\n        <div class=\"banner-bg fill\" >\n            <img loading=\"lazy\" decoding=\"async\" width=\"1020\" height=\"608\" src=\"https:\/\/tektro.eu\/wp-content\/uploads\/DSC_5414_web-1342x800.jpg\" class=\"bg attachment-large size-large\" alt=\"\" \/>                        <div class=\"overlay\"><\/div>            \n                    <\/div>\n\t\t\n        <div class=\"banner-layers container\">\n            <a class=\"fill\" href=\"https:\/\/tektro.eu\/trp\/featured_item\/dhr-evo\/?lang=en\"><div class=\"fill banner-link\"><\/div><\/a>            \n\n   <div id=\"text-box-797332535\" class=\"text-box banner-layer x50 md-x50 lg-x50 y95 md-y95 lg-y95 res-text\">\n                                <div class=\"text-box-content text dark\">\n              \n              <div class=\"text-inner text-center\">\n                  \n\n<h3 class=\"uppercase\"><span style=\"color: #ffcc00;\" data-line-height=\"xs\"><strong><span style=\"color: #ffcc00;\">VTTAE \/ VTT<\/span><br><\/strong><\/span><\/h3>\n<h2 class=\"uppercase\"><span style=\"font-size: 110%;\" data-line-height=\"xs\"><strong>DHR EVO<br><\/strong><\/span><\/h2>\n\n              <\/div>\n           <\/div>\n                            \n<style>\n#text-box-797332535 {\n  width: 80%;\n}\n#text-box-797332535 .text-box-content {\n  font-size: 100%;\n}\n<\/style>\n    <\/div>\n \n\n        <\/div>\n      <\/div>\n\n            \n<style>\n#banner-537416819 {\n  padding-top: 332px;\n  background-color: rgb(255, 255, 255);\n}\n#banner-537416819 .overlay {\n  background-color: rgba(0, 0, 0, 0);\n}\n<\/style>\n  <\/div>\n\n\n\n\t\t<\/div>\n\t\t\t\t\t<\/div>\n\n\t\n\n\t<div id=\"col-77784625\" class=\"col medium-4 small-12 large-4\"  >\n\t\t\t\t<div class=\"col-inner\"  >\n\t\t\t\n\t\t\t\n\n\n  <div class=\"banner has-hover\" id=\"banner-620741825\">\n          <div class=\"banner-inner fill\">\n        <div class=\"banner-bg fill\" >\n            <img loading=\"lazy\" decoding=\"async\" width=\"1020\" height=\"573\" src=\"https:\/\/tektro.eu\/wp-content\/uploads\/TRP_EVO_Gold1e-e1603709553937-1400x787.jpg\" class=\"bg attachment-large size-large\" alt=\"\" \/>                        <div class=\"overlay\"><\/div>            \n                    <\/div>\n\t\t\n        <div class=\"banner-layers container\">\n            <a class=\"fill\" href=\"https:\/\/tektro.eu\/trp\/featured_item\/dhr-evo-gold\/?lang=en\"><div class=\"fill banner-link\"><\/div><\/a>            \n\n   <div id=\"text-box-291833480\" class=\"text-box banner-layer x50 md-x50 lg-x50 y95 md-y95 lg-y95 res-text\">\n                                <div class=\"text-box-content text dark\">\n              \n              <div class=\"text-inner text-center\">\n                  \n\n<h3 class=\"uppercase\"><span style=\"color: #ffcc00;\" data-line-height=\"xs\"><strong>VTTAE \/ VTT<\/strong><\/span><\/h3>\n<h2 class=\"uppercase\"><span style=\"font-size: 110%;\" data-line-height=\"xs\"><strong>DHR EVO GOLD<br><\/strong><\/span><\/h2>\n\n              <\/div>\n           <\/div>\n                            \n<style>\n#text-box-291833480 {\n  width: 80%;\n}\n#text-box-291833480 .text-box-content {\n  font-size: 100%;\n}\n<\/style>\n    <\/div>\n \n\n        <\/div>\n      <\/div>\n\n            \n<style>\n#banner-620741825 {\n  padding-top: 332px;\n  background-color: rgb(255, 255, 255);\n}\n#banner-620741825 .overlay {\n  background-color: rgba(0, 0, 0, 0);\n}\n#banner-620741825 .banner-bg img {\n  object-position: 46% 100%;\n}\n<\/style>\n  <\/div>\n\n\n\n\t\t<\/div>\n\t\t\t\t\t<\/div>\n\n\t\n\n\t<div id=\"col-161021331\" class=\"col medium-4 small-12 large-4\"  >\n\t\t\t\t<div class=\"col-inner\"  >\n\t\t\t\n\t\t\t\n\n\n  <div class=\"banner has-hover\" id=\"banner-1545044737\">\n          <div class=\"banner-inner fill\">\n        <div class=\"banner-bg fill\" >\n            <img loading=\"lazy\" decoding=\"async\" width=\"1020\" height=\"574\" src=\"https:\/\/tektro.eu\/wp-content\/uploads\/Trail_HD-E842-1-1536x864-1-1400x788.jpg\" class=\"bg attachment-large size-large\" alt=\"\" \/>                        <div class=\"overlay\"><\/div>            \n                    <\/div>\n\t\t\n        <div class=\"banner-layers container\">\n            <a class=\"fill\" href=\"https:\/\/tektro.eu\/trp\/featured_item\/trail-evo\/?lang=fr\"><div class=\"fill banner-link\"><\/div><\/a>            \n\n   <div id=\"text-box-1898034706\" class=\"text-box banner-layer x50 md-x50 lg-x50 y95 md-y95 lg-y95 res-text\">\n                                <div class=\"text-box-content text dark\">\n              \n              <div class=\"text-inner text-center\">\n                  \n\n<h3 class=\"uppercase\"><span style=\"color: #ffcc00;\" data-line-height=\"xs\"><strong><span style=\"color: #ffcc00;\">VTTAE \/ VTT<\/span><br><\/strong><\/span><\/h3>\n<h2 class=\"uppercase\"><span style=\"font-size: 110%;\" data-line-height=\"xs\"><strong>Trail EVO<br><\/strong><\/span><\/h2>\n\n              <\/div>\n           <\/div>\n                            \n<style>\n#text-box-1898034706 {\n  width: 80%;\n}\n#text-box-1898034706 .text-box-content {\n  font-size: 100%;\n}\n<\/style>\n    <\/div>\n \n\n        <\/div>\n      <\/div>\n\n            \n<style>\n#banner-1545044737 {\n  padding-top: 332px;\n  background-color: rgb(255, 255, 255);\n}\n#banner-1545044737 .overlay {\n  background-color: rgba(0, 0, 0, 0);\n}\n<\/style>\n  <\/div>\n\n\n\n\t\t<\/div>\n\t\t\t\t\t<\/div>\n\n\t\n\n\t<div id=\"col-2121499926\" class=\"col medium-4 small-12 large-4\"  >\n\t\t\t\t<div class=\"col-inner\"  >\n\t\t\t\n\t\t\t\n\n\n  <div class=\"banner has-hover\" id=\"banner-791285028\">\n          <div class=\"banner-inner fill\">\n        <div class=\"banner-bg fill\" >\n            <img loading=\"lazy\" decoding=\"async\" width=\"1020\" height=\"574\" src=\"https:\/\/tektro.eu\/wp-content\/uploads\/Slate_HD-M807-1-1536x864-1-1400x788.jpg\" class=\"bg attachment-large size-large\" alt=\"\" \/>                        <div class=\"overlay\"><\/div>            \n                    <\/div>\n\t\t\n        <div class=\"banner-layers container\">\n            <a class=\"fill\" href=\"https:\/\/tektro.eu\/trp\/featured_item\/slate-evo\/?lang=fr\"><div class=\"fill banner-link\"><\/div><\/a>            \n\n   <div id=\"text-box-1344206764\" class=\"text-box banner-layer x50 md-x50 lg-x50 y95 md-y95 lg-y95 res-text\">\n                                <div class=\"text-box-content text dark\">\n              \n              <div class=\"text-inner text-center\">\n                  \n\n<h3 class=\"uppercase\"><span style=\"color: #ffcc00;\" data-line-height=\"xs\"><strong><span style=\"color: #ffcc00;\">VTTAE \/ VTT<\/span><br><\/strong><\/span><\/h3>\n<h2 class=\"uppercase\"><span style=\"font-size: 110%;\" data-line-height=\"xs\"><strong>Slate EVO<br><\/strong><\/span><\/h2>\n\n              <\/div>\n           <\/div>\n                            \n<style>\n#text-box-1344206764 {\n  width: 80%;\n}\n#text-box-1344206764 .text-box-content {\n  font-size: 100%;\n}\n<\/style>\n    <\/div>\n \n\n        <\/div>\n      <\/div>\n\n            \n<style>\n#banner-791285028 {\n  padding-top: 332px;\n  background-color: rgb(255, 255, 255);\n}\n#banner-791285028 .overlay {\n  background-color: rgba(0, 0, 0, 0);\n}\n<\/style>\n  <\/div>\n\n\n\n\t\t<\/div>\n\t\t\t\t\t<\/div>\n\n\t\n\n\t<div id=\"col-1367107844\" class=\"col medium-4 small-12 large-4\"  >\n\t\t\t\t<div class=\"col-inner\"  >\n\t\t\t\n\t\t\t\n\n\n  <div class=\"banner has-hover\" id=\"banner-1359177640\">\n          <div class=\"banner-inner fill\">\n        <div class=\"banner-bg fill\" >\n            <img loading=\"lazy\" decoding=\"async\" width=\"1020\" height=\"681\" src=\"https:\/\/tektro.eu\/wp-content\/uploads\/DSC_5940-1199x800.jpeg\" class=\"bg attachment-large size-large\" alt=\"\" \/>                        <div class=\"overlay\"><\/div>            \n                    <\/div>\n\t\t\n        <div class=\"banner-layers container\">\n            <a class=\"fill\" href=\"https:\/\/tektro.eu\/trp\/featured_item\/c2-3\/?lang=fr\"><div class=\"fill banner-link\"><\/div><\/a>            \n\n   <div id=\"text-box-2052527691\" class=\"text-box banner-layer x50 md-x50 lg-x50 y95 md-y95 lg-y95 res-text\">\n                                <div class=\"text-box-content text dark\">\n              \n              <div class=\"text-inner text-center\">\n                  \n\n<h3 class=\"uppercase\"><span style=\"color: #d9072a;\" data-line-height=\"xs\"><strong><span style=\"color: #ffcc00;\">Cargo<\/span><br><\/strong><\/span><\/h3>\n<h2 class=\"uppercase\"><span style=\"font-size: 110%;\" data-line-height=\"xs\"><strong>C2.3<\/strong><\/span><\/h2>\n\n              <\/div>\n           <\/div>\n                            \n<style>\n#text-box-2052527691 {\n  width: 80%;\n}\n#text-box-2052527691 .text-box-content {\n  font-size: 100%;\n}\n<\/style>\n    <\/div>\n \n\n        <\/div>\n      <\/div>\n\n            \n<style>\n#banner-1359177640 {\n  padding-top: 332px;\n  background-color: rgb(255, 255, 255);\n}\n#banner-1359177640 .overlay {\n  background-color: rgba(0, 0, 0, 0.25);\n}\n<\/style>\n  <\/div>\n\n\n\n\t\t<\/div>\n\t\t\t\t\t<\/div>\n\n\t\n\n\t<div id=\"col-1437700678\" class=\"col medium-4 small-12 large-4\"  >\n\t\t\t\t<div class=\"col-inner\"  >\n\t\t\t\n\t\t\t\n\n\n  <div class=\"banner has-hover\" id=\"banner-1749066773\">\n          <div class=\"banner-inner fill\">\n        <div class=\"banner-bg fill\" >\n            <img loading=\"lazy\" decoding=\"async\" width=\"953\" height=\"800\" src=\"https:\/\/tektro.eu\/wp-content\/uploads\/CanyonPrecedeON1B-953x800.jpg\" class=\"bg attachment-large size-large\" alt=\"\" \/>                        <div class=\"overlay\"><\/div>            \n                    <\/div>\n\t\t\n        <div class=\"banner-layers container\">\n            <a class=\"fill\" href=\"https:\/\/tektro.eu\/trp\/featured_item\/clean-cockpit\/?lang=fr\"><div class=\"fill banner-link\"><\/div><\/a>            \n\n   <div id=\"text-box-624611508\" class=\"text-box banner-layer x50 md-x50 lg-x50 y95 md-y95 lg-y95 res-text\">\n                                <div class=\"text-box-content text dark\">\n              \n              <div class=\"text-inner text-center\">\n                  \n\n<h3 class=\"uppercase\"><span style=\"color: #d9072a;\" data-line-height=\"xs\"><strong><span style=\"color: #ffcc00;\">E BIKE SOLUTIONS<\/span><br><\/strong><\/span><\/h3>\n<h2 class=\"uppercase\"><span style=\"font-size: 110%;\" data-line-height=\"xs\"><strong>Clean Cockpit<br><\/strong><\/span><\/h2>\n\n              <\/div>\n           <\/div>\n                            \n<style>\n#text-box-624611508 {\n  width: 80%;\n}\n#text-box-624611508 .text-box-content {\n  font-size: 100%;\n}\n<\/style>\n    <\/div>\n \n\n        <\/div>\n      <\/div>\n\n            \n<style>\n#banner-1749066773 {\n  padding-top: 332px;\n  background-color: rgb(255, 255, 255);\n}\n#banner-1749066773 .overlay {\n  background-color: rgba(0, 0, 0, 0.442);\n}\n<\/style>\n  <\/div>\n\n\n\n\t\t<\/div>\n\t\t\t\t\t<\/div>\n\n\t\n\n<\/div>\n\t<div id=\"gap-438145069\" class=\"gap-element clearfix\" style=\"display:block; height:auto;\">\n\t\t\n<style>\n#gap-438145069 {\n  padding-top: 30px;\n}\n<\/style>\n\t<\/div>\n\t\n\n\n  <div class=\"banner has-hover\" id=\"banner-1985373780\">\n          <div class=\"banner-inner fill\">\n        <div class=\"banner-bg fill\" >\n            <img loading=\"lazy\" decoding=\"async\" width=\"1020\" height=\"681\" src=\"https:\/\/tektro.eu\/wp-content\/uploads\/DSC_4625-1198x800.jpg\" class=\"bg attachment-large size-large\" alt=\"\" \/>                        <div class=\"overlay\"><\/div>            \n                    <\/div>\n\t\t\n        <div class=\"banner-layers container\">\n            <a class=\"fill\" href=\"https:\/\/tektro.eu\/trp-2\/trp-disques-de-frein\/?lang=fr\"><div class=\"fill banner-link\"><\/div><\/a>            \n\n   <div id=\"text-box-199598628\" class=\"text-box banner-layer x50 md-x5 lg-x5 y85 md-y20 lg-y20 res-text\">\n                                <div class=\"text-box-content text dark text-shadow-1\">\n              \n              <div class=\"text-inner text-left\">\n                  \n\n<h2 class=\"uppercase\" style=\"text-align: left;\"><span style=\"font-size: 100%;\">Nouveaux disques de frein de 2,3 mm<\/span><\/h2>\n<p style=\"text-align: left;\">Les disques de frein standard ont une \u00e9paisseur de 1,8 mm. Pour r\u00e9pondre aux exigences des v\u00e9los \u00e9lectriques performants, TRP a renforc\u00e9 les disques de frein \u00e0 2,3 mm et propose jusqu&#8217;\u00e0 223 mm de diam\u00e8tre.<br>R\u00e9sultat : plus 47% de rigidit\u00e9 lat\u00e9rale et plus 8% de r\u00e9sistance \u00e0 la chaleur.<\/p>\n\n              <\/div>\n           <\/div>\n                            \n<style>\n#text-box-199598628 {\n  width: 92%;\n}\n#text-box-199598628 .text-box-content {\n  font-size: 100%;\n}\n@media (min-width:550px) {\n  #text-box-199598628 {\n    width: 69%;\n  }\n}\n@media (min-width:850px) {\n  #text-box-199598628 {\n    width: 60%;\n  }\n}\n<\/style>\n    <\/div>\n \n\t<div class=\"img has-hover x95 md-x95 lg-x95 y10 md-y10 lg-y10\" id=\"image_3378903\">\n\t\t\t\t\t\t\t\t<div class=\"img-inner dark\" >\n\t\t\t<img loading=\"lazy\" decoding=\"async\" width=\"820\" height=\"800\" src=\"https:\/\/tektro.eu\/wp-content\/uploads\/2-3-w-820x800.png\" class=\"attachment-large size-large\" alt=\"\" srcset=\"https:\/\/tektro.eu\/wp-content\/uploads\/2-3-w-820x800.png 820w, https:\/\/tektro.eu\/wp-content\/uploads\/2-3-w-510x498.png 510w, https:\/\/tektro.eu\/wp-content\/uploads\/2-3-w-410x400.png 410w, https:\/\/tektro.eu\/wp-content\/uploads\/2-3-w-768x750.png 768w, https:\/\/tektro.eu\/wp-content\/uploads\/2-3-w.png 836w\" sizes=\"auto, (max-width: 820px) 100vw, 820px\" \/>\t\t\t\t\t\t\n\t\t\t\t\t<\/div>\n\t\t\t\t\t\t\t\t\n<style>\n#image_3378903 {\n  width: 11%;\n}\n<\/style>\n\t<\/div>\n\t\n\n\n        <\/div>\n      <\/div>\n\n            \n<style>\n#banner-1985373780 {\n  padding-top: 300px;\n  background-color: rgb(0, 0, 0);\n}\n#banner-1985373780 .overlay {\n  background-color: rgba(13, 13, 13, 0.529);\n}\n#banner-1985373780 .banner-bg img {\n  object-position: 0% 39%;\n}\n@media (min-width:550px) {\n  #banner-1985373780 {\n    padding-top: 380px;\n  }\n  #banner-1985373780 .overlay {\n    background-color: rgba(13, 13, 13, 0.407);\n  }\n}\n@media (min-width:850px) {\n  #banner-1985373780 {\n    padding-top: 430px;\n  }\n}\n<\/style>\n  <\/div>\n\n\n\n","protected":false},"excerpt":{"rendered":"","protected":false},"author":1,"featured_media":0,"parent":6681,"menu_order":6,"comment_status":"closed","ping_status":"closed","template":"page-blank.php","meta":{"_monsterinsights_skip_tracking":false,"_monsterinsights_sitenote_active":false,"_monsterinsights_sitenote_note":"","_monsterinsights_sitenote_category":0,"footnotes":""},"class_list":["post-7049","page","type-page","status-publish","hentry"],"_links":{"self":[{"href":"https:\/\/tektro.eu\/fr\/wp-json\/wp\/v2\/pages\/7049","targetHints":{"allow":["GET"]}}],"collection":[{"href":"https:\/\/tektro.eu\/fr\/wp-json\/wp\/v2\/pages"}],"about":[{"href":"https:\/\/tektro.eu\/fr\/wp-json\/wp\/v2\/types\/page"}],"author":[{"embeddable":true,"href":"https:\/\/tektro.eu\/fr\/wp-json\/wp\/v2\/users\/1"}],"replies":[{"embeddable":true,"href":"https:\/\/tektro.eu\/fr\/wp-json\/wp\/v2\/comments?post=7049"}],"version-history":[{"count":0,"href":"https:\/\/tektro.eu\/fr\/wp-json\/wp\/v2\/pages\/7049\/revisions"}],"up":[{"embeddable":true,"href":"https:\/\/tektro.eu\/fr\/wp-json\/wp\/v2\/pages\/6681"}],"wp:attachment":[{"href":"https:\/\/tektro.eu\/fr\/wp-json\/wp\/v2\/media?parent=7049"}],"curies":[{"name":"wp","href":"https:\/\/api.w.org\/{rel}","templated":true}]}}