{"id":7046,"date":"2022-07-12T11:17:48","date_gmt":"2022-07-12T11:17:48","guid":{"rendered":"https:\/\/tektro.eu\/trp-2\/trp-vtt\/"},"modified":"2024-07-17T11:20:59","modified_gmt":"2024-07-17T11:20:59","slug":"trp-vtt","status":"publish","type":"page","link":"https:\/\/tektro.eu\/fr\/trp-2\/trp-vtt\/","title":{"rendered":"TRP VTT"},"content":{"rendered":"\n<div class=\"slider-wrapper relative\" id=\"slider-1138866097\" >\n    <div class=\"slider slider-nav-circle slider-nav-large slider-nav-light slider-style-normal\"\n        data-flickity-options='{\n            \"cellAlign\": \"center\",\n            \"imagesLoaded\": true,\n            \"lazyLoad\": 1,\n            \"freeScroll\": false,\n            \"wrapAround\": true,\n            \"autoPlay\": 6000,\n            \"pauseAutoPlayOnHover\" : true,\n            \"prevNextButtons\": true,\n            \"contain\" : true,\n            \"adaptiveHeight\" : true,\n            \"dragThreshold\" : 10,\n            \"percentPosition\": true,\n            \"pageDots\": true,\n            \"rightToLeft\": false,\n            \"draggable\": true,\n            \"selectedAttraction\": 0.1,\n            \"parallax\" : 0,\n            \"friction\": 0.6        }'\n        >\n        \n\n\n  <div class=\"banner has-hover\" id=\"banner-1892113103\">\n          <div class=\"banner-inner fill\">\n        <div class=\"banner-bg fill\" >\n            <img loading=\"lazy\" decoding=\"async\" width=\"2000\" height=\"1333\" src=\"https:\/\/tektro.eu\/wp-content\/uploads\/AaronGwinTRP_2_web.jpg\" class=\"bg attachment-original size-original\" alt=\"\" \/>                                    \n                    <\/div>\n\t\t\n        <div class=\"banner-layers container\">\n            <div class=\"fill banner-link\"><\/div>            \n\n   <div id=\"text-box-1258890297\" class=\"text-box banner-layer x100 md-x100 lg-x100 y5 md-y5 lg-y5 res-text\">\n                                <div class=\"text-box-content text \">\n              \n              <div class=\"text-inner text-left\">\n                  \n\n<h1 class=\"uppercase\"><span style=\"color: #282828;\">Breaking Limits<\/span><\/h1>\n<p>&#8220;La puissance de freinage et donc le contr\u00f4le incroyable de mon v\u00e9lo m&#8217;ont donn\u00e9 la confiance n\u00e9cessaire pour le faire tourner correctement entre les sauts. Je n&#8217;ai jamais \u00e9t\u00e9 aussi rapide sur ce trail. Un freinage plus brutal aurait sinon toujours fini en chaos. La fa\u00e7on dont la puissance peut \u00eatre contr\u00f4l\u00e9e avec ces freins est incroyable &#8211; vraiment sacr\u00e9ment bonne&#8221;. <br><span style=\"font-size: 75%;\">AJ Barlas, magazine nsmb.com<\/span><\/p>\n\n              <\/div>\n           <\/div>\n                            \n<style>\n#text-box-1258890297 .text-box-content {\n  background-color: rgba(255, 255, 255, 0);\n  font-size: 100%;\n}\n#text-box-1258890297 .text-inner {\n  padding: 0px 0px 0px 0px;\n}\n#text-box-1258890297 {\n  width: 61%;\n}\n@media (min-width:550px) {\n  #text-box-1258890297 {\n    width: 50%;\n  }\n}\n<\/style>\n    <\/div>\n \n\n        <\/div>\n      <\/div>\n\n            \n<style>\n#banner-1892113103 {\n  padding-top: 390px;\n  background-color: rgb(255,255,255);\n}\n#banner-1892113103 .banner-bg img {\n  object-position: 53% 31%;\n}\n@media (min-width:550px) {\n  #banner-1892113103 {\n    padding-top: 550px;\n  }\n}\n<\/style>\n  <\/div>\n\n\n\n     <\/div>\n\n     <div class=\"loading-spin dark large centered\"><\/div>\n\n\t<\/div>\n\n\n\t<div id=\"gap-265060176\" class=\"gap-element clearfix\" style=\"display:block; height:auto;\">\n\t\t\n<style>\n#gap-265060176 {\n  padding-top: 30px;\n}\n<\/style>\n\t<\/div>\n\t\n\n<div class=\"container section-title-container\" style=\"margin-bottom:10px;\"><h2 class=\"section-title section-title-center\"><b aria-hidden=\"true\"><\/b><span class=\"section-title-main\" >Freins<\/span><b aria-hidden=\"true\"><\/b><\/h2><\/div>\n\n<div class=\"row row-full-width align-middle\"  id=\"row-981598764\">\n\n\n\t<div id=\"col-36630080\" class=\"col medium-4 small-12 large-4\"  >\n\t\t\t\t<div class=\"col-inner\"  >\n\t\t\t\n\t\t\t\n\n\n  <div class=\"banner has-hover\" id=\"banner-405595917\">\n          <div class=\"banner-inner fill\">\n        <div class=\"banner-bg fill\" >\n            <img loading=\"lazy\" decoding=\"async\" width=\"1020\" height=\"608\" src=\"https:\/\/tektro.eu\/wp-content\/uploads\/DSC_5414_web-1342x800.jpg\" class=\"bg attachment-large size-large\" alt=\"\" \/>                        <div class=\"overlay\"><\/div>            \n                    <\/div>\n\t\t\n        <div class=\"banner-layers container\">\n            <a class=\"fill\" href=\"https:\/\/tektro.eu\/trp\/featured_item\/dhr-evo\/?lang=en\"><div class=\"fill banner-link\"><\/div><\/a>            \n\n   <div id=\"text-box-1830392653\" class=\"text-box banner-layer x50 md-x50 lg-x50 y95 md-y95 lg-y95 res-text\">\n                                <div class=\"text-box-content text dark\">\n              \n              <div class=\"text-inner text-center\">\n                  \n\n<h3 class=\"uppercase\"><span style=\"color: #ffcc00;\" data-line-height=\"xs\"><strong><span style=\"color: #ffcc00;\">VTTAE \/ VTT<\/span><br><\/strong><\/span><\/h3>\n<h2 class=\"uppercase\"><span style=\"font-size: 110%;\" data-line-height=\"xs\"><strong>DHR EVO<br><\/strong><\/span><\/h2>\n\n              <\/div>\n           <\/div>\n                            \n<style>\n#text-box-1830392653 {\n  width: 80%;\n}\n#text-box-1830392653 .text-box-content {\n  font-size: 100%;\n}\n<\/style>\n    <\/div>\n \n\n        <\/div>\n      <\/div>\n\n            \n<style>\n#banner-405595917 {\n  padding-top: 332px;\n  background-color: rgb(255, 255, 255);\n}\n#banner-405595917 .overlay {\n  background-color: rgba(0, 0, 0, 0);\n}\n<\/style>\n  <\/div>\n\n\n\n\t\t<\/div>\n\t\t\t\t\t<\/div>\n\n\t\n\n\t<div id=\"col-435656545\" class=\"col medium-4 small-12 large-4\"  >\n\t\t\t\t<div class=\"col-inner\"  >\n\t\t\t\n\t\t\t\n\n\n  <div class=\"banner has-hover\" id=\"banner-944502959\">\n          <div class=\"banner-inner fill\">\n        <div class=\"banner-bg fill\" >\n            <img loading=\"lazy\" decoding=\"async\" width=\"1020\" height=\"573\" src=\"https:\/\/tektro.eu\/wp-content\/uploads\/TRP_EVO_Gold1e-e1603709553937-1400x787.jpg\" class=\"bg attachment-large size-large\" alt=\"\" \/>                        <div class=\"overlay\"><\/div>            \n                    <\/div>\n\t\t\n        <div class=\"banner-layers container\">\n            <a class=\"fill\" href=\"https:\/\/tektro.eu\/trp\/featured_item\/dhr-evo-gold\/?lang=en\"><div class=\"fill banner-link\"><\/div><\/a>            \n\n   <div id=\"text-box-1801228093\" class=\"text-box banner-layer x50 md-x50 lg-x50 y95 md-y95 lg-y95 res-text\">\n                                <div class=\"text-box-content text dark\">\n              \n              <div class=\"text-inner text-center\">\n                  \n\n<h3 class=\"uppercase\"><span style=\"color: #ffcc00;\" data-line-height=\"xs\"><strong>VTTAE \/ VTT<\/strong><\/span><\/h3>\n<h2 class=\"uppercase\"><span style=\"font-size: 110%;\" data-line-height=\"xs\"><strong>DHR EVO GOLD<br><\/strong><\/span><\/h2>\n\n              <\/div>\n           <\/div>\n                            \n<style>\n#text-box-1801228093 {\n  width: 80%;\n}\n#text-box-1801228093 .text-box-content {\n  font-size: 100%;\n}\n<\/style>\n    <\/div>\n \n\n        <\/div>\n      <\/div>\n\n            \n<style>\n#banner-944502959 {\n  padding-top: 332px;\n  background-color: rgb(255, 255, 255);\n}\n#banner-944502959 .overlay {\n  background-color: rgba(0, 0, 0, 0);\n}\n#banner-944502959 .banner-bg img {\n  object-position: 46% 100%;\n}\n<\/style>\n  <\/div>\n\n\n\n\t\t<\/div>\n\t\t\t\t\t<\/div>\n\n\t\n\n\t<div id=\"col-905800587\" class=\"col medium-4 small-12 large-4\"  >\n\t\t\t\t<div class=\"col-inner\"  >\n\t\t\t\n\t\t\t\n\n\n  <div class=\"banner has-hover\" id=\"banner-254365237\">\n          <div class=\"banner-inner fill\">\n        <div class=\"banner-bg fill\" >\n            <img loading=\"lazy\" decoding=\"async\" width=\"1020\" height=\"574\" src=\"https:\/\/tektro.eu\/wp-content\/uploads\/Trail_HD-E842-1-1536x864-1-1400x788.jpg\" class=\"bg attachment-large size-large\" alt=\"\" \/>                        <div class=\"overlay\"><\/div>            \n                    <\/div>\n\t\t\n        <div class=\"banner-layers container\">\n            <a class=\"fill\" href=\"https:\/\/tektro.eu\/trp\/featured_item\/trail-evo\/?lang=fr\"><div class=\"fill banner-link\"><\/div><\/a>            \n\n   <div id=\"text-box-1122501560\" class=\"text-box banner-layer x50 md-x50 lg-x50 y95 md-y95 lg-y95 res-text\">\n                                <div class=\"text-box-content text dark\">\n              \n              <div class=\"text-inner text-center\">\n                  \n\n<h3 class=\"uppercase\"><span style=\"color: #ffcc00;\" data-line-height=\"xs\"><strong>VTTAE \/ <\/strong><\/span><span style=\"color: #d9072a;\" data-line-height=\"xs\"><strong><span style=\"color: #ffcc00;\">VTT<\/span> <br><\/strong><\/span><\/h3>\n<h2 class=\"uppercase\"><span style=\"font-size: 110%;\" data-line-height=\"xs\"><strong>TRAIL EVO<br><\/strong><\/span><\/h2>\n\n              <\/div>\n           <\/div>\n                            \n<style>\n#text-box-1122501560 {\n  width: 80%;\n}\n#text-box-1122501560 .text-box-content {\n  font-size: 100%;\n}\n<\/style>\n    <\/div>\n \n\n        <\/div>\n      <\/div>\n\n            \n<style>\n#banner-254365237 {\n  padding-top: 332px;\n  background-color: rgb(0, 0, 0);\n}\n#banner-254365237 .overlay {\n  background-color: rgba(0, 0, 0, 0.087);\n}\n#banner-254365237 .banner-bg img {\n  object-position: 56% 100%;\n}\n<\/style>\n  <\/div>\n\n\n\n\t\t<\/div>\n\t\t\t\t\t<\/div>\n\n\t\n\n\t<div id=\"col-34858322\" class=\"col medium-4 small-12 large-4\"  >\n\t\t\t\t<div class=\"col-inner\"  >\n\t\t\t\n\t\t\t\n\n\n  <div class=\"banner has-hover\" id=\"banner-1362993075\">\n          <div class=\"banner-inner fill\">\n        <div class=\"banner-bg fill\" >\n            <img loading=\"lazy\" decoding=\"async\" width=\"1020\" height=\"574\" src=\"https:\/\/tektro.eu\/wp-content\/uploads\/Slate_HD-M807-1-1536x864-1-1400x788.jpg\" class=\"bg attachment-large size-large\" alt=\"\" \/>                        <div class=\"overlay\"><\/div>            \n                    <\/div>\n\t\t\n        <div class=\"banner-layers container\">\n            <a class=\"fill\" href=\"https:\/\/tektro.eu\/trp\/featured_item\/slate-evo\/?lang=fr\"><div class=\"fill banner-link\"><\/div><\/a>            \n\n   <div id=\"text-box-1449327962\" class=\"text-box banner-layer x50 md-x50 lg-x50 y95 md-y95 lg-y95 res-text\">\n                                <div class=\"text-box-content text dark\">\n              \n              <div class=\"text-inner text-center\">\n                  \n\n<h3 class=\"uppercase\"><span style=\"color: #d9072a;\" data-line-height=\"xs\"><strong><span style=\"color: #ffcc00;\">VTT<\/span><br><\/strong><\/span><\/h3>\n<h2 class=\"uppercase\"><span style=\"font-size: 110%;\" data-line-height=\"xs\"><strong>SLATE EVO<br><\/strong><\/span><\/h2>\n\n              <\/div>\n           <\/div>\n                            \n<style>\n#text-box-1449327962 {\n  width: 80%;\n}\n#text-box-1449327962 .text-box-content {\n  font-size: 100%;\n}\n<\/style>\n    <\/div>\n \n\n        <\/div>\n      <\/div>\n\n            \n<style>\n#banner-1362993075 {\n  padding-top: 332px;\n  background-color: rgb(0, 0, 0);\n}\n#banner-1362993075 .overlay {\n  background-color: rgba(0, 0, 0, 0.122);\n}\n#banner-1362993075 .banner-bg img {\n  object-position: 49% 100%;\n}\n<\/style>\n  <\/div>\n\n\n\n\t\t<\/div>\n\t\t\t\t\t<\/div>\n\n\t\n\n<\/div>\n\t<div id=\"gap-1247097394\" class=\"gap-element clearfix\" style=\"display:block; height:auto;\">\n\t\t\n<style>\n#gap-1247097394 {\n  padding-top: 30px;\n}\n<\/style>\n\t<\/div>\n\t\n\n\t<div id=\"gap-1385586936\" class=\"gap-element clearfix\" style=\"display:block; height:auto;\">\n\t\t\n<style>\n#gap-1385586936 {\n  padding-top: 30px;\n}\n<\/style>\n\t<\/div>\n\t\n\n\n","protected":false},"excerpt":{"rendered":"","protected":false},"author":1,"featured_media":0,"parent":6681,"menu_order":0,"comment_status":"closed","ping_status":"closed","template":"page-blank.php","meta":{"_monsterinsights_skip_tracking":false,"_monsterinsights_sitenote_active":false,"_monsterinsights_sitenote_note":"","_monsterinsights_sitenote_category":0,"footnotes":""},"class_list":["post-7046","page","type-page","status-publish","hentry"],"_links":{"self":[{"href":"https:\/\/tektro.eu\/fr\/wp-json\/wp\/v2\/pages\/7046","targetHints":{"allow":["GET"]}}],"collection":[{"href":"https:\/\/tektro.eu\/fr\/wp-json\/wp\/v2\/pages"}],"about":[{"href":"https:\/\/tektro.eu\/fr\/wp-json\/wp\/v2\/types\/page"}],"author":[{"embeddable":true,"href":"https:\/\/tektro.eu\/fr\/wp-json\/wp\/v2\/users\/1"}],"replies":[{"embeddable":true,"href":"https:\/\/tektro.eu\/fr\/wp-json\/wp\/v2\/comments?post=7046"}],"version-history":[{"count":0,"href":"https:\/\/tektro.eu\/fr\/wp-json\/wp\/v2\/pages\/7046\/revisions"}],"up":[{"embeddable":true,"href":"https:\/\/tektro.eu\/fr\/wp-json\/wp\/v2\/pages\/6681"}],"wp:attachment":[{"href":"https:\/\/tektro.eu\/fr\/wp-json\/wp\/v2\/media?parent=7046"}],"curies":[{"name":"wp","href":"https:\/\/api.w.org\/{rel}","templated":true}]}}