{"id":7043,"date":"2022-07-12T11:15:47","date_gmt":"2022-07-12T11:15:47","guid":{"rendered":"https:\/\/tektro.eu\/trp-2\/trp-cargo\/"},"modified":"2024-07-17T11:22:07","modified_gmt":"2024-07-17T11:22:07","slug":"trp-cargo","status":"publish","type":"page","link":"https:\/\/tektro.eu\/fr\/trp-2\/trp-cargo\/","title":{"rendered":"TRP Cargo"},"content":{"rendered":"\n<div class=\"slider-wrapper relative\" id=\"slider-1158168342\" >\n    <div class=\"slider slider-nav-circle slider-nav-large slider-nav-light slider-style-normal\"\n        data-flickity-options='{\n            \"cellAlign\": \"center\",\n            \"imagesLoaded\": true,\n            \"lazyLoad\": 1,\n            \"freeScroll\": false,\n            \"wrapAround\": true,\n            \"autoPlay\": 6000,\n            \"pauseAutoPlayOnHover\" : true,\n            \"prevNextButtons\": false,\n            \"contain\" : true,\n            \"adaptiveHeight\" : true,\n            \"dragThreshold\" : 10,\n            \"percentPosition\": true,\n            \"pageDots\": false,\n            \"rightToLeft\": false,\n            \"draggable\": true,\n            \"selectedAttraction\": 0.1,\n            \"parallax\" : 0,\n            \"friction\": 0.6        }'\n        >\n        \n\n\n  <div class=\"banner has-hover\" id=\"banner-1915127953\">\n          <div class=\"banner-inner fill\">\n        <div class=\"banner-bg fill\" >\n            <img loading=\"lazy\" decoding=\"async\" width=\"1280\" height=\"414\" src=\"https:\/\/tektro.eu\/wp-content\/uploads\/DSC_6277.jpeg\" class=\"bg attachment-original size-original\" alt=\"\" \/>                                    \n                    <\/div>\n\t\t\n        <div class=\"banner-layers container\">\n            <div class=\"fill banner-link\"><\/div>            \n\n   <div id=\"text-box-951458456\" class=\"text-box banner-layer x5 md-x5 lg-x0 y5 md-y5 lg-y15 res-text\">\n                                <div class=\"text-box-content text \">\n              \n              <div class=\"text-inner text-left\">\n                  \n\n<h1 class=\"uppercase\"><span style=\"color: #282828;\">E BIKE SOLUTIONS<\/span><\/h1>\n<p>Remettre \u00e0 l&#8217;arr\u00eat en toute s\u00e9curit\u00e9 un E-Cargo S-Pedelec avec un poids de syst\u00e8me de 148 kg &#8211; TRP C 2.3<\/p>\n\n              <\/div>\n           <\/div>\n                            \n<style>\n#text-box-951458456 .text-box-content {\n  background-color: rgba(255, 255, 255, 0);\n  font-size: 100%;\n}\n#text-box-951458456 .text-inner {\n  padding: 0px 0px 0px 0px;\n}\n#text-box-951458456 {\n  width: 61%;\n}\n@media (min-width:550px) {\n  #text-box-951458456 {\n    width: 39%;\n  }\n}\n@media (min-width:850px) {\n  #text-box-951458456 {\n    width: 25%;\n  }\n}\n<\/style>\n    <\/div>\n \n\n        <\/div>\n      <\/div>\n\n            \n<style>\n#banner-1915127953 {\n  padding-top: 350px;\n  background-color: rgb(255,255,255);\n}\n#banner-1915127953 .banner-bg img {\n  object-position: 36% 4%;\n}\n@media (min-width:550px) {\n  #banner-1915127953 {\n    padding-top: 550px;\n  }\n}\n<\/style>\n  <\/div>\n\n\n\n     <\/div>\n\n     <div class=\"loading-spin dark large centered\"><\/div>\n\n\t<\/div>\n\n\n\t<div id=\"gap-1031642420\" class=\"gap-element clearfix\" style=\"display:block; height:auto;\">\n\t\t\n<style>\n#gap-1031642420 {\n  padding-top: 30px;\n}\n<\/style>\n\t<\/div>\n\t\n\n<div class=\"container section-title-container\" style=\"margin-bottom:0px;\"><h2 class=\"section-title section-title-center\"><b aria-hidden=\"true\"><\/b><span class=\"section-title-main\" >Freins<\/span><b aria-hidden=\"true\"><\/b><\/h2><\/div>\n\n<div class=\"row row-full-width align-middle\"  id=\"row-804524000\">\n\n\n\t<div id=\"col-347645330\" class=\"col medium-4 small-12 large-4\"  >\n\t\t\t\t<div class=\"col-inner\"  >\n\t\t\t\n\t\t\t\n\n\n  <div class=\"banner has-hover\" id=\"banner-1509673490\">\n          <div class=\"banner-inner fill\">\n        <div class=\"banner-bg fill\" >\n            <img loading=\"lazy\" decoding=\"async\" width=\"1020\" height=\"681\" src=\"https:\/\/tektro.eu\/wp-content\/uploads\/DSC_5940-1199x800.jpeg\" class=\"bg attachment-large size-large\" alt=\"\" \/>                        <div class=\"overlay\"><\/div>            \n                    <\/div>\n\t\t\n        <div class=\"banner-layers container\">\n            <a class=\"fill\" href=\"https:\/\/tektro.eu\/trp\/featured_item\/c2-3\/?lang=fr\"><div class=\"fill banner-link\"><\/div><\/a>            \n\n   <div id=\"text-box-419118754\" class=\"text-box banner-layer x50 md-x50 lg-x50 y95 md-y95 lg-y95 res-text\">\n                                <div class=\"text-box-content text dark\">\n              \n              <div class=\"text-inner text-center\">\n                  \n\n<h3 class=\"uppercase\"><span style=\"color: #d9072a;\" data-line-height=\"xs\"><strong><span style=\"color: #ffcc00;\">Cargo<\/span><br><\/strong><\/span><\/h3>\n<h2 class=\"uppercase\"><span style=\"font-size: 110%;\" data-line-height=\"xs\"><strong>C2.3<\/strong><\/span><\/h2>\n\n              <\/div>\n           <\/div>\n                            \n<style>\n#text-box-419118754 {\n  width: 80%;\n}\n#text-box-419118754 .text-box-content {\n  font-size: 100%;\n}\n<\/style>\n    <\/div>\n \n\n        <\/div>\n      <\/div>\n\n            \n<style>\n#banner-1509673490 {\n  padding-top: 332px;\n  background-color: rgb(0, 0, 0);\n}\n#banner-1509673490 .overlay {\n  background-color: rgba(0, 0, 0, 0.209);\n}\n<\/style>\n  <\/div>\n\n\n\n\t\t<\/div>\n\t\t\t\t\t<\/div>\n\n\t\n\n\n\t<div id=\"col-1274494856\" class=\"col medium-4 small-12 large-4\"  >\n\t\t\t\t<div class=\"col-inner\"  >\n\t\t\t\n\t\t\t\n\n\n  <div class=\"banner has-hover\" id=\"banner-1599703637\">\n          <div class=\"banner-inner fill\">\n        <div class=\"banner-bg fill\" >\n            <img loading=\"lazy\" decoding=\"async\" width=\"953\" height=\"800\" src=\"https:\/\/tektro.eu\/wp-content\/uploads\/CanyonPrecedeON1B-953x800.jpg\" class=\"bg attachment-large size-large\" alt=\"\" \/>                        <div class=\"overlay\"><\/div>            \n                    <\/div>\n\t\t\n        <div class=\"banner-layers container\">\n            <a class=\"fill\" href=\"https:\/\/tektro.eu\/trp\/featured_item\/clean-cockpit\/?lang=fr\"><div class=\"fill banner-link\"><\/div><\/a>            \n\n   <div id=\"text-box-1860853880\" class=\"text-box banner-layer x50 md-x50 lg-x50 y95 md-y95 lg-y95 res-text\">\n                                <div class=\"text-box-content text dark\">\n              \n              <div class=\"text-inner text-center\">\n                  \n\n<h3 class=\"uppercase\"><span style=\"color: #d9072a;\" data-line-height=\"xs\"><strong><span style=\"color: #ffcc00;\">E BIKE SOLUTIONS<\/span><br><\/strong><\/span><\/h3>\n<h2 class=\"uppercase\"><span style=\"font-size: 110%;\" data-line-height=\"xs\"><strong>Clean Cockpit<br><\/strong><\/span><\/h2>\n\n              <\/div>\n           <\/div>\n                            \n<style>\n#text-box-1860853880 {\n  width: 80%;\n}\n#text-box-1860853880 .text-box-content {\n  font-size: 100%;\n}\n<\/style>\n    <\/div>\n \n\n        <\/div>\n      <\/div>\n\n            \n<style>\n#banner-1599703637 {\n  padding-top: 332px;\n  background-color: rgb(0, 0, 0);\n}\n#banner-1599703637 .overlay {\n  background-color: rgba(0, 0, 0, 0.407);\n}\n<\/style>\n  <\/div>\n\n\n\n\t\t<\/div>\n\t\t\t\t\t<\/div>\n\n\t\n\n<\/div>\n\t<div id=\"gap-526932724\" class=\"gap-element clearfix\" style=\"display:block; height:auto;\">\n\t\t\n<style>\n#gap-526932724 {\n  padding-top: 30px;\n}\n<\/style>\n\t<\/div>\n\t\n\n<div class=\"text-center\"><div class=\"is-divider divider clearfix\" style=\"max-width:480px;height:2px;\"><\/div><\/div>\n\n\n\t<section class=\"section\" id=\"section_405804583\">\n\t\t<div class=\"section-bg fill\" >\n\t\t\t\t\t\t\t\t\t<div class=\"section-bg-overlay absolute fill\"><\/div>\n\t\t\t\n\n\t\t<\/div>\n\n\t\t\n\n\t\t<div class=\"section-content relative\">\n\t\t\t\n\n<div class=\"row row-large align-middle\"  id=\"row-634337930\">\n\n\n\t<div id=\"col-706190749\" class=\"col medium-6 small-12 large-6\"  >\n\t\t\t\t<div class=\"col-inner text-left\"  >\n\t\t\t\n\t\t\t\n\n<h2 class=\"uppercase\">Soci\u00e9t\u00e9<\/h2>\n<p>TEKTRO produit des freins \u00e0 disque hydrauliques pour v\u00e9los depuis 1999. Aujourd&#8217;hui, TEKTRO en produit 6 millions par an, ce qui en fait l&#8217;un des plus grands producteurs de freins \u00e0 disque au monde.<\/p>\n<p>Depuis 2006, des syst\u00e8mes de freinage \u00e0 disque pour la course, les VTT haut de gamme et les VTT \u00e9lectriques sont \u00e9galement d\u00e9velopp\u00e9s et produits avec succ\u00e8s sous la marque haut de gamme TRP (TEKTRO Racing Produkt). Aaron Gwin a remport\u00e9 le classement g\u00e9n\u00e9ral de la Coupe du monde de descente en 2016\/17 avec des freins TRP.<\/p>\n<a href=\"https:\/\/tektro.eu\/fr\/societe\/\" class=\"button primary is-small\" >\n\t\t<span>Plus d&#039;infos<\/span>\n\t<\/a>\n\n\n\n\t\t<\/div>\n\t\t\t\t\t<\/div>\n\n\t\n\n\t<div id=\"col-1539186958\" class=\"col medium-6 small-12 large-6\"  >\n\t\t\t\t<div class=\"col-inner\"  >\n\t\t\t\n\t\t\t\n\n\t<div class=\"img has-hover x md-x lg-x y md-y lg-y\" id=\"image_1837026736\">\n\t\t\t\t\t\t\t\t<div class=\"img-inner dark\" >\n\t\t\t<img loading=\"lazy\" decoding=\"async\" width=\"1020\" height=\"681\" src=\"https:\/\/tektro.eu\/wp-content\/uploads\/Tektro12-1198x800.jpg\" class=\"attachment-large size-large\" alt=\"\" srcset=\"https:\/\/tektro.eu\/wp-content\/uploads\/Tektro12-1198x800.jpg 1198w, https:\/\/tektro.eu\/wp-content\/uploads\/Tektro12-scaled-510x340.jpg 510w, https:\/\/tektro.eu\/wp-content\/uploads\/Tektro12-599x400.jpg 599w, https:\/\/tektro.eu\/wp-content\/uploads\/Tektro12-768x513.jpg 768w, https:\/\/tektro.eu\/wp-content\/uploads\/Tektro12-1536x1025.jpg 1536w, https:\/\/tektro.eu\/wp-content\/uploads\/Tektro12-2048x1367.jpg 2048w\" sizes=\"auto, (max-width: 1020px) 100vw, 1020px\" \/>\t\t\t\t\t\t\n\t\t\t\t\t<\/div>\n\t\t\t\t\t\t\t\t\n<style>\n#image_1837026736 {\n  width: 100%;\n}\n<\/style>\n\t<\/div>\n\t\n\n\t<div class=\"img has-hover x md-x lg-x y md-y lg-y\" id=\"image_1005059913\">\n\t\t\t\t\t\t\t\t<div class=\"img-inner box-shadow-2 dark\" >\n\t\t\t\t\t\t\t\t\t\n\t\t\t\t\t<\/div>\n\t\t\t\t\t\t\t\t\n<style>\n#image_1005059913 {\n  width: 100%;\n}\n<\/style>\n\t<\/div>\n\t\n\n\n\t\t<\/div>\n\t\t\t\t\t<\/div>\n\n\t\n\n<\/div>\n\n\t\t<\/div>\n\n\t\t\n<style>\n#section_405804583 {\n  padding-top: 19px;\n  padding-bottom: 19px;\n  background-color: rgb(255, 255, 255);\n}\n#section_405804583 .section-bg-overlay {\n  background-color: rgba(255, 255, 255, 0.85);\n}\n<\/style>\n\t<\/section>\n\t\n\n","protected":false},"excerpt":{"rendered":"","protected":false},"author":1,"featured_media":0,"parent":6681,"menu_order":0,"comment_status":"closed","ping_status":"closed","template":"page-blank.php","meta":{"_monsterinsights_skip_tracking":false,"_monsterinsights_sitenote_active":false,"_monsterinsights_sitenote_note":"","_monsterinsights_sitenote_category":0,"footnotes":""},"class_list":["post-7043","page","type-page","status-publish","hentry"],"_links":{"self":[{"href":"https:\/\/tektro.eu\/fr\/wp-json\/wp\/v2\/pages\/7043","targetHints":{"allow":["GET"]}}],"collection":[{"href":"https:\/\/tektro.eu\/fr\/wp-json\/wp\/v2\/pages"}],"about":[{"href":"https:\/\/tektro.eu\/fr\/wp-json\/wp\/v2\/types\/page"}],"author":[{"embeddable":true,"href":"https:\/\/tektro.eu\/fr\/wp-json\/wp\/v2\/users\/1"}],"replies":[{"embeddable":true,"href":"https:\/\/tektro.eu\/fr\/wp-json\/wp\/v2\/comments?post=7043"}],"version-history":[{"count":0,"href":"https:\/\/tektro.eu\/fr\/wp-json\/wp\/v2\/pages\/7043\/revisions"}],"up":[{"embeddable":true,"href":"https:\/\/tektro.eu\/fr\/wp-json\/wp\/v2\/pages\/6681"}],"wp:attachment":[{"href":"https:\/\/tektro.eu\/fr\/wp-json\/wp\/v2\/media?parent=7043"}],"curies":[{"name":"wp","href":"https:\/\/api.w.org\/{rel}","templated":true}]}}