{"id":7029,"date":"2022-07-12T10:31:19","date_gmt":"2022-07-12T10:31:19","guid":{"rendered":"https:\/\/tektro.eu\/trp-2\/trp-disques-de-frein\/"},"modified":"2025-07-10T10:47:25","modified_gmt":"2025-07-10T10:47:25","slug":"trp-disques-de-frein","status":"publish","type":"page","link":"https:\/\/tektro.eu\/fr\/trp-2\/trp-disques-de-frein\/","title":{"rendered":"TRP Disques de frein"},"content":{"rendered":"\n\n  <div class=\"banner has-hover\" id=\"banner-1934043713\">\n          <div class=\"banner-inner fill\">\n        <div class=\"banner-bg fill\" >\n            <img loading=\"lazy\" decoding=\"async\" width=\"2560\" height=\"1709\" src=\"https:\/\/tektro.eu\/wp-content\/uploads\/DSC_4625-scaled.jpg\" class=\"bg attachment-original size-original\" alt=\"\" \/>                        <div class=\"overlay\"><\/div>            \n                    <\/div>\n\t\t\n        <div class=\"banner-layers container\">\n            <div class=\"fill banner-link\"><\/div>            \n\n   <div id=\"text-box-226718205\" class=\"text-box banner-layer x50 md-x5 lg-x0 y95 md-y90 lg-y90 res-text\">\n                                <div class=\"text-box-content text dark\">\n              \n              <div class=\"text-inner text-left\">\n                  \n\n<h1 class=\"uppercase\">Disques de frein<\/h1>\n<p>En plus d&#8217;un grand choix de disques de frein standard d&#8217;une \u00e9paisseur de 1,8 mm, TRP est le premier fabricant \u00e0 proposer depuis 2018 des disques de frein plus solides d&#8217;une \u00e9paisseur de 2,3 mm et d&#8217;un diam\u00e8tre allant jusqu&#8217;\u00e0 223 mm, sp\u00e9cialement con\u00e7us pour l&#8217;utilisation des v\u00e9los \u00e9lectriques.<\/p>\n\n              <\/div>\n           <\/div>\n                            \n<style>\n#text-box-226718205 .text-box-content {\n  background-color: rgba(255, 255, 255, 0);\n  font-size: 100%;\n}\n#text-box-226718205 .text-inner {\n  padding: 0px 0px 0px 0px;\n}\n#text-box-226718205 {\n  width: 84%;\n}\n@media (min-width:550px) {\n  #text-box-226718205 {\n    width: 59%;\n  }\n}\n<\/style>\n    <\/div>\n \n\n        <\/div>\n      <\/div>\n\n            \n<style>\n#banner-1934043713 {\n  padding-top: 300px;\n  background-color: rgb(255, 255, 255);\n}\n#banner-1934043713 .overlay {\n  background-color: rgba(0, 0, 0, 0.355);\n}\n#banner-1934043713 .banner-bg img {\n  object-position: 0% 39%;\n}\n@media (min-width:550px) {\n  #banner-1934043713 {\n    padding-top: 500px;\n  }\n}\n<\/style>\n  <\/div>\n\n\n\t<div id=\"gap-1140459629\" class=\"gap-element clearfix\" style=\"display:block; height:auto;\">\n\t\t\n<style>\n#gap-1140459629 {\n  padding-top: 30px;\n}\n<\/style>\n\t<\/div>\n\t\n\n<div class=\"row\"  id=\"row-317386345\">\n\n\n\t<div id=\"col-781444627\" class=\"col medium-11 small-10 large-11\"  >\n\t\t\t\t<div class=\"col-inner\"  >\n\t\t\t\n\t\t\t\n\n\t<div id=\"gap-881176296\" class=\"gap-element clearfix\" style=\"display:block; height:auto;\">\n\t\t\n<style>\n#gap-881176296 {\n  padding-top: 30px;\n}\n<\/style>\n\t<\/div>\n\t\n\n<div class=\"container section-title-container\" ><h2 class=\"section-title section-title-center\"><b aria-hidden=\"true\"><\/b><span class=\"section-title-main\" >DISQUES DE FREIN DE 2,3 MM<\/span><b aria-hidden=\"true\"><\/b><\/h2><\/div>\n\n\n\t\t<\/div>\n\t\t\t\t\t<\/div>\n\n\t\n\n\t<div id=\"col-491580518\" class=\"col medium-1 small-2 large-1\"  >\n\t\t\t\t<div class=\"col-inner\"  >\n\t\t\t\n\t\t\t\n\n\t<div class=\"img has-hover x md-x lg-x y md-y lg-y\" id=\"image_1357918362\">\n\t\t\t\t\t\t\t\t<div class=\"img-inner dark\" style=\"margin:-4px 0px 0px 0px;\">\n\t\t\t<img loading=\"lazy\" decoding=\"async\" width=\"813\" height=\"800\" src=\"https:\/\/tektro.eu\/wp-content\/uploads\/2-3-813x800.png\" class=\"attachment-large size-large\" alt=\"\" srcset=\"https:\/\/tektro.eu\/wp-content\/uploads\/2-3-813x800.png 813w, https:\/\/tektro.eu\/wp-content\/uploads\/2-3-510x502.png 510w, https:\/\/tektro.eu\/wp-content\/uploads\/2-3-406x400.png 406w, https:\/\/tektro.eu\/wp-content\/uploads\/2-3-768x756.png 768w, https:\/\/tektro.eu\/wp-content\/uploads\/2-3.png 829w\" sizes=\"auto, (max-width: 813px) 100vw, 813px\" \/>\t\t\t\t\t\t\n\t\t\t\t\t<\/div>\n\t\t\t\t\t\t\t\t\n<style>\n#image_1357918362 {\n  width: 100%;\n}\n<\/style>\n\t<\/div>\n\t\n\n\n\t\t<\/div>\n\t\t\t\t\t<\/div>\n\n\t\n\n<\/div>\n<div class=\"row row-small align-center row-divided\"  id=\"row-2141323838\">\n\n\n\t<div id=\"col-198401445\" class=\"col medium-3 small-6 large-3\"  >\n\t\t\t\t<div class=\"col-inner text-center\"  >\n\t\t\t\n\t\t\t\n\n\t<div class=\"img has-hover x md-x lg-x y md-y lg-y\" id=\"image_1736703140\">\n\t\t\t\t\t\t\t\t<div class=\"img-inner image-cover dark\" style=\"padding-top:100%;\">\n\t\t\t<img loading=\"lazy\" decoding=\"async\" width=\"800\" height=\"783\" src=\"https:\/\/tektro.eu\/wp-content\/uploads\/R220S05E_web.jpg\" class=\"attachment-large size-large\" alt=\"\" srcset=\"https:\/\/tektro.eu\/wp-content\/uploads\/R220S05E_web.jpg 800w, https:\/\/tektro.eu\/wp-content\/uploads\/R220S05E_web-409x400.jpg 409w, https:\/\/tektro.eu\/wp-content\/uploads\/R220S05E_web-768x752.jpg 768w\" sizes=\"auto, (max-width: 800px) 100vw, 800px\" \/>\t\t\t\t\t\t\n\t\t\t\t\t<\/div>\n\t\t\t\t\t\t\t\t\n<style>\n#image_1736703140 {\n  width: 100%;\n}\n@media (min-width:550px) {\n  #image_1736703140 {\n    width: 96%;\n  }\n}\n@media (min-width:850px) {\n  #image_1736703140 {\n    width: 79%;\n  }\n}\n<\/style>\n\t<\/div>\n\t\n\n<h5 class=\"uppercase\" style=\"text-align: center;\"><span data-line-height=\"xs\"><strong><span style=\"color: #d83131; font-size: 80%;\">203 \/ 220 mm<\/span><br><\/strong><\/span><\/h5>\n<h2 class=\"uppercase\" style=\"text-align: center;\"><strong>RS05E<br><\/strong><\/h2>\n<p style=\"text-align: center;\"><span style=\"font-size: 80%;\">Disque de frein monobloc | 2,3 mm d\u2019\u00e9paisseur | acier inoxydable | avec 6 boulons UCP en acier noir | disponible en 203 \/ 220 mm<\/span><\/p>\n\n\t\t<\/div>\n\t\t\t\t\t<\/div>\n\n\t\n\n\t<div id=\"col-2107970084\" class=\"col medium-3 small-6 large-3\"  >\n\t\t\t\t<div class=\"col-inner text-center\"  >\n\t\t\t\n\t\t\t\n\n\t<div class=\"img has-hover x md-x lg-x y md-y lg-y\" id=\"image_461190615\">\n\t\t\t\t\t\t\t\t<div class=\"img-inner image-cover dark\" style=\"padding-top:100%;\">\n\t\t\t<img loading=\"lazy\" decoding=\"async\" width=\"779\" height=\"800\" src=\"https:\/\/tektro.eu\/wp-content\/uploads\/R223S01E-779x800.jpg\" class=\"attachment-large size-large\" alt=\"\" srcset=\"https:\/\/tektro.eu\/wp-content\/uploads\/R223S01E-779x800.jpg 779w, https:\/\/tektro.eu\/wp-content\/uploads\/R223S01E-scaled-e1616847531142-510x524.jpg 510w, https:\/\/tektro.eu\/wp-content\/uploads\/R223S01E-389x400.jpg 389w, https:\/\/tektro.eu\/wp-content\/uploads\/R223S01E-768x789.jpg 768w, https:\/\/tektro.eu\/wp-content\/uploads\/R223S01E-1495x1536.jpg 1495w, https:\/\/tektro.eu\/wp-content\/uploads\/R223S01E-1993x2048.jpg 1993w, https:\/\/tektro.eu\/wp-content\/uploads\/R223S01E-scaled-e1616847531142.jpg 800w\" sizes=\"auto, (max-width: 779px) 100vw, 779px\" \/>\t\t\t\t\t\t\n\t\t\t\t\t<\/div>\n\t\t\t\t\t\t\t\t\n<style>\n#image_461190615 {\n  width: 100%;\n}\n@media (min-width:550px) {\n  #image_461190615 {\n    width: 96%;\n  }\n}\n@media (min-width:850px) {\n  #image_461190615 {\n    width: 80%;\n  }\n}\n<\/style>\n\t<\/div>\n\t\n\n<h5 class=\"uppercase\" style=\"text-align: center;\"><span data-line-height=\"xs\"><strong><span style=\"color: #d83131; font-size: 80%;\">180 \/ 203 \/ 220 \/ 223 mm<\/span><br><\/strong><\/span><\/h5>\n<h2 class=\"uppercase\" style=\"text-align: center;\"><strong>S\u00e9rie RS01E<\/strong><\/h2>\n<p style=\"text-align: center;\"><span style=\"font-size: 80%;\">Disque de frein monobloc | 2,3 mm d\u2019\u00e9paisseur | acier inoxydable | avec 6 boulons UCP en acier noir | disponible en 180 \/ 203 \/ 220 \/ 223 mm<\/span><\/p>\n\n\t\t<\/div>\n\t\t\t\t\t<\/div>\n\n\t\n\n\t<div id=\"col-147970849\" class=\"col medium-3 small-6 large-3\"  >\n\t\t\t\t<div class=\"col-inner text-center\"  >\n\t\t\t\n\t\t\t\n\n\t<div class=\"img has-hover x md-x lg-x y md-y lg-y\" id=\"image_54078881\">\n\t\t\t\t\t\t\t\t<div class=\"img-inner image-cover dark\" style=\"padding-top:100%;margin:0px 0px 0px 0px;\">\n\t\t\t<img loading=\"lazy\" decoding=\"async\" width=\"800\" height=\"782\" src=\"https:\/\/tektro.eu\/wp-content\/uploads\/RC03_web.jpg\" class=\"attachment-1536x1536 size-1536x1536\" alt=\"TRP Bremsscheibe\" srcset=\"https:\/\/tektro.eu\/wp-content\/uploads\/RC03_web.jpg 800w, https:\/\/tektro.eu\/wp-content\/uploads\/RC03_web-409x400.jpg 409w, https:\/\/tektro.eu\/wp-content\/uploads\/RC03_web-768x751.jpg 768w\" sizes=\"auto, (max-width: 800px) 100vw, 800px\" \/>\t\t\t\t\t\t\n\t\t\t\t\t<\/div>\n\t\t\t\t\t\t\t\t\n<style>\n#image_54078881 {\n  width: 100%;\n}\n@media (min-width:550px) {\n  #image_54078881 {\n    width: 100%;\n  }\n}\n@media (min-width:850px) {\n  #image_54078881 {\n    width: 80%;\n  }\n}\n<\/style>\n\t<\/div>\n\t\n\n<h5 class=\"uppercase\" style=\"text-align: center;\"><span data-line-height=\"xs\"><strong><span style=\"color: #d83131; font-size: 80%;\">180 \/ 203<\/span><\/strong><\/span><\/h5>\n<h2 class=\"uppercase\" style=\"text-align: center;\"><strong>RC03E \/ RC03E-S<\/strong><\/h2>\n<p style=\"text-align: center;\"><span style=\"font-size: 80%;\">W\/Magnet | Disque de frein en deux parties | 2,3 mm d\u2019\u00e9paisseur | Acier inoxydable | alliage centerlock spyder (verrouillage solo s\u00e9par\u00e9) | disponible en diam\u00e8tres 203 \/ 220 mm<\/span><\/p>\n\n\t\t<\/div>\n\t\t\t\t\t<\/div>\n\n\t\n\n\t<div id=\"col-171902027\" class=\"col medium-3 small-6 large-3\"  >\n\t\t\t\t<div class=\"col-inner text-center\"  >\n\t\t\t\n\t\t\t\n\n\t<div class=\"img has-hover x md-x lg-x y md-y lg-y\" id=\"image_1767205004\">\n\t\t\t\t\t\t\t\t<div class=\"img-inner image-cover dark\" style=\"padding-top:95%;\">\n\t\t\t<img loading=\"lazy\" decoding=\"async\" width=\"800\" height=\"781\" src=\"https:\/\/tektro.eu\/wp-content\/uploads\/RC04_web.jpg\" class=\"attachment-large size-large\" alt=\"TRP Bremsscheibe\" srcset=\"https:\/\/tektro.eu\/wp-content\/uploads\/RC04_web.jpg 800w, https:\/\/tektro.eu\/wp-content\/uploads\/RC04_web-410x400.jpg 410w, https:\/\/tektro.eu\/wp-content\/uploads\/RC04_web-768x750.jpg 768w\" sizes=\"auto, (max-width: 800px) 100vw, 800px\" \/>\t\t\t\t\t\t\n\t\t\t\t\t<\/div>\n\t\t\t\t\t\t\t\t\n<style>\n#image_1767205004 {\n  width: 100%;\n}\n@media (min-width:550px) {\n  #image_1767205004 {\n    width: 100%;\n  }\n}\n@media (min-width:850px) {\n  #image_1767205004 {\n    width: 84%;\n  }\n}\n<\/style>\n\t<\/div>\n\t\n\n<h5 class=\"uppercase\" style=\"text-align: center;\"><span data-line-height=\"xs\"><strong><span style=\"color: #d83131; font-size: 80%;\">180 \/ 203 mm<\/span><br><\/strong><\/span><\/h5>\n<h2 class=\"uppercase\" style=\"text-align: center;\"><strong>RC04E<br><\/strong><\/h2>\n<p style=\"text-align: center;\"><span style=\"font-size: 80%;\">Disque de frein en deux parties | 2,3 mm d\u2019\u00e9paisseur | Acier inoxydable | alliage centerlock spyder (verrouillage solo s\u00e9par\u00e9) | disponible en diam\u00e8tres 203 \/ 220 mm<\/span><\/p>\n\n\t\t<\/div>\n\t\t\t\t\t<\/div>\n\n\t\n\n<\/div>\n\t<div id=\"gap-471832682\" class=\"gap-element clearfix\" style=\"display:block; height:auto;\">\n\t\t\n<style>\n#gap-471832682 {\n  padding-top: 30px;\n}\n<\/style>\n\t<\/div>\n\t\n\n<div class=\"row\"  id=\"row-1806945575\">\n\n\n\t<div id=\"col-815887868\" class=\"col medium-11 small-10 large-11\"  >\n\t\t\t\t<div class=\"col-inner\"  >\n\t\t\t\n\t\t\t\n\n<div class=\"container section-title-container\" ><h2 class=\"section-title section-title-center\"><b aria-hidden=\"true\"><\/b><span class=\"section-title-main\" >DISQUES DE FREIN DE 1,8 MM<\/span><b aria-hidden=\"true\"><\/b><\/h2><\/div>\n\n\n\t\t<\/div>\n\t\t\t\t\t<\/div>\n\n\t\n\n\t<div id=\"col-2084869269\" class=\"col medium-1 small-2 large-1\"  >\n\t\t\t\t<div class=\"col-inner\"  >\n\t\t\t\n\t\t\t\n\n\t<div class=\"img has-hover x md-x lg-x y md-y lg-y\" id=\"image_1443902975\">\n\t\t\t\t\t\t\t\t<div class=\"img-inner dark\" style=\"margin:-9px 0px 0px 0px;\">\n\t\t\t<img loading=\"lazy\" decoding=\"async\" width=\"808\" height=\"800\" src=\"https:\/\/tektro.eu\/wp-content\/uploads\/1-8-808x800.png\" class=\"attachment-large size-large\" alt=\"\" srcset=\"https:\/\/tektro.eu\/wp-content\/uploads\/1-8-808x800.png 808w, https:\/\/tektro.eu\/wp-content\/uploads\/1-8-100x100.png 100w, https:\/\/tektro.eu\/wp-content\/uploads\/1-8-510x505.png 510w, https:\/\/tektro.eu\/wp-content\/uploads\/1-8-404x400.png 404w, https:\/\/tektro.eu\/wp-content\/uploads\/1-8-768x761.png 768w, https:\/\/tektro.eu\/wp-content\/uploads\/1-8.png 824w\" sizes=\"auto, (max-width: 808px) 100vw, 808px\" \/>\t\t\t\t\t\t\n\t\t\t\t\t<\/div>\n\t\t\t\t\t\t\t\t\n<style>\n#image_1443902975 {\n  width: 100%;\n}\n<\/style>\n\t<\/div>\n\t\n\n\n\t\t<\/div>\n\t\t\t\t\t<\/div>\n\n\t\n\n<\/div>\n<div class=\"row row-small align-center row-divided\"  id=\"row-1340667477\">\n\n\n\t<div id=\"col-2000357483\" class=\"col medium-3 small-6 large-3\"  >\n\t\t\t\t<div class=\"col-inner text-center\"  >\n\t\t\t\n\t\t\t\n\n\t<div class=\"img has-hover x md-x lg-x y md-y lg-y\" id=\"image_1627817716\">\n\t\t\t\t\t\t\t\t<div class=\"img-inner image-cover dark\" style=\"padding-top:101%;\">\n\t\t\t<img loading=\"lazy\" decoding=\"async\" width=\"800\" height=\"793\" src=\"https:\/\/tektro.eu\/wp-content\/uploads\/R180S02M.jpg\" class=\"attachment-large size-large\" alt=\"TRP Bremsscheibe\" srcset=\"https:\/\/tektro.eu\/wp-content\/uploads\/R180S02M.jpg 800w, https:\/\/tektro.eu\/wp-content\/uploads\/R180S02M-404x400.jpg 404w, https:\/\/tektro.eu\/wp-content\/uploads\/R180S02M-768x761.jpg 768w\" sizes=\"auto, (max-width: 800px) 100vw, 800px\" \/>\t\t\t\t\t\t\n\t\t\t\t\t<\/div>\n\t\t\t\t\t\t\t\t\n<style>\n#image_1627817716 {\n  width: 100%;\n}\n@media (min-width:550px) {\n  #image_1627817716 {\n    width: 100%;\n  }\n}\n@media (min-width:850px) {\n  #image_1627817716 {\n    width: 79%;\n  }\n}\n<\/style>\n\t<\/div>\n\t\n\n<h5 class=\"uppercase\" style=\"text-align: center;\"><span data-line-height=\"xs\"><strong><span style=\"color: #d83131; font-size: 80%;\">140 \/ 160 \/ 180 \/ 203 mm<\/span><br><\/strong><\/span><\/h5>\n<h2 class=\"uppercase\" style=\"text-align: center;\"><strong>S\u00e9rie RS02M<\/strong><\/h2>\n<p style=\"text-align: center;\"><span style=\"font-size: 80%;\">Disque de frein monobloc | 1,8 mm d\u2019\u00e9paisseur | acier inoxydable | avec 6 boulons UCP en acier noir | disponible en 140 \/ 160 \/ 180 \/ 203 mm<\/span><\/p>\n\n\t\t<\/div>\n\t\t\t\t\t<\/div>\n\n\t\n\n\t<div id=\"col-891459665\" class=\"col medium-3 small-6 large-3\"  >\n\t\t\t\t<div class=\"col-inner text-center\"  >\n\t\t\t\n\t\t\t\n\n\t<div class=\"img has-hover x md-x lg-x y md-y lg-y\" id=\"image_1471837884\">\n\t\t\t\t\t\t\t\t<div class=\"img-inner image-cover dark\" style=\"padding-top:100%;\">\n\t\t\t<img loading=\"lazy\" decoding=\"async\" width=\"800\" height=\"782\" src=\"https:\/\/tektro.eu\/wp-content\/uploads\/RC03_web.jpg\" class=\"attachment-large size-large\" alt=\"TRP Bremsscheibe\" srcset=\"https:\/\/tektro.eu\/wp-content\/uploads\/RC03_web.jpg 800w, https:\/\/tektro.eu\/wp-content\/uploads\/RC03_web-409x400.jpg 409w, https:\/\/tektro.eu\/wp-content\/uploads\/RC03_web-768x751.jpg 768w\" sizes=\"auto, (max-width: 800px) 100vw, 800px\" \/>\t\t\t\t\t\t\n\t\t\t\t\t<\/div>\n\t\t\t\t\t\t\t\t\n<style>\n#image_1471837884 {\n  width: 100%;\n}\n@media (min-width:550px) {\n  #image_1471837884 {\n    width: 100%;\n  }\n}\n@media (min-width:850px) {\n  #image_1471837884 {\n    width: 80%;\n  }\n}\n<\/style>\n\t<\/div>\n\t\n\n<h5 class=\"uppercase\" style=\"text-align: center;\"><span data-line-height=\"xs\"><strong><span style=\"color: #d83131; font-size: 80%;\">160 \/ 180 mm<\/span><br><\/strong><\/span><\/h5>\n<h2 class=\"uppercase\" style=\"text-align: center;\"><strong>RC03M \/ RC03M-S<\/strong><\/h2>\n<p style=\"text-align: center;\"><span style=\"font-size: 80%;\">W\/Magnet | Disque de frein en deux parties | 2,3 mm d\u2019\u00e9paisseur | Acier inoxydable | alliage centerlock spyder (verrouillage solo s\u00e9par\u00e9) | disponible en diam\u00e8tres 160 \/ 180 mm<\/span><\/p>\n\n\t\t<\/div>\n\t\t\t\t\t<\/div>\n\n\t\n\n\t<div id=\"col-1292982525\" class=\"col medium-3 small-6 large-3\"  >\n\t\t\t\t<div class=\"col-inner text-center\"  >\n\t\t\t\n\t\t\t\n\n\t<div class=\"img has-hover x md-x lg-x y md-y lg-y\" id=\"image_1270698808\">\n\t\t\t\t\t\t\t\t<div class=\"img-inner image-cover dark\" style=\"padding-top:95%;margin:0px 0px 0px 0px;\">\n\t\t\t<img loading=\"lazy\" decoding=\"async\" width=\"800\" height=\"781\" src=\"https:\/\/tektro.eu\/wp-content\/uploads\/RC04_web.jpg\" class=\"attachment-large size-large\" alt=\"TRP Bremsscheibe\" srcset=\"https:\/\/tektro.eu\/wp-content\/uploads\/RC04_web.jpg 800w, https:\/\/tektro.eu\/wp-content\/uploads\/RC04_web-410x400.jpg 410w, https:\/\/tektro.eu\/wp-content\/uploads\/RC04_web-768x750.jpg 768w\" sizes=\"auto, (max-width: 800px) 100vw, 800px\" \/>\t\t\t\t\t\t\n\t\t\t\t\t<\/div>\n\t\t\t\t\t\t\t\t\n<style>\n#image_1270698808 {\n  width: 100%;\n}\n@media (min-width:550px) {\n  #image_1270698808 {\n    width: 100%;\n  }\n}\n@media (min-width:850px) {\n  #image_1270698808 {\n    width: 84%;\n  }\n}\n<\/style>\n\t<\/div>\n\t\n\n<h5 class=\"uppercase\" style=\"text-align: center;\"><span data-line-height=\"xs\"><strong><span style=\"color: #d83131; font-size: 80%;\">160 \/ 180 mm<\/span><br><\/strong><\/span><\/h5>\n<h2 class=\"uppercase\" style=\"text-align: center;\"><strong>RC04M<\/strong><\/h2>\n<p style=\"text-align: center;\"><span style=\"font-size: 80%;\">Disque de frein en deux parties | 1,8 mm d\u2019\u00e9paisseur | Acier inoxydable | alliage centerlock spyder (verrouillage solo s\u00e9par\u00e9) | disponible en diam\u00e8tres 160 \/ 180 mm<\/span><\/p>\n\n\t\t<\/div>\n\t\t\t\t\t<\/div>\n\n\t\n\n\n<\/div>\n\t<div id=\"text-4035051616\" class=\"text\">\n\t\t\n\n<p> <\/p>\n<hr>\n<p style=\"text-align: center;\">La limite d\u2019usure des disques de frein de 1,8 mm est de 1,5 mm<br>La limite d\u2019usure des disques de frein de 2,3 mm est de 1,9 mm<\/p>\n\t\t\n<style>\n#text-4035051616 {\n  font-size: 0.75rem;\n}\n@media (min-width:550px) {\n  #text-4035051616 {\n    font-size: 1.05rem;\n  }\n}\n<\/style>\n\t<\/div>\n\t\n\t<div id=\"gap-766373379\" class=\"gap-element clearfix\" style=\"display:block; height:auto;\">\n\t\t\n<style>\n#gap-766373379 {\n  padding-top: 30px;\n}\n<\/style>\n\t<\/div>\n\t\n\n\n  <div class=\"banner has-hover\" id=\"banner-472380784\">\n          <div class=\"banner-inner fill\">\n        <div class=\"banner-bg fill\" >\n            <img loading=\"lazy\" decoding=\"async\" width=\"1020\" height=\"681\" src=\"https:\/\/tektro.eu\/wp-content\/uploads\/DSC_4498-1198x800.jpg\" class=\"bg attachment-large size-large\" alt=\"\" \/>                        <div class=\"overlay\"><\/div>            \n                    <\/div>\n\t\t\n        <div class=\"banner-layers container\">\n            <div class=\"fill banner-link\"><\/div>            \n\n   <div id=\"text-box-877421853\" class=\"text-box banner-layer x5 md-x5 lg-x5 y25 md-y25 lg-y25 res-text\">\n                                <div class=\"text-box-content text dark\">\n              \n              <div class=\"text-inner text-left\">\n                  \n\n\t<div id=\"text-2376057131\" class=\"text\">\n\t\t\n\n<h2 class=\"uppercase\" style=\"text-align: left;\"><strong>Adaptateurs<\/strong><\/h2>\n<p style=\"text-align: left;\">De nouveaux adaptateurs usin\u00e9s CNC conf\u00e8rent au syst\u00e8me une plus grande rigidit\u00e9 et une meilleure transmission de la force de freinage. Un marquage clair et simple facilite le montage.<\/p>\n\t\t\n<style>\n#text-2376057131 {\n  text-align: left;\n}\n<\/style>\n\t<\/div>\n\t\n<a href=\"https:\/\/tektro.eu\/fr\/trp-2\/adaptateurs\/\" class=\"button white is-outline is-small\" >\n\t\t<span>Aper\u00e7u<\/span>\n\t<\/a>\n\n\n\n              <\/div>\n           <\/div>\n                            \n<style>\n#text-box-877421853 {\n  width: 84%;\n}\n#text-box-877421853 .text-box-content {\n  font-size: 100%;\n}\n@media (min-width:550px) {\n  #text-box-877421853 {\n    width: 63%;\n  }\n}\n<\/style>\n    <\/div>\n \n\n        <\/div>\n      <\/div>\n\n            \n<style>\n#banner-472380784 {\n  padding-top: 257px;\n  background-color: rgb(255, 255, 255);\n}\n#banner-472380784 .overlay {\n  background-color: rgba(0, 0, 0, 0.517);\n}\n#banner-472380784 .banner-bg img {\n  object-position: 0% 81%;\n}\n@media (min-width:550px) {\n  #banner-472380784 {\n    padding-top: 373px;\n  }\n  #banner-472380784 .overlay {\n    background-color: rgba(0, 0, 0, 0.512);\n  }\n}\n<\/style>\n  <\/div>\n\n\n\n\t<section class=\"section\" id=\"section_1915565562\">\n\t\t<div class=\"section-bg fill\" >\n\t\t\t\t\t\t\t\t\t\n\t\t\t\n\n\t\t<\/div>\n\n\t\t\n\n\t\t<div class=\"section-content relative\">\n\t\t\t\n\n<div class=\"row row-large align-center row-divided\"  id=\"row-956503972\">\n\n\n\t<div id=\"col-1814430757\" class=\"col medium-4 small-12 large-4\"  >\n\t\t\t\t<div class=\"col-inner\"  >\n\t\t\t\n\t\t\t\n\n\n\t\t<div class=\"icon-box featured-box icon-box-center text-center\"  style=\"margin:0px 0px 0px 0px;\">\n\t\t\t\t\t<div class=\"icon-box-img\" style=\"width: 60px\">\n\t\t\t\t<div class=\"icon\">\n\t\t\t\t\t<div class=\"icon-inner\" >\n\t\t\t\t\t\t<img loading=\"lazy\" decoding=\"async\" width=\"408\" height=\"400\" src=\"https:\/\/tektro.eu\/wp-content\/uploads\/Bremsscheibe-408x400.png\" class=\"attachment-medium size-medium\" alt=\"\" srcset=\"https:\/\/tektro.eu\/wp-content\/uploads\/Bremsscheibe-408x400.png 408w, https:\/\/tektro.eu\/wp-content\/uploads\/Bremsscheibe-510x500.png 510w, https:\/\/tektro.eu\/wp-content\/uploads\/Bremsscheibe.png 600w\" sizes=\"auto, (max-width: 408px) 100vw, 408px\" \/>\t\t\t\t\t<\/div>\n\t\t\t\t<\/div>\n\t\t\t<\/div>\n\t\t\t\t<div class=\"icon-box-text last-reset\">\n\t\t\t\t\t\t\t\t\t\n\n\t<div id=\"text-2418039443\" class=\"text\">\n\t\t\n\n<h3>Disques de frein de 2,3 mm d&#8217;\u00e9paisseur<\/h3>\n<p><span style=\"font-size: 90%;\">Les disques de frein plus \u00e9pais de 2,3 mm apportent une augmentation de 8% de la r\u00e9sistance \u00e0 la chaleur et de 47% de la rigidit\u00e9 lat\u00e9rale. Les disques de 223 mm de diam\u00e8tre sont particuli\u00e8rement adapt\u00e9s aux v\u00e9los de 29 pouces.<\/span><\/p>\n\t\t\n<style>\n#text-2418039443 {\n  font-size: 1rem;\n  line-height: 1.5;\n}\n<\/style>\n\t<\/div>\n\t\n\n\t\t<\/div>\n\t<\/div>\n\t\n\t\n\n\t\t<\/div>\n\t\t\t\t\t<\/div>\n\n\t\n\n\t<div id=\"col-1260285487\" class=\"col medium-4 small-12 large-4\"  >\n\t\t\t\t<div class=\"col-inner\"  >\n\t\t\t\n\t\t\t\n\n\n\t\t<div class=\"icon-box featured-box icon-box-center text-center\"  style=\"margin:0px 0px 0px 0px;\">\n\t\t\t\t\t<div class=\"icon-box-img\" style=\"width: 60px\">\n\t\t\t\t<div class=\"icon\">\n\t\t\t\t\t<div class=\"icon-inner\" >\n\t\t\t\t\t\t<img loading=\"lazy\" decoding=\"async\" width=\"408\" height=\"400\" src=\"https:\/\/tektro.eu\/wp-content\/uploads\/Bremsscheibe-408x400.png\" class=\"attachment-medium size-medium\" alt=\"\" srcset=\"https:\/\/tektro.eu\/wp-content\/uploads\/Bremsscheibe-408x400.png 408w, https:\/\/tektro.eu\/wp-content\/uploads\/Bremsscheibe-510x500.png 510w, https:\/\/tektro.eu\/wp-content\/uploads\/Bremsscheibe.png 600w\" sizes=\"auto, (max-width: 408px) 100vw, 408px\" \/>\t\t\t\t\t<\/div>\n\t\t\t\t<\/div>\n\t\t\t<\/div>\n\t\t\t\t<div class=\"icon-box-text last-reset\">\n\t\t\t\t\t\t\t\t\t\n\n\t<div id=\"text-2397952045\" class=\"text\">\n\t\t\n\n<h3>Nouvelle huile min\u00e9rale de performance<\/h3>\n<p><span style=\"font-size: 90%;\">Une viscosit\u00e9 plus faible pour un meilleur \u00e9coulement de l&#8217;huile et une r\u00e9sistance accrue \u00e0 la chaleur jusqu&#8217;\u00e0 230\u00ba C permettent d&#8217;am\u00e9liorer consid\u00e9rablement la stabilit\u00e9 des syst\u00e8mes de freinage.<\/span><\/p>\n\t\t\n<style>\n#text-2397952045 {\n  font-size: 1rem;\n  line-height: 1.5;\n}\n<\/style>\n\t<\/div>\n\t\n\n\t\t<\/div>\n\t<\/div>\n\t\n\t\n\n\t\t<\/div>\n\t\t\t\t\t<\/div>\n\n\t\n\n\t<div id=\"col-902305454\" class=\"col medium-4 small-12 large-4\"  >\n\t\t\t\t<div class=\"col-inner\"  >\n\t\t\t\n\t\t\t\n\n\n\t\t<div class=\"icon-box featured-box icon-box-center text-center\"  style=\"margin:0px 0px 0px 0px;\">\n\t\t\t\t\t<div class=\"icon-box-img\" style=\"width: 60px\">\n\t\t\t\t<div class=\"icon\">\n\t\t\t\t\t<div class=\"icon-inner\" >\n\t\t\t\t\t\t<img loading=\"lazy\" decoding=\"async\" width=\"408\" height=\"400\" src=\"https:\/\/tektro.eu\/wp-content\/uploads\/Bremsscheibe-408x400.png\" class=\"attachment-medium size-medium\" alt=\"\" srcset=\"https:\/\/tektro.eu\/wp-content\/uploads\/Bremsscheibe-408x400.png 408w, https:\/\/tektro.eu\/wp-content\/uploads\/Bremsscheibe-510x500.png 510w, https:\/\/tektro.eu\/wp-content\/uploads\/Bremsscheibe.png 600w\" sizes=\"auto, (max-width: 408px) 100vw, 408px\" \/>\t\t\t\t\t<\/div>\n\t\t\t\t<\/div>\n\t\t\t<\/div>\n\t\t\t\t<div class=\"icon-box-text last-reset\">\n\t\t\t\t\t\t\t\t\t\n\n\t<div id=\"text-2831748013\" class=\"text\">\n\t\t\n\n<h3>Nouvelles durites d&#8217;huile de 5 mm<\/h3>\n<p><span style=\"font-size: 90%;\">En collaboration avec le sp\u00e9cialiste allemand Rehau, des durites de frein hydrauliques plus solides ont \u00e9t\u00e9 d\u00e9velopp\u00e9es et leur r\u00e9sistance \u00e0 la chaleur a \u00e9galement \u00e9t\u00e9 augment\u00e9e.<\/span><\/p>\n\t\t\n<style>\n#text-2831748013 {\n  font-size: 1rem;\n  line-height: 1.5;\n}\n<\/style>\n\t<\/div>\n\t\n\n\t\t<\/div>\n\t<\/div>\n\t\n\t\n\n\t\t<\/div>\n\t\t\t\t\t<\/div>\n\n\t\n\n<\/div>\n\n\t\t<\/div>\n\n\t\t\n<style>\n#section_1915565562 {\n  padding-top: 30px;\n  padding-bottom: 30px;\n  background-color: rgb(255, 255, 255);\n}\n<\/style>\n\t<\/section>\n\t\n\t<div id=\"gap-1275060625\" class=\"gap-element clearfix\" style=\"display:block; height:auto;\">\n\t\t\n<style>\n#gap-1275060625 {\n  padding-top: 30px;\n}\n<\/style>\n\t<\/div>\n\t\n\n\n","protected":false},"excerpt":{"rendered":"","protected":false},"author":1,"featured_media":0,"parent":6681,"menu_order":0,"comment_status":"closed","ping_status":"closed","template":"page-blank.php","meta":{"_monsterinsights_skip_tracking":false,"_monsterinsights_sitenote_active":false,"_monsterinsights_sitenote_note":"","_monsterinsights_sitenote_category":0,"footnotes":""},"class_list":["post-7029","page","type-page","status-publish","hentry"],"_links":{"self":[{"href":"https:\/\/tektro.eu\/fr\/wp-json\/wp\/v2\/pages\/7029","targetHints":{"allow":["GET"]}}],"collection":[{"href":"https:\/\/tektro.eu\/fr\/wp-json\/wp\/v2\/pages"}],"about":[{"href":"https:\/\/tektro.eu\/fr\/wp-json\/wp\/v2\/types\/page"}],"author":[{"embeddable":true,"href":"https:\/\/tektro.eu\/fr\/wp-json\/wp\/v2\/users\/1"}],"replies":[{"embeddable":true,"href":"https:\/\/tektro.eu\/fr\/wp-json\/wp\/v2\/comments?post=7029"}],"version-history":[{"count":3,"href":"https:\/\/tektro.eu\/fr\/wp-json\/wp\/v2\/pages\/7029\/revisions"}],"predecessor-version":[{"id":12321,"href":"https:\/\/tektro.eu\/fr\/wp-json\/wp\/v2\/pages\/7029\/revisions\/12321"}],"up":[{"embeddable":true,"href":"https:\/\/tektro.eu\/fr\/wp-json\/wp\/v2\/pages\/6681"}],"wp:attachment":[{"href":"https:\/\/tektro.eu\/fr\/wp-json\/wp\/v2\/media?parent=7029"}],"curies":[{"name":"wp","href":"https:\/\/api.w.org\/{rel}","templated":true}]}}