{"id":7023,"date":"2022-07-12T10:25:13","date_gmt":"2022-07-12T10:25:13","guid":{"rendered":"https:\/\/tektro.eu\/trp-2\/trp-plaquettes-de-frein\/"},"modified":"2023-02-17T11:22:10","modified_gmt":"2023-02-17T11:22:10","slug":"trp-plaquettes-de-frein","status":"publish","type":"page","link":"https:\/\/tektro.eu\/fr\/trp-2\/trp-plaquettes-de-frein\/","title":{"rendered":"TRP Plaquettes de frein"},"content":{"rendered":"\n\n  <div class=\"banner has-hover\" id=\"banner-461157322\">\n          <div class=\"banner-inner fill\">\n        <div class=\"banner-bg fill\" >\n            <img loading=\"lazy\" decoding=\"async\" width=\"2000\" height=\"1380\" src=\"https:\/\/tektro.eu\/wp-content\/uploads\/TRP-Bremsbelag_0983.jpg\" class=\"bg attachment-original size-original\" alt=\"\" \/>                        <div class=\"overlay\"><\/div>            \n                    <\/div>\n\t\t\n        <div class=\"banner-layers container\">\n            <div class=\"fill banner-link\"><\/div>            \n\n   <div id=\"text-box-1705499561\" class=\"text-box banner-layer x50 md-x0 lg-x0 y90 md-y90 lg-y90 res-text\">\n                                <div class=\"text-box-content text dark text-shadow-1\">\n              \n              <div class=\"text-inner text-left\">\n                  \n\n<h1 class=\"uppercase\">Plaquettes de frein<\/h1>\n<p>TRP propose des plaquettes de frein adapt\u00e9es \u00e0 diff\u00e9rents domaines d&#8217;utilisation et conditions m\u00e9t\u00e9orologiques &#8211; \u00e9galement sp\u00e9ciales pour l&#8217;utilisation de v\u00e9los \u00e9lectriques.<\/p>\n\n              <\/div>\n           <\/div>\n                            \n<style>\n#text-box-1705499561 .text-box-content {\n  background-color: rgba(255, 255, 255, 0);\n  font-size: 100%;\n}\n#text-box-1705499561 .text-inner {\n  padding: 0px 0px 0px 0px;\n}\n#text-box-1705499561 {\n  width: 86%;\n}\n@media (min-width:550px) {\n  #text-box-1705499561 {\n    width: 51%;\n  }\n}\n<\/style>\n    <\/div>\n \n\n        <\/div>\n      <\/div>\n\n            \n<style>\n#banner-461157322 {\n  padding-top: 300px;\n  background-color: rgb(255, 255, 255);\n}\n#banner-461157322 .overlay {\n  background-color: rgba(0, 0, 0, 0.331);\n}\n#banner-461157322 .banner-bg img {\n  object-position: 2% 55%;\n}\n@media (min-width:550px) {\n  #banner-461157322 {\n    padding-top: 500px;\n  }\n  #banner-461157322 .overlay {\n    background-color: rgba(0, 0, 0, 0.32);\n  }\n}\n<\/style>\n  <\/div>\n\n\n\t<div id=\"gap-1272861747\" class=\"gap-element clearfix\" style=\"display:block; height:auto;\">\n\t\t\n<style>\n#gap-1272861747 {\n  padding-top: 30px;\n}\n<\/style>\n\t<\/div>\n\t\n\n\n\t<section class=\"section\" id=\"section_748248449\">\n\t\t<div class=\"section-bg fill\" >\n\t\t\t\t\t\t\t\t\t\n\t\t\t\n\n\t\t<\/div>\n\n\t\t\n\n\t\t<div class=\"section-content relative\">\n\t\t\t\n\n<div class=\"row row-large align-center row-divided\"  id=\"row-645685799\">\n\n\n\t<div id=\"col-1662951164\" class=\"col medium-4 small-12 large-4\"  >\n\t\t\t\t<div class=\"col-inner\"  >\n\t\t\t\n\t\t\t\n\n\n\t\t<div class=\"icon-box featured-box icon-box-center text-center is-large\"  style=\"margin:0px 0px 0px 0px;\">\n\t\t\t\t\t<div class=\"icon-box-img\" style=\"width: 68px\">\n\t\t\t\t<div class=\"icon\">\n\t\t\t\t\t<div class=\"icon-inner\" >\n\t\t\t\t\t\t<img loading=\"lazy\" decoding=\"async\" width=\"500\" height=\"384\" src=\"https:\/\/tektro.eu\/wp-content\/uploads\/belag_blau.jpg\" class=\"attachment-medium size-medium\" alt=\"\" \/>\t\t\t\t\t<\/div>\n\t\t\t\t<\/div>\n\t\t\t<\/div>\n\t\t\t\t<div class=\"icon-box-text last-reset\">\n\t\t\t<h5 class=\"uppercase\">Plaquettes de frein bleu<\/h5>\t\t\t\t\t\t\n\n<p><span style=\"font-size: 80%;\" data-line-height=\"s\">Garniture organique &#8211; pour une performance maximale sur le sec. Se freine rapidement. D\u00e9velopp\u00e9 pour les exigences de performance et les v\u00e9los \u00e9lectriques. Tr\u00e8s silencieuse.<\/span><\/p>\n\n\t\t<\/div>\n\t<\/div>\n\t\n\t\n\n\t\t<\/div>\n\t\t\t\t\t<\/div>\n\n\t\n\n\t<div id=\"col-1239453847\" class=\"col medium-4 small-12 large-4\"  >\n\t\t\t\t<div class=\"col-inner\"  >\n\t\t\t\n\t\t\t\n\n\n\t\t<div class=\"icon-box featured-box icon-box-center text-center is-large\"  style=\"margin:0px 0px 0px 0px;\">\n\t\t\t\t\t<div class=\"icon-box-img\" style=\"width: 68px\">\n\t\t\t\t<div class=\"icon\">\n\t\t\t\t\t<div class=\"icon-inner\" >\n\t\t\t\t\t\t<img loading=\"lazy\" decoding=\"async\" width=\"500\" height=\"384\" src=\"https:\/\/tektro.eu\/wp-content\/uploads\/belag_rot.jpg\" class=\"attachment-medium size-medium\" alt=\"\" \/>\t\t\t\t\t<\/div>\n\t\t\t\t<\/div>\n\t\t\t<\/div>\n\t\t\t\t<div class=\"icon-box-text last-reset\">\n\t\t\t<h5 class=\"uppercase\">Plaquette de frein rouge<\/h5>\t\t\t\t\t\t\n\n<p><span style=\"font-size: 80%;\">Garniture semi-organique &#8211; le m\u00e9lange organique\/m\u00e9tallique est un tr\u00e8s bon compromis pour les v\u00e9los \u00e9lectriques et les cyclistes fr\u00e9quents.<br><\/span><\/p>\n\n\t\t<\/div>\n\t<\/div>\n\t\n\t\n\n\t\t<\/div>\n\t\t\t\t\t<\/div>\n\n\t\n\n\t<div id=\"col-407622604\" class=\"col medium-4 small-12 large-4\"  >\n\t\t\t\t<div class=\"col-inner\"  >\n\t\t\t\n\t\t\t\n\n\n\t\t<div class=\"icon-box featured-box icon-box-center text-center is-large\"  style=\"margin:0px 0px 0px 0px;\">\n\t\t\t\t\t<div class=\"icon-box-img\" style=\"width: 68px\">\n\t\t\t\t<div class=\"icon\">\n\t\t\t\t\t<div class=\"icon-inner\" >\n\t\t\t\t\t\t<img loading=\"lazy\" decoding=\"async\" width=\"500\" height=\"384\" src=\"https:\/\/tektro.eu\/wp-content\/uploads\/belag_kupfer.jpg\" class=\"attachment-medium size-medium\" alt=\"\" \/>\t\t\t\t\t<\/div>\n\t\t\t\t<\/div>\n\t\t\t<\/div>\n\t\t\t\t<div class=\"icon-box-text last-reset\">\n\t\t\t<h5 class=\"uppercase\">Plaquette de frein cuivre<\/h5>\t\t\t\t\t\t\n\n<p><span style=\"font-size: 80%;\">Rev\u00eatement m\u00e9tallique &#8211; le premier choix pour les exigences extr\u00eames comme un week-end dans un bike park ou dans des conditions m\u00e9t\u00e9orologiques mauvaises et humides.<\/span><\/p>\n\n\t\t<\/div>\n\t<\/div>\n\t\n\t\n\n\t\t<\/div>\n\t\t\t\t\t<\/div>\n\n\t\n\n<\/div>\n\n\t\t<\/div>\n\n\t\t\n<style>\n#section_748248449 {\n  padding-top: 30px;\n  padding-bottom: 30px;\n  background-color: rgb(255, 255, 255);\n}\n<\/style>\n\t<\/section>\n\t\n<div class=\"container section-title-container\" ><h2 class=\"section-title section-title-center\"><b aria-hidden=\"true\"><\/b><span class=\"section-title-main\" >4-pistons<\/span><b aria-hidden=\"true\"><\/b><\/h2><\/div>\n\n<div class=\"row row-small row-full-width align-center row-divided\"  id=\"row-658840058\">\n\n\n\t<div id=\"col-887107678\" class=\"col medium-3 small-6 large-3\"  >\n\t\t\t\t<div class=\"col-inner\"  >\n\t\t\t\n\t\t\t\n\n\t<div class=\"img has-hover x md-x lg-x y md-y lg-y\" id=\"image_733716825\">\n\t\t\t\t\t\t\t\t<div class=\"img-inner image-cover dark\" style=\"padding-top:190px;\">\n\t\t\t<img loading=\"lazy\" decoding=\"async\" width=\"450\" height=\"300\" src=\"https:\/\/tektro.eu\/wp-content\/uploads\/trp-brake-pads-p-q12rs.jpg\" class=\"attachment-large size-large\" alt=\"\" \/>\t\t\t\t\t\t\n\t\t\t\t\t<\/div>\n\t\t\t\t\t\t\t\t\n<style>\n#image_733716825 {\n  width: 100%;\n}\n<\/style>\n\t<\/div>\n\t\n\n<h5 class=\"uppercase\" style=\"text-align: center;\"><span data-line-height=\"xs\"><strong><span style=\"color: #d83131; font-size: 80%;\">VTTAE \/ VTT<\/span><br><\/strong><\/span><\/h5>\n<h2 class=\"uppercase\" style=\"text-align: center;\"><strong>P-Q12RS<br><\/strong><\/h2>\n\n\t\t<\/div>\n\t\t\t\t\t<\/div>\n\n\t\n\n\t<div id=\"col-1363065190\" class=\"col medium-3 small-6 large-3\"  >\n\t\t\t\t<div class=\"col-inner\"  >\n\t\t\t\n\t\t\t\n\n\t<div class=\"img has-hover x md-x lg-x y md-y lg-y\" id=\"image_125314018\">\n\t\t\t\t\t\t\t\t<div class=\"img-inner image-cover dark\" style=\"padding-top:190px;\">\n\t\t\t<img loading=\"lazy\" decoding=\"async\" width=\"450\" height=\"300\" src=\"https:\/\/tektro.eu\/wp-content\/uploads\/trp-brake-pads-p-q2011.jpg\" class=\"attachment-large size-large\" alt=\"\" \/>\t\t\t\t\t\t\n\t\t\t\t\t<\/div>\n\t\t\t\t\t\t\t\t\n<style>\n#image_125314018 {\n  width: 100%;\n}\n<\/style>\n\t<\/div>\n\t\n\n<h5 class=\"uppercase\" style=\"text-align: center;\"><span data-line-height=\"xs\"><strong><span style=\"color: #d83131; font-size: 80%;\">VTTAE \/ VTT<\/span><br><\/strong><\/span><\/h5>\n<h2 class=\"uppercase\" style=\"text-align: center;\"><strong>Q20.11<\/strong><\/h2>\n<h2 class=\"uppercase\" style=\"text-align: center;\"><strong> <\/strong><\/h2>\n\n\t\t<\/div>\n\t\t\t\t\t<\/div>\n\n\t\n\n\t<div id=\"col-2117373785\" class=\"col medium-3 small-6 large-3\"  >\n\t\t\t\t<div class=\"col-inner\"  >\n\t\t\t\n\t\t\t\n\n\t<div class=\"img has-hover x md-x lg-x y md-y lg-y\" id=\"image_1116003455\">\n\t\t\t\t\t\t\t\t<div class=\"img-inner image-cover dark\" style=\"padding-top:190px;\">\n\t\t\t<img loading=\"lazy\" decoding=\"async\" width=\"450\" height=\"300\" src=\"https:\/\/tektro.eu\/wp-content\/uploads\/trp-brake-pads-p-q15ts.jpg\" class=\"attachment-large size-large\" alt=\"\" \/>\t\t\t\t\t\t\n\t\t\t\t\t<\/div>\n\t\t\t\t\t\t\t\t\n<style>\n#image_1116003455 {\n  width: 100%;\n}\n<\/style>\n\t<\/div>\n\t\n\n<h5 class=\"uppercase\" style=\"text-align: center;\"><span data-line-height=\"xs\"><strong><span style=\"color: #d83131; font-size: 80%;\">VTTAE \/ VTT<\/span><br><\/strong><\/span><\/h5>\n<h2 class=\"uppercase\" style=\"text-align: center;\"><strong>P-Q15TS<br><\/strong><\/h2>\n\n\t\t<\/div>\n\t\t\t\t\t<\/div>\n\n\t\n\n\n<style>\n#row-658840058 > .col > .col-inner {\n  padding: 0px 0px 0px 0px;\n}\n<\/style>\n<\/div>\n\t<div id=\"gap-560889090\" class=\"gap-element clearfix\" style=\"display:block; height:auto;\">\n\t\t\n<style>\n#gap-560889090 {\n  padding-top: 14px;\n}\n<\/style>\n\t<\/div>\n\t\n\n<div class=\"container section-title-container\" ><h2 class=\"section-title section-title-center\"><b aria-hidden=\"true\"><\/b><span class=\"section-title-main\" >2-pistons<\/span><b aria-hidden=\"true\"><\/b><\/h2><\/div>\n\n<div class=\"row row-full-width align-center row-divided\"  id=\"row-1037138357\">\n\n\n\t<div id=\"col-428735482\" class=\"col medium-3 small-6 large-3\"  >\n\t\t\t\t<div class=\"col-inner text-center\"  >\n\t\t\t\n\t\t\t\n\n\t<div class=\"img has-hover x md-x lg-x y md-y lg-y\" id=\"image_688890553\">\n\t\t\t\t\t\t\t\t<div class=\"img-inner image-cover dark\" style=\"padding-top:230px;\">\n\t\t\t<img loading=\"lazy\" decoding=\"async\" width=\"300\" height=\"300\" src=\"https:\/\/tektro.eu\/wp-content\/uploads\/trp-brake-pads-p-f12rs.jpg\" class=\"attachment-large size-large\" alt=\"\" srcset=\"https:\/\/tektro.eu\/wp-content\/uploads\/trp-brake-pads-p-f12rs.jpg 300w, https:\/\/tektro.eu\/wp-content\/uploads\/trp-brake-pads-p-f12rs-100x100.jpg 100w, https:\/\/tektro.eu\/wp-content\/uploads\/trp-brake-pads-p-f12rs-280x280.jpg 280w\" sizes=\"auto, (max-width: 300px) 100vw, 300px\" \/>\t\t\t\t\t\t\n\t\t\t\t\t<\/div>\n\t\t\t\t\t\t\t\t\n<style>\n#image_688890553 {\n  width: 79%;\n}\n<\/style>\n\t<\/div>\n\t\n\n<h5 class=\"uppercase\" style=\"text-align: center;\"><span data-line-height=\"xs\"><strong><span style=\"color: #d83131; font-size: 80%;\">VTTAE \/ VTT<\/span><br><\/strong><\/span><\/h5>\n<h2 class=\"uppercase\" style=\"text-align: center;\"><strong>P-F12RS<br><\/strong><\/h2>\n\n\t\t<\/div>\n\t\t\t\t\t<\/div>\n\n\t\n\n\t<div id=\"col-1627912522\" class=\"col medium-3 small-6 large-3\"  >\n\t\t\t\t<div class=\"col-inner text-center\"  >\n\t\t\t\n\t\t\t\n\n\t<div class=\"img has-hover x md-x lg-x y md-y lg-y\" id=\"image_213133465\">\n\t\t\t\t\t\t\t\t<div class=\"img-inner image-cover dark\" style=\"padding-top:230px;\">\n\t\t\t<img loading=\"lazy\" decoding=\"async\" width=\"300\" height=\"300\" src=\"https:\/\/tektro.eu\/wp-content\/uploads\/trp-brake-pads-p-a12rs.jpg\" class=\"attachment-large size-large\" alt=\"\" srcset=\"https:\/\/tektro.eu\/wp-content\/uploads\/trp-brake-pads-p-a12rs.jpg 300w, https:\/\/tektro.eu\/wp-content\/uploads\/trp-brake-pads-p-a12rs-100x100.jpg 100w, https:\/\/tektro.eu\/wp-content\/uploads\/trp-brake-pads-p-a12rs-280x280.jpg 280w\" sizes=\"auto, (max-width: 300px) 100vw, 300px\" \/>\t\t\t\t\t\t\n\t\t\t\t\t<\/div>\n\t\t\t\t\t\t\t\t\n<style>\n#image_213133465 {\n  width: 79%;\n}\n<\/style>\n\t<\/div>\n\t\n\n<h5 class=\"uppercase\" style=\"text-align: center;\"><span data-line-height=\"xs\"><strong><span style=\"color: #d83131; font-size: 80%;\">VTTAE \/ VTT<\/span><br><\/strong><\/span><\/h5>\n<h2 class=\"uppercase\" style=\"text-align: center;\"><strong>P-A12RS<\/strong><\/h2>\n<h2 class=\"uppercase\" style=\"text-align: center;\"><strong> <\/strong><\/h2>\n\n\t\t<\/div>\n\t\t\t\t\t<\/div>\n\n\t\n\n\t<div id=\"col-1386769596\" class=\"col medium-3 small-6 large-3\"  >\n\t\t\t\t<div class=\"col-inner text-center\"  >\n\t\t\t\n\t\t\t\n\n\t<div class=\"img has-hover x md-x lg-x y md-y lg-y\" id=\"image_344965647\">\n\t\t\t\t\t\t\t\t<div class=\"img-inner image-cover dark\" style=\"padding-top:230px;\">\n\t\t\t<img loading=\"lazy\" decoding=\"async\" width=\"300\" height=\"300\" src=\"https:\/\/tektro.eu\/wp-content\/uploads\/trp-brake-pads-p-f10rs.jpg\" class=\"attachment-large size-large\" alt=\"\" srcset=\"https:\/\/tektro.eu\/wp-content\/uploads\/trp-brake-pads-p-f10rs.jpg 300w, https:\/\/tektro.eu\/wp-content\/uploads\/trp-brake-pads-p-f10rs-100x100.jpg 100w, https:\/\/tektro.eu\/wp-content\/uploads\/trp-brake-pads-p-f10rs-280x280.jpg 280w\" sizes=\"auto, (max-width: 300px) 100vw, 300px\" \/>\t\t\t\t\t\t\n\t\t\t\t\t<\/div>\n\t\t\t\t\t\t\t\t\n<style>\n#image_344965647 {\n  width: 79%;\n}\n<\/style>\n\t<\/div>\n\t\n\n<h5 class=\"uppercase\" style=\"text-align: center;\"><span data-line-height=\"xs\"><strong><span style=\"color: #d83131; font-size: 80%;\">VTTAE \/ VTT<\/span><br><\/strong><\/span><\/h5>\n<h2 class=\"uppercase\" style=\"text-align: center;\"><strong>F10RS<br><\/strong><\/h2>\n\n\t\t<\/div>\n\t\t\t\t\t<\/div>\n\n\t\n\n\t<div id=\"col-394409201\" class=\"col medium-3 small-6 large-3\"  >\n\t\t\t\t<div class=\"col-inner text-center\"  >\n\t\t\t\n\t\t\t\n\n\t<div class=\"img has-hover x md-x lg-x y md-y lg-y\" id=\"image_1618520911\">\n\t\t\t\t\t\t\t\t<div class=\"img-inner image-cover dark\" style=\"padding-top:230px;margin:0px 0px 0px 0;\">\n\t\t\t<img loading=\"lazy\" decoding=\"async\" width=\"300\" height=\"300\" src=\"https:\/\/tektro.eu\/wp-content\/uploads\/trp-brake-pads-sp1011-1.jpg\" class=\"attachment-large size-large\" alt=\"\" srcset=\"https:\/\/tektro.eu\/wp-content\/uploads\/trp-brake-pads-sp1011-1.jpg 300w, https:\/\/tektro.eu\/wp-content\/uploads\/trp-brake-pads-sp1011-1-100x100.jpg 100w\" sizes=\"auto, (max-width: 300px) 100vw, 300px\" \/>\t\t\t\t\t\t\n\t\t\t\t\t<\/div>\n\t\t\t\t\t\t\t\t\n<style>\n#image_1618520911 {\n  width: 79%;\n}\n@media (min-width:850px) {\n  #image_1618520911 {\n    width: 79%;\n  }\n}\n<\/style>\n\t<\/div>\n\t\n\n<h5 class=\"uppercase\" style=\"text-align: center;\"><span data-line-height=\"xs\"><strong><span style=\"color: #d83131; font-size: 80%;\">VTTAE \/ VTT<\/span><br><\/strong><\/span><\/h5>\n<h2 class=\"uppercase\" style=\"text-align: center;\"><strong>SP10.11<br><\/strong><\/h2>\n\n\t\t<\/div>\n\t\t\t\t\t<\/div>\n\n\t\n\n<\/div>\n\n  <div class=\"banner has-hover\" id=\"banner-3400431\">\n          <div class=\"banner-inner fill\">\n        <div class=\"banner-bg fill\" >\n                                                \n\t<div class=\"is-border\"\n\t\tstyle=\"border-width:0px 0px 0px 0px;margin:0px 0px 0 0px;\">\n\t<\/div>\n                    <\/div>\n\t\t\n        <div class=\"banner-layers container\">\n            <div class=\"fill banner-link\"><\/div>            \n\n   <div id=\"text-box-1769259902\" class=\"text-box banner-layer x50 md-x50 lg-x50 y95 md-y50 lg-y50 res-text\">\n                                <div class=\"text-box-content text dark\">\n              \n              <div class=\"text-inner text-center\">\n                  \n\n\t<div class=\"img has-hover x md-x lg-x y md-y lg-y\" id=\"image_743455431\">\n\t\t\t\t\t\t\t\t<div class=\"img-inner dark\" >\n\t\t\t<img loading=\"lazy\" decoding=\"async\" width=\"1020\" height=\"325\" src=\"https:\/\/tektro.eu\/wp-content\/uploads\/TRP-Belag_D-1400x446.jpg\" class=\"attachment-large size-large\" alt=\"\" srcset=\"https:\/\/tektro.eu\/wp-content\/uploads\/TRP-Belag_D-1400x446.jpg 1400w, https:\/\/tektro.eu\/wp-content\/uploads\/TRP-Belag_D-510x162.jpg 510w, https:\/\/tektro.eu\/wp-content\/uploads\/TRP-Belag_D-800x255.jpg 800w, https:\/\/tektro.eu\/wp-content\/uploads\/TRP-Belag_D-768x245.jpg 768w, https:\/\/tektro.eu\/wp-content\/uploads\/TRP-Belag_D-1536x489.jpg 1536w, https:\/\/tektro.eu\/wp-content\/uploads\/TRP-Belag_D.jpg 2000w\" sizes=\"auto, (max-width: 1020px) 100vw, 1020px\" \/>\t\t\t\t\t\t\n\t\t\t\t\t<\/div>\n\t\t\t\t\t\t\t\t\n<style>\n#image_743455431 {\n  width: 83%;\n}\n<\/style>\n\t<\/div>\n\t\n\n\n              <\/div>\n           <\/div>\n                            \n<style>\n#text-box-1769259902 {\n  width: 100%;\n}\n#text-box-1769259902 .text-box-content {\n  font-size: 100%;\n}\n@media (min-width:550px) {\n  #text-box-1769259902 {\n    width: 69%;\n  }\n}\n@media (min-width:850px) {\n  #text-box-1769259902 {\n    width: 60%;\n  }\n}\n<\/style>\n    <\/div>\n \n\n        <\/div>\n      <\/div>\n\n            \n<style>\n#banner-3400431 {\n  padding-top: 188px;\n  background-color: rgb(255,255,255);\n}\n<\/style>\n  <\/div>\n\n\n\t<div id=\"gap-2047549991\" class=\"gap-element clearfix\" style=\"display:block; height:auto;\">\n\t\t\n<style>\n#gap-2047549991 {\n  padding-top: 30px;\n}\n<\/style>\n\t<\/div>\n\t\n\n\n  <div class=\"banner has-hover\" id=\"banner-1861872506\">\n          <div class=\"banner-inner fill\">\n        <div class=\"banner-bg fill\" >\n            <img loading=\"lazy\" decoding=\"async\" width=\"1020\" height=\"681\" src=\"https:\/\/tektro.eu\/wp-content\/uploads\/DSC_4625-1198x800.jpg\" class=\"bg attachment-large size-large\" alt=\"\" \/>                        <div class=\"overlay\"><\/div>            \n                    <\/div>\n\t\t\n        <div class=\"banner-layers container\">\n            <div class=\"fill banner-link\"><\/div>            \n\n   <div id=\"text-box-1070004145\" class=\"text-box banner-layer x5 md-x5 lg-x5 y90 md-y90 lg-y50 res-text\">\n                                <div class=\"text-box-content text dark\">\n              \n              <div class=\"text-inner text-left\">\n                  \n\n\t<div id=\"text-2143053562\" class=\"text\">\n\t\t\n\n<h2 class=\"uppercase\"><strong>Disques de frein<\/strong><\/h2>\n<p>En plus d&#8217;un grand choix de disques de frein standard d&#8217;une \u00e9paisseur de 1,8 mm, TRP est le premier fabricant \u00e0 proposer depuis 2018 des disques de frein plus solides d&#8217;une \u00e9paisseur de 2,3 mm et d&#8217;un diam\u00e8tre allant jusqu&#8217;\u00e0 223 mm, sp\u00e9cialement con\u00e7us pour l&#8217;utilisation des v\u00e9los \u00e9lectriques.<\/p>\n\t\t\n<style>\n#text-2143053562 {\n  text-align: left;\n}\n<\/style>\n\t<\/div>\n\t\n<a href=\"https:\/\/tektro.eu\/trp-2\/trp-disques-de-frein\/?lang=fr\" class=\"button white is-outline is-small\" >\n\t\t<span>Aper\u00e7u<\/span>\n\t<\/a>\n\n\n\n              <\/div>\n           <\/div>\n                            \n<style>\n#text-box-1070004145 {\n  width: 88%;\n}\n#text-box-1070004145 .text-box-content {\n  font-size: 100%;\n}\n@media (min-width:550px) {\n  #text-box-1070004145 {\n    width: 60%;\n  }\n}\n<\/style>\n    <\/div>\n \n\n        <\/div>\n      <\/div>\n\n            \n<style>\n#banner-1861872506 {\n  padding-top: 283px;\n  background-color: rgb(255,255,255);\n}\n#banner-1861872506 .overlay {\n  background-color: rgba(0, 0, 0, 0.419);\n}\n@media (min-width:550px) {\n  #banner-1861872506 {\n    padding-top: 349px;\n  }\n}\n<\/style>\n  <\/div>\n\n\n\t<div id=\"gap-1339357150\" class=\"gap-element clearfix\" style=\"display:block; height:auto;\">\n\t\t\n<style>\n#gap-1339357150 {\n  padding-top: 30px;\n}\n<\/style>\n\t<\/div>\n\t\n\n\n","protected":false},"excerpt":{"rendered":"","protected":false},"author":1,"featured_media":0,"parent":6681,"menu_order":0,"comment_status":"closed","ping_status":"closed","template":"page-blank.php","meta":{"_monsterinsights_skip_tracking":false,"_monsterinsights_sitenote_active":false,"_monsterinsights_sitenote_note":"","_monsterinsights_sitenote_category":0,"footnotes":""},"class_list":["post-7023","page","type-page","status-publish","hentry"],"_links":{"self":[{"href":"https:\/\/tektro.eu\/fr\/wp-json\/wp\/v2\/pages\/7023","targetHints":{"allow":["GET"]}}],"collection":[{"href":"https:\/\/tektro.eu\/fr\/wp-json\/wp\/v2\/pages"}],"about":[{"href":"https:\/\/tektro.eu\/fr\/wp-json\/wp\/v2\/types\/page"}],"author":[{"embeddable":true,"href":"https:\/\/tektro.eu\/fr\/wp-json\/wp\/v2\/users\/1"}],"replies":[{"embeddable":true,"href":"https:\/\/tektro.eu\/fr\/wp-json\/wp\/v2\/comments?post=7023"}],"version-history":[{"count":0,"href":"https:\/\/tektro.eu\/fr\/wp-json\/wp\/v2\/pages\/7023\/revisions"}],"up":[{"embeddable":true,"href":"https:\/\/tektro.eu\/fr\/wp-json\/wp\/v2\/pages\/6681"}],"wp:attachment":[{"href":"https:\/\/tektro.eu\/fr\/wp-json\/wp\/v2\/media?parent=7023"}],"curies":[{"name":"wp","href":"https:\/\/api.w.org\/{rel}","templated":true}]}}