{"id":7020,"date":"2022-07-12T10:20:35","date_gmt":"2022-07-12T10:20:35","guid":{"rendered":"https:\/\/tektro.eu\/trp-2\/adaptateurs\/"},"modified":"2025-07-10T11:38:03","modified_gmt":"2025-07-10T11:38:03","slug":"adaptateurs","status":"publish","type":"page","link":"https:\/\/tektro.eu\/fr\/trp-2\/adaptateurs\/","title":{"rendered":"ADAPTATEURS"},"content":{"rendered":"\n\n  <div class=\"banner has-hover\" id=\"banner-81199858\">\n          <div class=\"banner-inner fill\">\n        <div class=\"banner-bg fill\" >\n            <img loading=\"lazy\" decoding=\"async\" width=\"1800\" height=\"1202\" src=\"https:\/\/tektro.eu\/wp-content\/uploads\/DSC_4500-scaled-e1603912064279.jpg\" class=\"bg attachment-original size-original\" alt=\"\" \/>                        <div class=\"overlay\"><\/div>            \n                    <\/div>\n\t\t\n        <div class=\"banner-layers container\">\n            <div class=\"fill banner-link\"><\/div>            \n\n   <div id=\"text-box-442309693\" class=\"text-box banner-layer x50 md-x0 lg-x0 y95 md-y95 lg-y95 res-text\">\n                                <div class=\"text-box-content text dark\">\n              \n              <div class=\"text-inner text-left\">\n                  \n\n<h1 class=\"uppercase\">Adaptateur CNC Post Mount<\/h1>\n<p>De nouveaux adaptateurs usin\u00e9s CNC conf\u00e8rent au syst\u00e8me une plus grande rigidit\u00e9 et une meilleure transmission de la force de freinage. Un marquage clair et simple facilite le montage.<\/p>\n\n              <\/div>\n           <\/div>\n                            \n<style>\n#text-box-442309693 .text-box-content {\n  background-color: rgba(255, 255, 255, 0);\n  font-size: 100%;\n}\n#text-box-442309693 .text-inner {\n  padding: 0px 0px 0px 0px;\n}\n#text-box-442309693 {\n  width: 90%;\n}\n@media (min-width:550px) {\n  #text-box-442309693 {\n    width: 74%;\n  }\n}\n<\/style>\n    <\/div>\n \n\n        <\/div>\n      <\/div>\n\n            \n<style>\n#banner-81199858 {\n  padding-top: 300px;\n  background-color: rgb(255, 255, 255);\n}\n#banner-81199858 .overlay {\n  background-color: rgba(0, 0, 0, 0.558);\n}\n#banner-81199858 .banner-bg img {\n  object-position: 20% 64%;\n}\n@media (min-width:550px) {\n  #banner-81199858 {\n    padding-top: 500px;\n  }\n  #banner-81199858 .overlay {\n    background-color: rgba(0, 0, 0, 0.477);\n  }\n}\n<\/style>\n  <\/div>\n\n\n\t<div id=\"gap-1198830898\" class=\"gap-element clearfix\" style=\"display:block; height:auto;\">\n\t\t\n<style>\n#gap-1198830898 {\n  padding-top: 55px;\n}\n<\/style>\n\t<\/div>\n\t\n\n<div class=\"row row-full-width align-center row-divided\"  id=\"row-958597552\">\n\n\n\t<div id=\"col-185551754\" class=\"col medium-2 small-6 large-2\"  >\n\t\t\t\t<div class=\"col-inner text-center\"  >\n\t\t\t\n\t\t\t\n\n\t<div class=\"img has-hover x md-x lg-x y md-y lg-y\" id=\"image_1324864357\">\n\t\t\t\t\t\t\t\t<div class=\"img-inner image-cover dark\" style=\"padding-top:149%;\">\n\t\t\t<img loading=\"lazy\" decoding=\"async\" width=\"200\" height=\"300\" src=\"https:\/\/tektro.eu\/wp-content\/uploads\/trp-p17.png\" class=\"attachment-large size-large\" alt=\"\" \/>\t\t\t\t\t\t\n\t\t\t\t\t<\/div>\n\t\t\t\t\t\t\t\t\n<style>\n#image_1324864357 {\n  width: 78%;\n}\n<\/style>\n\t<\/div>\n\t\n\n<h5 class=\"uppercase\" style=\"text-align: center;\"><span data-line-height=\"xs\"><strong><span style=\"color: #d83131; font-size: 80%;\">VTTAE \/ VTT<\/span><br><\/strong><\/span><\/h5>\n<h2 class=\"uppercase\" style=\"text-align: center;\"><strong>P17<br><\/strong><\/h2>\n\n\t\t<\/div>\n\t\t\t\t\t<\/div>\n\n\t\n\n\t<div id=\"col-1127573361\" class=\"col medium-2 small-6 large-2\"  >\n\t\t\t\t<div class=\"col-inner text-center\"  >\n\t\t\t\n\t\t\t\n\n\t<div class=\"img has-hover x md-x lg-x y md-y lg-y\" id=\"image_374647012\">\n\t\t\t\t\t\t\t\t<div class=\"img-inner image-cover dark\" style=\"padding-top:146%;margin:0px 0px 0 0px;\">\n\t\t\t<img loading=\"lazy\" decoding=\"async\" width=\"200\" height=\"300\" src=\"https:\/\/tektro.eu\/wp-content\/uploads\/trp-p20.png\" class=\"attachment-large size-large\" alt=\"\" \/>\t\t\t\t\t\t\n\t\t\t\t\t<\/div>\n\t\t\t\t\t\t\t\t\n<style>\n#image_374647012 {\n  width: 80%;\n}\n<\/style>\n\t<\/div>\n\t\n\n<h5 class=\"uppercase\" style=\"text-align: center;\"><span data-line-height=\"xs\"><strong><span style=\"color: #d83131; font-size: 80%;\">VTTAE \/ VTT<\/span><br><\/strong><\/span><\/h5>\n<h2 class=\"uppercase\" style=\"text-align: center;\"><strong>P20<br><\/strong><\/h2>\n\n\t\t<\/div>\n\t\t\t\t\t<\/div>\n\n\t\n\n\t<div id=\"col-239112641\" class=\"col medium-2 small-6 large-2\"  >\n\t\t\t\t<div class=\"col-inner text-center\"  >\n\t\t\t\n\t\t\t\n\n\t<div class=\"img has-hover x md-x lg-x y md-y lg-y\" id=\"image_26945652\">\n\t\t\t\t\t\t\t\t<div class=\"img-inner image-cover dark\" style=\"padding-top:227%;margin:0 0px 0px 0px;\">\n\t\t\t<img loading=\"lazy\" decoding=\"async\" width=\"200\" height=\"300\" src=\"https:\/\/tektro.eu\/wp-content\/uploads\/trp-p23.png\" class=\"attachment-large size-large\" alt=\"\" \/>\t\t\t\t\t\t\n\t\t\t\t\t<\/div>\n\t\t\t\t\t\t\t\t\n<style>\n#image_26945652 {\n  width: 44%;\n}\n<\/style>\n\t<\/div>\n\t\n\n\t<div id=\"gap-627089885\" class=\"gap-element clearfix\" style=\"display:block; height:auto;\">\n\t\t\n<style>\n#gap-627089885 {\n  padding-top: 41px;\n}\n<\/style>\n\t<\/div>\n\t\n\n<h5 class=\"uppercase\" style=\"text-align: center;\"><span data-line-height=\"xs\"><strong><span style=\"color: #d83131; font-size: 80%;\">VTTAE \/ VTT<\/span><br><\/strong><\/span><\/h5>\n<h2 class=\"uppercase\" style=\"text-align: center;\"><strong>P23<br><\/strong><\/h2>\n\n\t\t<\/div>\n\t\t\t\t\t<\/div>\n\n\t\n\n\t<div id=\"col-2078299978\" class=\"col medium-2 small-6 large-2\"  >\n\t\t\t\t<div class=\"col-inner text-center\"  >\n\t\t\t\n\t\t\t\n\n\t<div class=\"img has-hover x md-x lg-x y md-y lg-y\" id=\"image_1561173262\">\n\t\t\t\t\t\t\t\t<div class=\"img-inner image-cover dark\" style=\"padding-top:150%;\">\n\t\t\t<img loading=\"lazy\" decoding=\"async\" width=\"200\" height=\"300\" src=\"https:\/\/tektro.eu\/wp-content\/uploads\/trp-p40.png\" class=\"attachment-large size-large\" alt=\"\" \/>\t\t\t\t\t\t\n\t\t\t\t\t<\/div>\n\t\t\t\t\t\t\t\t\n<style>\n#image_1561173262 {\n  width: 76%;\n}\n<\/style>\n\t<\/div>\n\t\n\n<h5 class=\"uppercase\" style=\"text-align: center;\"><span data-line-height=\"xs\"><strong><span style=\"color: #d83131; font-size: 80%;\">VTTAE \/ VTT<\/span><br><\/strong><\/span><\/h5>\n<h2 class=\"uppercase\" style=\"text-align: center;\"><strong>P40<br><\/strong><\/h2>\n\n\t\t<\/div>\n\t\t\t\t\t<\/div>\n\n\t\n\n\t<div id=\"col-856784582\" class=\"col medium-2 small-6 large-2\"  >\n\t\t\t\t<div class=\"col-inner text-center\"  >\n\t\t\t\n\t\t\t\n\n\t<div class=\"img has-hover x md-x lg-x y md-y lg-y\" id=\"image_1604085541\">\n\t\t\t\t\t\t\t\t<div class=\"img-inner image-cover dark\" style=\"padding-top:150%;margin:0px 0px 0 0px;\">\n\t\t\t<img loading=\"lazy\" decoding=\"async\" width=\"200\" height=\"300\" src=\"https:\/\/tektro.eu\/wp-content\/uploads\/trp-p43.png\" class=\"attachment-large size-large\" alt=\"\" \/>\t\t\t\t\t\t\n\t\t\t\t\t<\/div>\n\t\t\t\t\t\t\t\t\n<style>\n#image_1604085541 {\n  width: 76%;\n}\n<\/style>\n\t<\/div>\n\t\n\n<h5 class=\"uppercase\" style=\"text-align: center;\"><span data-line-height=\"xs\"><strong><span style=\"color: #d83131; font-size: 80%;\">VTTAE \/ VTT<\/span><br><\/strong><\/span><\/h5>\n<h2 class=\"uppercase\" style=\"text-align: center;\"><strong>P43<br><\/strong><\/h2>\n\n\t\t<\/div>\n\t\t\t\t\t<\/div>\n\n\t\n\n<\/div>\n\t<div id=\"gap-1613287732\" class=\"gap-element clearfix\" style=\"display:block; height:auto;\">\n\t\t\n<style>\n#gap-1613287732 {\n  padding-top: 30px;\n}\n<\/style>\n\t<\/div>\n\t\n\n\t<div id=\"gap-1425530045\" class=\"gap-element clearfix\" style=\"display:block; height:auto;\">\n\t\t\n<style>\n#gap-1425530045 {\n  padding-top: 52px;\n}\n<\/style>\n\t<\/div>\n\t\n\n<div class=\"row\"  id=\"row-1701864174\">\n\n\n\t<div id=\"col-1087156844\" class=\"col small-12 large-12\"  >\n\t\t\t\t<div class=\"col-inner\"  >\n\t\t\t\n\t\t\t\n\n\t<div class=\"img has-hover x md-x lg-x y md-y lg-y\" id=\"image_2040475003\">\n\t\t\t\t\t\t\t\t<div class=\"img-inner dark\" >\n\t\t\t<img loading=\"lazy\" decoding=\"async\" width=\"1020\" height=\"206\" src=\"https:\/\/tektro.eu\/wp-content\/uploads\/trp-adapters-1536x311-1-1400x283.png\" class=\"attachment-large size-large\" alt=\"\" srcset=\"https:\/\/tektro.eu\/wp-content\/uploads\/trp-adapters-1536x311-1-1400x283.png 1400w, https:\/\/tektro.eu\/wp-content\/uploads\/trp-adapters-1536x311-1-510x103.png 510w, https:\/\/tektro.eu\/wp-content\/uploads\/trp-adapters-1536x311-1-800x162.png 800w, https:\/\/tektro.eu\/wp-content\/uploads\/trp-adapters-1536x311-1-768x156.png 768w, https:\/\/tektro.eu\/wp-content\/uploads\/trp-adapters-1536x311-1.png 1536w\" sizes=\"auto, (max-width: 1020px) 100vw, 1020px\" \/>\t\t\t\t\t\t\n\t\t\t\t\t<\/div>\n\t\t\t\t\t\t\t\t\n<style>\n#image_2040475003 {\n  width: 100%;\n}\n<\/style>\n\t<\/div>\n\t\n\n\t<div id=\"gap-716830679\" class=\"gap-element clearfix\" style=\"display:block; height:auto;\">\n\t\t\n<style>\n#gap-716830679 {\n  padding-top: 30px;\n}\n<\/style>\n\t<\/div>\n\t\n\n\t<div id=\"gap-1243072444\" class=\"gap-element clearfix\" style=\"display:block; height:auto;\">\n\t\t\n<style>\n#gap-1243072444 {\n  padding-top: 30px;\n}\n<\/style>\n\t<\/div>\n\t\n\n\t<div class=\"img has-hover x md-x lg-x y md-y lg-y\" id=\"image_1970304649\">\n\t\t<a class=\"image-lightbox lightbox-gallery\" title=\"\" href=\"https:\/\/tektro.eu\/wp-content\/uploads\/trp-shifter-adapter-chart-1398x2048-1.png\">\t\t\t\t\t\t<div class=\"img-inner dark\" >\n\t\t\t<img loading=\"lazy\" decoding=\"async\" width=\"1398\" height=\"2048\" src=\"https:\/\/tektro.eu\/wp-content\/uploads\/trp-shifter-adapter-chart-1398x2048-1.png\" class=\"attachment-original size-original\" alt=\"\" srcset=\"https:\/\/tektro.eu\/wp-content\/uploads\/trp-shifter-adapter-chart-1398x2048-1.png 1398w, https:\/\/tektro.eu\/wp-content\/uploads\/trp-shifter-adapter-chart-1398x2048-1-510x747.png 510w, https:\/\/tektro.eu\/wp-content\/uploads\/trp-shifter-adapter-chart-1398x2048-1-273x400.png 273w, https:\/\/tektro.eu\/wp-content\/uploads\/trp-shifter-adapter-chart-1398x2048-1-546x800.png 546w, https:\/\/tektro.eu\/wp-content\/uploads\/trp-shifter-adapter-chart-1398x2048-1-768x1125.png 768w, https:\/\/tektro.eu\/wp-content\/uploads\/trp-shifter-adapter-chart-1398x2048-1-1049x1536.png 1049w\" sizes=\"auto, (max-width: 1398px) 100vw, 1398px\" \/>\t\t\t\t\t\t\n\t\t\t\t\t<\/div>\n\t\t\t\t\t\t<\/a>\t\t\n<style>\n#image_1970304649 {\n  width: 100%;\n}\n<\/style>\n\t<\/div>\n\t\n\n\n\t\t<\/div>\n\t\t\t\t\t<\/div>\n\n\t\n\n<\/div>\n\n  <div class=\"banner has-hover\" id=\"banner-1244982522\">\n          <div class=\"banner-inner fill\">\n        <div class=\"banner-bg fill\" >\n            <img loading=\"lazy\" decoding=\"async\" width=\"1020\" height=\"681\" src=\"https:\/\/tektro.eu\/wp-content\/uploads\/DSC_4625-1198x800.jpg\" class=\"bg attachment-large size-large\" alt=\"\" \/>                        <div class=\"overlay\"><\/div>            \n                    <\/div>\n\t\t\n        <div class=\"banner-layers container\">\n            <div class=\"fill banner-link\"><\/div>            \n\n   <div id=\"text-box-268395659\" class=\"text-box banner-layer x5 md-x5 lg-x5 y25 md-y25 lg-y25 res-text\">\n                                <div class=\"text-box-content text dark\">\n              \n              <div class=\"text-inner text-left\">\n                  \n\n\t<div id=\"text-2463436670\" class=\"text\">\n\t\t\n\n<h2 class=\"uppercase\"><strong>Disques de frein<\/strong><\/h2>\n<p>En plus d&#8217;une large gamme de disques de frein standard de 1,8 mm d&#8217;\u00e9paisseur, TRP est le premier fabricant \u00e0 proposer depuis 2018 des disques de frein plus \u00e9pais, de 2,3 mm d&#8217;\u00e9paisseur et d&#8217;un diam\u00e8tre allant jusqu&#8217;\u00e0 223 mm, sp\u00e9cialement con\u00e7us pour l&#8217;utilisation des v\u00e9los \u00e9lectriques.<\/p>\n\t\t\n<style>\n#text-2463436670 {\n  text-align: left;\n}\n<\/style>\n\t<\/div>\n\t\n<a href=\"https:\/\/tektro.eu\/fr\/trp-2\/trp-disques-de-frein\/\" class=\"button white is-outline is-small\" >\n\t\t<span>Aper\u00e7u<\/span>\n\t<\/a>\n\n\n\n              <\/div>\n           <\/div>\n                            \n<style>\n#text-box-268395659 {\n  width: 90%;\n}\n#text-box-268395659 .text-box-content {\n  font-size: 100%;\n}\n@media (min-width:550px) {\n  #text-box-268395659 {\n    width: 57%;\n  }\n}\n<\/style>\n    <\/div>\n \n\n        <\/div>\n      <\/div>\n\n            \n<style>\n#banner-1244982522 {\n  padding-top: 256px;\n  background-color: rgb(255, 255, 255);\n}\n#banner-1244982522 .overlay {\n  background-color: rgba(0, 0, 0, 0.39);\n}\n@media (min-width:550px) {\n  #banner-1244982522 {\n    padding-top: 358px;\n  }\n  #banner-1244982522 .overlay {\n    background-color: rgba(0, 0, 0, 0.36);\n  }\n}\n<\/style>\n  <\/div>\n\n\n\n","protected":false},"excerpt":{"rendered":"","protected":false},"author":1,"featured_media":0,"parent":6681,"menu_order":0,"comment_status":"closed","ping_status":"closed","template":"page-blank.php","meta":{"_monsterinsights_skip_tracking":false,"_monsterinsights_sitenote_active":false,"_monsterinsights_sitenote_note":"","_monsterinsights_sitenote_category":0,"footnotes":""},"class_list":["post-7020","page","type-page","status-publish","hentry"],"_links":{"self":[{"href":"https:\/\/tektro.eu\/fr\/wp-json\/wp\/v2\/pages\/7020","targetHints":{"allow":["GET"]}}],"collection":[{"href":"https:\/\/tektro.eu\/fr\/wp-json\/wp\/v2\/pages"}],"about":[{"href":"https:\/\/tektro.eu\/fr\/wp-json\/wp\/v2\/types\/page"}],"author":[{"embeddable":true,"href":"https:\/\/tektro.eu\/fr\/wp-json\/wp\/v2\/users\/1"}],"replies":[{"embeddable":true,"href":"https:\/\/tektro.eu\/fr\/wp-json\/wp\/v2\/comments?post=7020"}],"version-history":[{"count":3,"href":"https:\/\/tektro.eu\/fr\/wp-json\/wp\/v2\/pages\/7020\/revisions"}],"predecessor-version":[{"id":12332,"href":"https:\/\/tektro.eu\/fr\/wp-json\/wp\/v2\/pages\/7020\/revisions\/12332"}],"up":[{"embeddable":true,"href":"https:\/\/tektro.eu\/fr\/wp-json\/wp\/v2\/pages\/6681"}],"wp:attachment":[{"href":"https:\/\/tektro.eu\/fr\/wp-json\/wp\/v2\/media?parent=7020"}],"curies":[{"name":"wp","href":"https:\/\/api.w.org\/{rel}","templated":true}]}}