{"id":7010,"date":"2022-07-12T10:08:05","date_gmt":"2022-07-12T10:08:05","guid":{"rendered":"https:\/\/tektro.eu\/tektro-2\/systeme-de-transmission-vae-vttae\/"},"modified":"2022-07-12T10:08:06","modified_gmt":"2022-07-12T10:08:06","slug":"systeme-de-transmission-vae-vttae","status":"publish","type":"page","link":"https:\/\/tektro.eu\/fr\/tektro-2\/systeme-de-transmission-vae-vttae\/","title":{"rendered":"SYST\u00c8ME DE TRANSMISSION VAE-VTTAE"},"content":{"rendered":"\n<div class=\"slider-wrapper relative\" id=\"slider-623053928\" >\n    <div class=\"slider slider-nav-circle slider-nav-normal slider-nav-light slider-nav-outside slider-style-normal\"\n        data-flickity-options='{\n            \"cellAlign\": \"left\",\n            \"imagesLoaded\": true,\n            \"lazyLoad\": 1,\n            \"freeScroll\": false,\n            \"wrapAround\": true,\n            \"autoPlay\": 4000,\n            \"pauseAutoPlayOnHover\" : false,\n            \"prevNextButtons\": false,\n            \"contain\" : true,\n            \"adaptiveHeight\" : true,\n            \"dragThreshold\" : 10,\n            \"percentPosition\": true,\n            \"pageDots\": false,\n            \"rightToLeft\": false,\n            \"draggable\": false,\n            \"selectedAttraction\": 0.1,\n            \"parallax\" : 0,\n            \"friction\": 0.6        }'\n        >\n        \n\n\n  <div class=\"banner has-hover\" id=\"banner-807262385\">\n          <div class=\"banner-inner fill\">\n        <div class=\"banner-bg fill\" >\n            <img loading=\"lazy\" decoding=\"async\" width=\"2560\" height=\"1102\" src=\"https:\/\/tektro.eu\/wp-content\/uploads\/Mia-gelb2-scaled.jpg\" class=\"bg attachment-original size-original\" alt=\"\" \/>                        <div class=\"overlay\"><\/div>            \n                    <\/div>\n\t\t\n        <div class=\"banner-layers container\">\n            <div class=\"fill banner-link\"><\/div>            \n\n\t<div class=\"img has-hover x0 md-x0 lg-x0 y5 md-y5 lg-y5\" id=\"image_365815212\">\n\t\t\t\t\t\t\t\t<div class=\"img-inner dark\" >\n\t\t\t<img loading=\"lazy\" decoding=\"async\" width=\"916\" height=\"800\" src=\"https:\/\/tektro.eu\/wp-content\/uploads\/TED9-Logo-weiss-916x800.png\" class=\"attachment-large size-large\" alt=\"\" srcset=\"https:\/\/tektro.eu\/wp-content\/uploads\/TED9-Logo-weiss-916x800.png 916w, https:\/\/tektro.eu\/wp-content\/uploads\/TED9-Logo-weiss-458x400.png 458w, https:\/\/tektro.eu\/wp-content\/uploads\/TED9-Logo-weiss-768x671.png 768w, https:\/\/tektro.eu\/wp-content\/uploads\/TED9-Logo-weiss-510x445.png 510w, https:\/\/tektro.eu\/wp-content\/uploads\/TED9-Logo-weiss.png 1500w\" sizes=\"auto, (max-width: 916px) 100vw, 916px\" \/>\t\t\t\t\t\t\n\t\t\t\t\t<\/div>\n\t\t\t\t\t\t\t\t\n<style>\n#image_365815212 {\n  width: 45%;\n}\n@media (min-width:550px) {\n  #image_365815212 {\n    width: 25%;\n  }\n}\n<\/style>\n\t<\/div>\n\t\n\n\n        <\/div>\n      <\/div>\n\n            \n<style>\n#banner-807262385 {\n  padding-top: 364px;\n  background-color: rgb(255, 255, 255);\n}\n#banner-807262385 .overlay {\n  background-color: rgba(0, 0, 0, 0);\n}\n#banner-807262385 .banner-bg img {\n  object-position: 53% 100%;\n}\n@media (min-width:550px) {\n  #banner-807262385 {\n    padding-top: 56%;\n  }\n  #banner-807262385 .overlay {\n    background-color: rgba(0, 0, 0, 0);\n  }\n}\n@media (min-width:850px) {\n  #banner-807262385 {\n    padding-top: 500px;\n  }\n  #banner-807262385 .overlay {\n    background-color: rgba(0, 0, 0, 0);\n  }\n}\n<\/style>\n  <\/div>\n\n\n\n     <\/div>\n\n     <div class=\"loading-spin dark large centered\"><\/div>\n\n\t<\/div>\n\n\n\n\t<section class=\"section about\" id=\"section_818805133\">\n\t\t<div class=\"section-bg fill\" >\n\t\t\t\t\t\t\t\t\t\n\t\t\t\n\t<div class=\"is-border is-dashed\"\n\t\tstyle=\"border-width:0px 3px 0px 3px0;margin:5px 50px 50px 5px0;\">\n\t<\/div>\n\n\t\t<\/div>\n\n\t\t\n\n\t\t<div class=\"section-content relative\">\n\t\t\t\n\n\t<div id=\"gap-1467799655\" class=\"gap-element clearfix\" style=\"display:block; height:auto;\">\n\t\t\n<style>\n#gap-1467799655 {\n  padding-top: 14px;\n}\n<\/style>\n\t<\/div>\n\t\n\n\t<div id=\"gap-515864755\" class=\"gap-element clearfix\" style=\"display:block; height:auto;\">\n\t\t\n<style>\n#gap-515864755 {\n  padding-top: 16px;\n}\n<\/style>\n\t<\/div>\n\t\n\n<div class=\"row\"  id=\"row-804763482\">\n\n\n\t<div id=\"col-659177725\" class=\"col small-12 large-12\"  >\n\t\t\t\t<div class=\"col-inner\"  >\n\t\t\t\n\t\t\t\n\n\t<div id=\"text-1363515921\" class=\"text\">\n\t\t\n\n<h1 class=\"uppercase\" style=\"text-align: left;\"><span style=\"font-size: 120%;\"><strong><span style=\"font-size: 150%;\" data-line-height=\"xs\">SYST\u00c8ME DE TRANSMISSION VAE-VTTAE<\/span> <\/strong><\/span><\/h1>\n<p><span style=\"font-size: 120%;\" data-line-height=\"xs\">Syst\u00e8me de d\u00e9railleur E-DRIVE 9 vitesses sp\u00e9cialement d\u00e9velopp\u00e9<\/span><\/p>\n\t\t\n<style>\n#text-1363515921 {\n  font-size: 0.75rem;\n  text-align: left;\n}\n@media (min-width:550px) {\n  #text-1363515921 {\n    font-size: 1.25rem;\n  }\n}\n<\/style>\n\t<\/div>\n\t\n<p><span style=\"font-size: 90%;\">Avec le nouveau syst\u00e8me de d\u00e9railleur \u00e0 9 vitesses pour v\u00e9los d\u2019assistance \u00e9lectriques d&#8217;entr\u00e9e de gamme, TEKTRO ouvre le dernier segment de produits dans la cat\u00e9gorie TEKTRO E Bike Solution. <\/span><br><span style=\"font-size: 90%;\">Le clou : la cassette 9 vitesses permet de changer les trois plus petits pignons &#8211; 11-13-16 &#8211; et le d\u00e9railleur dispose d&#8217;un embrayage pour une tension de cha\u00eene plus forte.<\/span><\/p>\n<p><span style=\"font-size: 90%;\"><strong>E BIKE SOLUTIONS:<\/strong> Tout a commenc\u00e9 en 2017 avec les premi\u00e8res demandes des clients pour des syst\u00e8mes de freinage plus robustes pour les VAE. La solution a \u00e9t\u00e9 le nouveau standard de disque de frein de 2,3 mm sur les syst\u00e8mes de freinage TRP DHR EVO. En 2019, le nouveau segment de d\u00e9railleurs TRP a \u00e9t\u00e9 lanc\u00e9 sur le march\u00e9 avec les deux d\u00e9railleurs DH7 et TR12. La pr\u00e9cieuse exp\u00e9rience acquise au cours des trois derni\u00e8res ann\u00e9es a permis d&#8217;acc\u00e9l\u00e9rer le d\u00e9veloppement de TEKTRO ED9.<br><\/span><span style=\"font-size: 90%;\">Une fois de plus, l&#8217;impulsion est venue des clients qui recherchaient des solutions de d\u00e9railleurs plus robustes et plus r\u00e9sistantes \u00e0 l&#8217;usure, en particulier pour les v\u00e9los \u00e9lectriques d&#8217;entr\u00e9e de gamme. Le boom des v\u00e9los d\u2019assistance \u00e9lectriques et Corona am\u00e8nent un nombre excessivement \u00e9lev\u00e9 de d\u00e9butants sur le VAE-VTTAE.<\/span><\/p>\n<p><strong><span style=\"color: #282828;\"><a style=\"color: #282828;\" href=\"https:\/\/tektro.eu\/e-bike-solutions-2\/?lang=fr\">&gt;&gt; Histoire compl\u00e8te de l&#8217;E BIKE SOLUTIONS<\/a><\/span><\/strong><\/p>\n\t<div class=\"img has-hover x md-x lg-x y md-y lg-y\" id=\"image_111606387\">\n\t\t\t\t\t\t\t\t<div class=\"img-inner dark\" >\n\t\t\t<img loading=\"lazy\" decoding=\"async\" width=\"1020\" height=\"519\" src=\"https:\/\/tektro.eu\/wp-content\/uploads\/TED9-Set-01-1400x712.jpg\" class=\"attachment-large size-large\" alt=\"\" srcset=\"https:\/\/tektro.eu\/wp-content\/uploads\/TED9-Set-01-1400x712.jpg 1400w, https:\/\/tektro.eu\/wp-content\/uploads\/TED9-Set-01-787x400.jpg 787w, https:\/\/tektro.eu\/wp-content\/uploads\/TED9-Set-01-768x391.jpg 768w, https:\/\/tektro.eu\/wp-content\/uploads\/TED9-Set-01-1536x781.jpg 1536w, https:\/\/tektro.eu\/wp-content\/uploads\/TED9-Set-01-510x259.jpg 510w, https:\/\/tektro.eu\/wp-content\/uploads\/TED9-Set-01.jpg 2000w\" sizes=\"auto, (max-width: 1020px) 100vw, 1020px\" \/>\t\t\t\t\t\t\n\t\t\t\t\t<\/div>\n\t\t\t\t\t\t\t\t\n<style>\n#image_111606387 {\n  width: 100%;\n}\n<\/style>\n\t<\/div>\n\t\n\n<a href=\"https:\/\/tektro.eu\/wp-content\/uploads\/TEK_TED9_Spezi_D.pdf\" target=\"_blank\" class=\"button primary is-outline is-small expand\" rel=\"noopener\" style=\"border-radius:99px;padding:0px 11px 0px 10px;\">\n\t\t<span>S\u00e9tifications<\/span>\n\t<\/a>\n\n\n<a href=\"https:\/\/tektro.eu\/wp-content\/uploads\/TEK_TED9_PR_D-1.pdf\" target=\"_blank\" class=\"button primary is-outline is-small expand\" rel=\"noopener\" style=\"border-radius:99px;padding:0px 11px 0px 10px;\">\n\t\t<span>PR<\/span>\n\t<\/a>\n\n\n<a href=\"https:\/\/tektro.eu\/wp-content\/uploads\/TEK_TED9_TechInfo_D.pdf\" target=\"_blank\" class=\"button primary is-outline is-small expand\" rel=\"noopener\" style=\"border-radius:99px;padding:0px 11px 0px 10px;\">\n\t\t<span>Informations techniques<\/span>\n\t<\/a>\n\n\n\n\t\t<\/div>\n\t\t\t\t\t<\/div>\n\n\t\n\n<\/div>\n\n  <div class=\"banner has-hover\" id=\"banner-1220404055\">\n          <div class=\"banner-inner fill\">\n        <div class=\"banner-bg fill\" >\n                                    <div class=\"overlay\"><\/div>            \n                    <\/div>\n\t\t\n        <div class=\"banner-layers container\">\n            <div class=\"fill banner-link\"><\/div>            \n\n   <div id=\"text-box-1883020981\" class=\"text-box banner-layer x50 md-x50 lg-x50 y85 md-y85 lg-y85 res-text\">\n                                <div class=\"text-box-content text \">\n              \n              <div class=\"text-inner text-center\">\n                  \n\n<h2><span style=\"color: #282828;\"><strong>&#8220;Les v\u00e9los d\u2019assistance \u00e9lectriques utilis\u00e9s quotidiennement sont au moins aussi sollicit\u00e9s que les v\u00e9los des coureurs de Coupe du monde&#8221;.<\/strong><\/span><\/h2>\n<p><span style=\"color: #282828;\">Ing\u00e9nieur de d\u00e9veloppement TEKTRO I TRP Louis Tsai<\/span><\/p>\n\n              <\/div>\n           <\/div>\n                            \n<style>\n#text-box-1883020981 {\n  width: 88%;\n}\n#text-box-1883020981 .text-box-content {\n  font-size: 100%;\n}\n<\/style>\n    <\/div>\n \n\n        <\/div>\n      <\/div>\n\n            \n<style>\n#banner-1220404055 {\n  padding-top: 361px;\n  background-color: rgb(255, 222, 0);\n}\n#banner-1220404055 .overlay {\n  background-color: rgba(5, 9, 15, 0);\n}\n<\/style>\n  <\/div>\n\n\n<div class=\"row row-collapse row-full-width\"  id=\"row-959791154\">\n\n\n\t<div id=\"col-861873708\" class=\"col medium-4 large-4\"  >\n\t\t\t\t<div class=\"col-inner\"  >\n\t\t\t\n\t\t\t\n\n\n  <div class=\"banner has-hover\" id=\"banner-852508157\">\n          <div class=\"banner-inner fill\">\n        <div class=\"banner-bg fill\" >\n            <img loading=\"lazy\" decoding=\"async\" width=\"1020\" height=\"680\" src=\"https:\/\/tektro.eu\/wp-content\/uploads\/TED9-03-1200x800.jpg\" class=\"bg attachment-large size-large\" alt=\"\" \/>                                    \n                    <\/div>\n\t\t\n        <div class=\"banner-layers container\">\n            <div class=\"fill banner-link\"><\/div>            \n\n\n        <\/div>\n      <\/div>\n\n            \n<style>\n#banner-852508157 {\n  padding-top: 218px;\n  background-color: rgb(255,255,255);\n}\n#banner-852508157 .banner-bg img {\n  object-position: 35% 100%;\n}\n<\/style>\n  <\/div>\n\n\n\n\t\t<\/div>\n\t\t\t\t\t<\/div>\n\n\t\n\n\t<div id=\"col-1151123024\" class=\"col medium-4 large-4\"  >\n\t\t\t\t<div class=\"col-inner\"  >\n\t\t\t\n\t\t\t\n\n\n  <div class=\"banner has-hover\" id=\"banner-1921952050\">\n          <div class=\"banner-inner fill\">\n        <div class=\"banner-bg fill\" >\n            <img loading=\"lazy\" decoding=\"async\" width=\"1020\" height=\"631\" src=\"https:\/\/tektro.eu\/wp-content\/uploads\/Conway-Bike-1293x800.jpg\" class=\"bg attachment-large size-large\" alt=\"\" \/>                                    \n                    <\/div>\n\t\t\n        <div class=\"banner-layers container\">\n            <div class=\"fill banner-link\"><\/div>            \n\n\n        <\/div>\n      <\/div>\n\n            \n<style>\n#banner-1921952050 {\n  padding-top: 218px;\n  background-color: rgb(255,255,255);\n}\n#banner-1921952050 .banner-bg img {\n  object-position: 63% 81%;\n}\n<\/style>\n  <\/div>\n\n\n\n\t\t<\/div>\n\t\t\t\t\t<\/div>\n\n\t\n\n\t<div id=\"col-580116398\" class=\"col medium-4 large-4\"  >\n\t\t\t\t<div class=\"col-inner\" style=\"background-color:rgb(255, 255, 255);\" >\n\t\t\t\n\t\t\t\n\n\n  <div class=\"banner has-hover\" id=\"banner-1011635817\">\n          <div class=\"banner-inner fill\">\n        <div class=\"banner-bg fill\" >\n            <img loading=\"lazy\" decoding=\"async\" width=\"1020\" height=\"681\" src=\"https:\/\/tektro.eu\/wp-content\/uploads\/TektroED9_37e-1198x800.jpg\" class=\"bg attachment-large size-large\" alt=\"\" \/>                        <div class=\"overlay\"><\/div>            \n                    <\/div>\n\t\t\n        <div class=\"banner-layers container\">\n            <div class=\"fill banner-link\"><\/div>            \n\n\n        <\/div>\n      <\/div>\n\n            \n<style>\n#banner-1011635817 {\n  padding-top: 218px;\n  background-color: rgb(255,255,255);\n}\n#banner-1011635817 .overlay {\n  background-color: rgba(0, 0, 0, 0.32);\n}\n#banner-1011635817 .banner-bg img {\n  object-position: 65% 100%;\n}\n<\/style>\n  <\/div>\n\n\n\n\t\t<\/div>\n\t\t\t\t\t<\/div>\n\n\t\n\n<\/div>\n\n\t\t<\/div>\n\n\t\t\n<style>\n#section_818805133 {\n  padding-top: 0px;\n  padding-bottom: 0px;\n  margin-bottom: 0px;\n  background-color: rgb(252, 252, 252);\n}\n<\/style>\n\t<\/section>\n\t\n\n\t<section class=\"section about\" id=\"section_1882225479\">\n\t\t<div class=\"section-bg fill\" >\n\t\t\t\t\t\t\t\t\t\n\t\t\t\n\t<div class=\"is-border is-dashed\"\n\t\tstyle=\"border-width:0px 3px 0px 3px0;margin:5px 50px 50px 5px0;\">\n\t<\/div>\n\n\t\t<\/div>\n\n\t\t\n\n\t\t<div class=\"section-content relative\">\n\t\t\t\n\n\t<div id=\"gap-1880345892\" class=\"gap-element clearfix\" style=\"display:block; height:auto;\">\n\t\t\n<style>\n#gap-1880345892 {\n  padding-top: 28px;\n}\n<\/style>\n\t<\/div>\n\t\n\n<div class=\"row\"  id=\"row-1127819528\">\n\n\n\t<div id=\"col-564319240\" class=\"col medium-6 small-12 large-6\"  >\n\t\t\t\t<div class=\"col-inner\"  >\n\t\t\t\n\t\t\t\n\n<p style=\"text-align: left;\" data-padding=\"40px\"><strong>Le syst\u00e8me de changement de vitesse a \u00e9t\u00e9 r\u00e9alis\u00e9 en \u00e9troite collaboration et en accord avec Conway et son \u00e9quipe de d\u00e9veloppement. Les premiers mod\u00e8les \u00e9quip\u00e9s du nouveau d\u00e9railleur et de la cassette TEKTRO ED9 seront d\u00e9j\u00e0 commercialis\u00e9s en f\u00e9vrier 2022. <br><br>Le syst\u00e8me TEKTRO ED9 se compose du d\u00e9railleur E-Drive 9 vitesses, du levier de vitesses correspondant et de la cassette adapt\u00e9e de 11 \u00e0 46 dents.<\/strong><\/p>\n<p style=\"text-align: left;\" data-padding=\"40px\"><strong>Il est uniquement propos\u00e9 en premi\u00e8re monte aux fabricants de v\u00e9los.<\/strong><\/p>\n\n\t\t<\/div>\n\t\t\t\t\t<\/div>\n\n\t\n\n\t<div id=\"col-1515699210\" class=\"col medium-6 small-12 large-6\"  >\n\t\t\t\t<div class=\"col-inner\"  >\n\t\t\t\n\t\t\t\n\n<p><span style=\"font-size: 90%;\"><strong>Infos techniques<\/strong><br>\u2022 Cassette 11 &#8211; 46<br>\u2022 Pignons 11-13-16 interchangeables &#8211; co\u00fbts d&#8217;entretien r\u00e9duits <br>\u2022 Vitesses nettement plus l\u00e9g\u00e8res avec un pignon de 46 &#8211; plus de plaisir en mont\u00e9e<br>\u2022 Ainsi, fr\u00e9quence de p\u00e9dalage plus \u00e9lev\u00e9e et soutien optimal de la puissance du moteur<br>\u2022 D\u00e9railleur 9 vitesses avec embrayage pour une tension de cha\u00eene optimis\u00e9e &#8211; sans possibilit\u00e9 de r\u00e9glage <br>Technologie TRP TR12 et DH7 (Ratchet \/ Clutch &#8211; System)<\/span><\/p>\n<p><span style=\"font-size: 90%;\"><strong>Mod\u00e8les de v\u00e9los<\/strong><\/span><br><span style=\"font-size: 90%;\">Conway Cairon &#8211; 2022<\/span><\/p>\n\n\t\t<\/div>\n\t\t\t\t\t<\/div>\n\n\t\n\n<\/div>\n\n\t\t<\/div>\n\n\t\t\n<style>\n#section_1882225479 {\n  padding-top: 8px;\n  padding-bottom: 8px;\n  margin-bottom: 0px;\n  background-color: rgb(252, 252, 252);\n}\n<\/style>\n\t<\/section>\n\t\n<div class=\"row\"  id=\"row-1619365476\">\n\n\n\t<div id=\"col-375995761\" class=\"col medium-4 small-12 large-4\"  >\n\t\t\t\t<div class=\"col-inner\"  >\n\t\t\t\n\t\t\t\n\n\n  <div class=\"banner has-hover\" id=\"banner-911913123\">\n          <div class=\"banner-inner fill\">\n        <div class=\"banner-bg fill\" >\n                                                \n                    <\/div>\n\t\t\n        <div class=\"banner-layers container\">\n            <div class=\"fill banner-link\"><\/div>            \n\n   <div id=\"text-box-1736015658\" class=\"text-box banner-layer x0 md-x0 lg-x0 y50 md-y50 lg-y50 res-text\">\n                                <div class=\"text-box-content text dark\">\n              \n              <div class=\"text-inner text-center\">\n                  \n\n\t<div class=\"img has-hover x md-x lg-x y md-y lg-y\" id=\"image_898517821\">\n\t\t\t\t\t\t\t\t<div class=\"img-inner dark\" >\n\t\t\t<img loading=\"lazy\" decoding=\"async\" width=\"1020\" height=\"765\" src=\"https:\/\/tektro.eu\/wp-content\/uploads\/TED9-Derail-1067x800.jpg\" class=\"attachment-large size-large\" alt=\"\" srcset=\"https:\/\/tektro.eu\/wp-content\/uploads\/TED9-Derail-1067x800.jpg 1067w, https:\/\/tektro.eu\/wp-content\/uploads\/TED9-Derail-533x400.jpg 533w, https:\/\/tektro.eu\/wp-content\/uploads\/TED9-Derail-768x576.jpg 768w, https:\/\/tektro.eu\/wp-content\/uploads\/TED9-Derail-510x383.jpg 510w, https:\/\/tektro.eu\/wp-content\/uploads\/TED9-Derail.jpg 1500w\" sizes=\"auto, (max-width: 1020px) 100vw, 1020px\" \/>\t\t\t\t\t\t\n\t\t\t\t\t<\/div>\n\t\t\t\t\t\t\t\t\n<style>\n#image_898517821 {\n  width: 100%;\n}\n<\/style>\n\t<\/div>\n\t\n\n\n              <\/div>\n           <\/div>\n                            \n<style>\n#text-box-1736015658 {\n  width: 94%;\n}\n#text-box-1736015658 .text-box-content {\n  font-size: 100%;\n}\n<\/style>\n    <\/div>\n \n\n        <\/div>\n      <\/div>\n\n            \n<style>\n#banner-911913123 {\n  padding-top: 250px;\n  background-color: rgb(255, 255, 255);\n}\n<\/style>\n  <\/div>\n\n\n<p class=\"uppercase\"><span style=\"font-size: 105%;\" data-line-height=\"m\"><strong>D\u00c9RAILLEUR TEKTRO ED9<\/strong><\/span><\/p>\n<p><span style=\"font-size: 85%;\" data-line-height=\"s\"><strong>Mod\u00e8le : <\/strong> RD-M350 et RD-T350<\/span><br><span style=\"font-size: 85%;\" data-line-height=\"s\"><strong>Vitesses :<\/strong> 9<\/span><br><span style=\"font-size: 85%;\" data-line-height=\"s\"><strong>Max. Dents :<\/strong>  46<\/span><br><span style=\"font-size: 85%;\" data-line-height=\"s\"><strong>Embrayage :<\/strong> RD-M350 (avec embrayage)<\/span><br><span style=\"font-size: 85%;\" data-line-height=\"s\">RD- T350 (sans embrayage)<\/span><br><span style=\"font-size: 85%;\" data-line-height=\"s\"><strong>Poids :<\/strong> RD-M350 (361 g)<\/span><br><span style=\"font-size: 85%;\" data-line-height=\"s\">RD-T350 (344 g)<\/span><br><span style=\"font-size: 85%;\" data-line-height=\"s\"><strong>Galets de commande :<\/strong> 12 Z en haut et en bas<\/span><br><span style=\"font-size: 85%;\" data-line-height=\"s\"><strong>Mat\u00e9riau de la cage de commande :<\/strong> acier<\/span><\/p>\n<p><span style=\"font-size: 75%;\">Donn\u00e9es techniques non garanties<\/span><\/p>\n\n\t\t<\/div>\n\t\t\t\t\t<\/div>\n\n\t\n\n\t<div id=\"col-55432795\" class=\"col medium-4 small-12 large-4\"  >\n\t\t\t\t<div class=\"col-inner\"  >\n\t\t\t\n\t\t\t\n\n\n  <div class=\"banner has-hover\" id=\"banner-1517082741\">\n          <div class=\"banner-inner fill\">\n        <div class=\"banner-bg fill\" >\n                                                \n                    <\/div>\n\t\t\n        <div class=\"banner-layers container\">\n            <div class=\"fill banner-link\"><\/div>            \n\n   <div id=\"text-box-2090251059\" class=\"text-box banner-layer x5 md-x5 lg-x5 y50 md-y50 lg-y50 res-text\">\n                                <div class=\"text-box-content text dark\">\n              \n              <div class=\"text-inner text-center\">\n                  \n\n\t<div class=\"img has-hover x md-x lg-x y md-y lg-y\" id=\"image_617142349\">\n\t\t\t\t\t\t\t\t<div class=\"img-inner dark\" >\n\t\t\t<img loading=\"lazy\" decoding=\"async\" width=\"884\" height=\"800\" src=\"https:\/\/tektro.eu\/wp-content\/uploads\/TED9-Schifter-884x800.jpg\" class=\"attachment-large size-large\" alt=\"\" srcset=\"https:\/\/tektro.eu\/wp-content\/uploads\/TED9-Schifter-884x800.jpg 884w, https:\/\/tektro.eu\/wp-content\/uploads\/TED9-Schifter-442x400.jpg 442w, https:\/\/tektro.eu\/wp-content\/uploads\/TED9-Schifter-768x695.jpg 768w, https:\/\/tektro.eu\/wp-content\/uploads\/TED9-Schifter-510x461.jpg 510w, https:\/\/tektro.eu\/wp-content\/uploads\/TED9-Schifter.jpg 1048w\" sizes=\"auto, (max-width: 884px) 100vw, 884px\" \/>\t\t\t\t\t\t\n\t\t\t\t\t<\/div>\n\t\t\t\t\t\t\t\t\n<style>\n#image_617142349 {\n  width: 100%;\n}\n<\/style>\n\t<\/div>\n\t\n\n\n              <\/div>\n           <\/div>\n                            \n<style>\n#text-box-2090251059 {\n  width: 73%;\n}\n#text-box-2090251059 .text-box-content {\n  font-size: 100%;\n}\n<\/style>\n    <\/div>\n \n\n        <\/div>\n      <\/div>\n\n            \n<style>\n#banner-1517082741 {\n  padding-top: 250px;\n  background-color: rgb(255, 255, 255);\n}\n<\/style>\n  <\/div>\n\n\n<p class=\"uppercase\"><span style=\"font-size: 105%;\" data-line-height=\"m\"><strong>LEVIER DE VITESSE TEKTRO ED9<\/strong><\/span><\/p>\n<p><span style=\"font-size: 85%;\" data-line-height=\"s\"><strong>Mod\u00e8le :<\/strong> SL-M350-9R<\/span><br><span style=\"font-size: 85%;\" data-line-height=\"s\"><strong>Vitesses :<\/strong> 9<\/span><br><span style=\"font-size: 85%;\" data-line-height=\"s\"><strong>Changement de vitesse :<\/strong> Max. 3<\/span><br><span style=\"font-size: 85%;\" data-line-height=\"s\"><strong>Poids :<\/strong><\/span><span style=\"font-size: 85%;\" data-line-height=\"s\">105 g<\/span><br><span style=\"font-size: 85%;\" data-line-height=\"s\"><strong>SMat\u00e9riau du levier de vitesse :<\/strong> aluminium et plastique<br><\/span><\/p>\n\n\t\t<\/div>\n\t\t\t\t\t<\/div>\n\n\t\n\n\t<div id=\"col-1074839086\" class=\"col medium-4 small-12 large-4\"  >\n\t\t\t\t<div class=\"col-inner\"  >\n\t\t\t\n\t\t\t\n\n\n  <div class=\"banner has-hover\" id=\"banner-1691721217\">\n          <div class=\"banner-inner fill\">\n        <div class=\"banner-bg fill\" >\n                                                \n                    <\/div>\n\t\t\n        <div class=\"banner-layers container\">\n            <div class=\"fill banner-link\"><\/div>            \n\n   <div id=\"text-box-262413922\" class=\"text-box banner-layer x10 md-x10 lg-x10 y50 md-y50 lg-y50 res-text\">\n                                <div class=\"text-box-content text dark\">\n              \n              <div class=\"text-inner text-center\">\n                  \n\n\t<div class=\"img has-hover x md-x lg-x y md-y lg-y\" id=\"image_1862454943\">\n\t\t\t\t\t\t\t\t<div class=\"img-inner dark\" >\n\t\t\t<img loading=\"lazy\" decoding=\"async\" width=\"802\" height=\"800\" src=\"https:\/\/tektro.eu\/wp-content\/uploads\/Kassette_02-802x800.jpg\" class=\"attachment-large size-large\" alt=\"\" srcset=\"https:\/\/tektro.eu\/wp-content\/uploads\/Kassette_02-802x800.jpg 802w, https:\/\/tektro.eu\/wp-content\/uploads\/Kassette_02-401x400.jpg 401w, https:\/\/tektro.eu\/wp-content\/uploads\/Kassette_02-300x300.jpg 300w, https:\/\/tektro.eu\/wp-content\/uploads\/Kassette_02-768x766.jpg 768w, https:\/\/tektro.eu\/wp-content\/uploads\/Kassette_02-510x508.jpg 510w, https:\/\/tektro.eu\/wp-content\/uploads\/Kassette_02-100x100.jpg 100w, https:\/\/tektro.eu\/wp-content\/uploads\/Kassette_02.jpg 1000w\" sizes=\"auto, (max-width: 802px) 100vw, 802px\" \/>\t\t\t\t\t\t\n\t\t\t\t\t<\/div>\n\t\t\t\t\t\t\t\t\n<style>\n#image_1862454943 {\n  width: 90%;\n}\n<\/style>\n\t<\/div>\n\t\n\n\n              <\/div>\n           <\/div>\n                            \n<style>\n#text-box-262413922 {\n  width: 70%;\n}\n#text-box-262413922 .text-box-content {\n  font-size: 100%;\n}\n<\/style>\n    <\/div>\n \n\n        <\/div>\n      <\/div>\n\n            \n<style>\n#banner-1691721217 {\n  padding-top: 250px;\n  background-color: rgb(255, 255, 255);\n}\n<\/style>\n  <\/div>\n\n\n<p class=\"uppercase\"><span style=\"font-size: 105%;\" data-line-height=\"m\"><strong>CASSETTE<\/strong><\/span><\/p>\n<p><span style=\"font-size: 85%;\" data-line-height=\"s\"><strong>Mod\u00e8le :<\/strong> CS-M350-9<\/span><br><span style=\"font-size: 85%;\" data-line-height=\"s\"><strong>Nombre de vitesses :<\/strong> 9<\/span><br><span style=\"font-size: 85%;\" data-line-height=\"s\"><strong>Gamme :<\/strong> 11-46 Z<\/span><br><span style=\"font-size: 85%;\" data-line-height=\"s\"><strong>Mat\u00e9riau du pignon :<\/strong> Acier<\/span><br><span style=\"font-size: 85%;\" data-line-height=\"s\"><strong>Mat\u00e9riau du lockring :<\/strong> Acier<\/span><br><span style=\"font-size: 85%;\" data-line-height=\"s\"><strong>Poids :<\/strong><\/span><span style=\"font-size: 85%;\" data-line-height=\"s\">545 g<\/span><br><span style=\"font-size: 85%;\" data-line-height=\"s\"><strong>D\u00e9gradation :<\/strong> 11-13-16-20-24-28-34-40-46<\/span><\/p>\n\n\t\t<\/div>\n\t\t\t\t\t<\/div>\n\n\t\n\n\n<style>\n#row-1619365476 > .col > .col-inner {\n  background-color: rgb(255,255,255);\n}\n<\/style>\n<\/div>\n<div class=\"row\"  id=\"row-1260004011\">\n\n\n\t<div id=\"col-1630132107\" class=\"col small-12 large-12\"  >\n\t\t\t\t<div class=\"col-inner\"  >\n\t\t\t\n\t\t\t\n\n\t<div id=\"gap-744820376\" class=\"gap-element clearfix\" style=\"display:block; height:auto;\">\n\t\t\n<style>\n#gap-744820376 {\n  padding-top: 30px;\n}\n<\/style>\n\t<\/div>\n\t\n\n<div class=\"video video-fit mb\" style=\"padding-top:56.25%;\"><iframe loading=\"lazy\" title=\"Tektro Schaltung: Das neue E-Drive 9 speziell f\u00fcr E-Bikes\" width=\"1020\" height=\"574\" src=\"https:\/\/www.youtube.com\/embed\/edKv5R-zW0E?feature=oembed\" frameborder=\"0\" allow=\"accelerometer; autoplay; clipboard-write; encrypted-media; gyroscope; picture-in-picture\" allowfullscreen><\/iframe><\/div>\n\n\n\t\t<\/div>\n\t\t\t\t\t<\/div>\n\n\t\n\n<\/div>\n\n","protected":false},"excerpt":{"rendered":"","protected":false},"author":1,"featured_media":0,"parent":6684,"menu_order":0,"comment_status":"closed","ping_status":"closed","template":"page-blank.php","meta":{"_monsterinsights_skip_tracking":false,"_monsterinsights_sitenote_active":false,"_monsterinsights_sitenote_note":"","_monsterinsights_sitenote_category":0,"footnotes":""},"class_list":["post-7010","page","type-page","status-publish","hentry"],"_links":{"self":[{"href":"https:\/\/tektro.eu\/fr\/wp-json\/wp\/v2\/pages\/7010","targetHints":{"allow":["GET"]}}],"collection":[{"href":"https:\/\/tektro.eu\/fr\/wp-json\/wp\/v2\/pages"}],"about":[{"href":"https:\/\/tektro.eu\/fr\/wp-json\/wp\/v2\/types\/page"}],"author":[{"embeddable":true,"href":"https:\/\/tektro.eu\/fr\/wp-json\/wp\/v2\/users\/1"}],"replies":[{"embeddable":true,"href":"https:\/\/tektro.eu\/fr\/wp-json\/wp\/v2\/comments?post=7010"}],"version-history":[{"count":0,"href":"https:\/\/tektro.eu\/fr\/wp-json\/wp\/v2\/pages\/7010\/revisions"}],"up":[{"embeddable":true,"href":"https:\/\/tektro.eu\/fr\/wp-json\/wp\/v2\/pages\/6684"}],"wp:attachment":[{"href":"https:\/\/tektro.eu\/fr\/wp-json\/wp\/v2\/media?parent=7010"}],"curies":[{"name":"wp","href":"https:\/\/api.w.org\/{rel}","templated":true}]}}