{"id":6998,"date":"2022-07-12T09:44:12","date_gmt":"2022-07-12T09:44:12","guid":{"rendered":"https:\/\/tektro.eu\/tektro-2\/hd-e395\/"},"modified":"2022-07-12T09:44:13","modified_gmt":"2022-07-12T09:44:13","slug":"hd-e395","status":"publish","type":"page","link":"https:\/\/tektro.eu\/fr\/tektro-2\/hd-e395\/","title":{"rendered":"HD-E395"},"content":{"rendered":"\n\t<div id=\"gap-62033121\" class=\"gap-element clearfix\" style=\"display:block; height:auto;\">\n\t\t\n<style>\n#gap-62033121 {\n  padding-top: 35px;\n}\n<\/style>\n\t<\/div>\n\t\n\n<div class=\"row\"  id=\"row-893938459\">\n\n\n\t<div id=\"col-1898551916\" class=\"col medium-4 small-12 large-4\"  >\n\t\t\t\t<div class=\"col-inner\"  >\n\t\t\t\n\t\t\t\n\n<p class=\"uppercase\"><span style=\"font-size: 80%;\"><strong><span style=\"color: #ff9900;\">Ville \/ Trekking<br><\/span><\/strong><\/span><\/p>\n\t<div class=\"img has-hover x md-x lg-x y md-y lg-y\" id=\"image_1842658951\">\n\t\t\t\t\t\t\t\t<div class=\"img-inner dark\" style=\"margin:0px 0px -15px 0px;\">\n\t\t\t<img loading=\"lazy\" decoding=\"async\" width=\"734\" height=\"105\" src=\"https:\/\/tektro.eu\/wp-content\/uploads\/Tektro_pos_1c.png\" class=\"attachment-large size-large\" alt=\"\" srcset=\"https:\/\/tektro.eu\/wp-content\/uploads\/Tektro_pos_1c.png 734w, https:\/\/tektro.eu\/wp-content\/uploads\/Tektro_pos_1c-510x73.png 510w\" sizes=\"auto, (max-width: 734px) 100vw, 734px\" \/>\t\t\t\t\t\t\n\t\t\t\t\t<\/div>\n\t\t\t\t\t\t\t\t\n<style>\n#image_1842658951 {\n  width: 44%;\n}\n<\/style>\n\t<\/div>\n\t\n\n<h1>HD-E395<\/h1>\n<hr>\n<p><span style=\"font-size: 90%;\">TEKTRO E Bike Solution System &#8211; frein \u00e0 2 pistons avec disques de frein de 2,3 mm d&#8217;\u00e9paisseur pour v\u00e9los E-City et E-Trekking.<\/span><\/p>\n<hr>\n<h4 class=\"vc_custom_heading product-features-title uppercase\"><strong>Levier de frein<\/strong><\/h4>\n<ul>\n<li><span style=\"font-size: 85%;\">Levier \u00e0 3 doigts<\/span><\/li>\n<li><span style=\"font-size: 85%;\">Bouton-poussoir de sonnette int\u00e9gr\u00e9<\/span><\/li>\n<li><span style=\"font-size: 85%;\">Serrage du guidon en deux parties<\/span><\/li>\n<\/ul>\n<div class=\"wpb_wrapper\">\n<div class=\"wpb_text_column wpb_content_elementproduct-features-content\">\n<div class=\"wpb_wrapper\">\n<h4 class=\"vc_custom_heading product-features-title uppercase\"><strong><br>\u00c9trier de frein<\/strong><\/h4>\n<ul>\n<li><span style=\"font-size: 85%;\">\u00c9trier \u00e0 2 pistons<\/span><\/li>\n<li><span style=\"font-size: 85%;\">Compatible avec les disques de frein de 2,3 mm<\/span><\/li>\n<li><span style=\"font-size: 85%;\">Plaquettes de frein de 5 mm<\/span><\/li>\n<li><span style=\"font-size: 85%;\">Nouveau : Huile min\u00e9rale pouvant \u00eatre chauff\u00e9e jusqu&#8217;\u00e0 230\u00b0 C<\/span><\/li>\n<\/ul>\n<\/div>\n<\/div>\n<\/div>\n\n\t\t<\/div>\n\t\t\t\t\t<\/div>\n\n\t\n\n\t<div id=\"col-1581632183\" class=\"col medium-8 small-12 large-8\"  >\n\t\t\t\t<div class=\"col-inner\"  >\n\t\t\t\n\t\t\t\n\n  <div class=\"banner-grid-wrapper\">\n  <div id=\"banner-grid-1763747196\" class=\"banner-grid row row-grid row-small\" data-packery-options=\"\">\n                      \n\n<div class=\"col grid-col large-12 grid-col-3-4\" ><div class=\"col-inner\">\n\n\t<div class=\"img has-hover x md-x lg-x y md-y lg-y\" id=\"image_1514909746\">\n\t\t\t\t\t\t\t\t<div class=\"img-inner dark\" >\n\t\t\t<img loading=\"lazy\" decoding=\"async\" width=\"1020\" height=\"574\" src=\"https:\/\/tektro.eu\/wp-content\/uploads\/Tektro_HD-E395-1536x864-1-1400x788.jpg\" class=\"attachment-large size-large\" alt=\"\" srcset=\"https:\/\/tektro.eu\/wp-content\/uploads\/Tektro_HD-E395-1536x864-1-1400x788.jpg 1400w, https:\/\/tektro.eu\/wp-content\/uploads\/Tektro_HD-E395-1536x864-1-510x287.jpg 510w, https:\/\/tektro.eu\/wp-content\/uploads\/Tektro_HD-E395-1536x864-1-711x400.jpg 711w, https:\/\/tektro.eu\/wp-content\/uploads\/Tektro_HD-E395-1536x864-1-768x432.jpg 768w, https:\/\/tektro.eu\/wp-content\/uploads\/Tektro_HD-E395-1536x864-1.jpg 1536w\" sizes=\"auto, (max-width: 1020px) 100vw, 1020px\" \/>\t\t\t\t\t\t\n\t\t\t\t\t<\/div>\n\t\t\t\t\t\t\t\t\n<style>\n#image_1514909746 {\n  width: 100%;\n}\n<\/style>\n\t<\/div>\n\t\n\n\n<\/div><\/div>\n<div class=\"col grid-col large-7 grid-col-1-2\" ><div class=\"col-inner\">\n\n\t<div class=\"img has-hover x md-x lg-x y md-y lg-y\" id=\"image_1770430288\">\n\t\t\t\t\t\t\t\t<div class=\"img-inner dark\" >\n\t\t\t<img loading=\"lazy\" decoding=\"async\" width=\"1020\" height=\"680\" src=\"https:\/\/tektro.eu\/wp-content\/uploads\/thumb_TEKTRO_HD-E395_Lever.jpg\" class=\"attachment-large size-large\" alt=\"\" srcset=\"https:\/\/tektro.eu\/wp-content\/uploads\/thumb_TEKTRO_HD-E395_Lever.jpg 1200w, https:\/\/tektro.eu\/wp-content\/uploads\/thumb_TEKTRO_HD-E395_Lever-510x340.jpg 510w, https:\/\/tektro.eu\/wp-content\/uploads\/thumb_TEKTRO_HD-E395_Lever-600x400.jpg 600w, https:\/\/tektro.eu\/wp-content\/uploads\/thumb_TEKTRO_HD-E395_Lever-768x512.jpg 768w\" sizes=\"auto, (max-width: 1020px) 100vw, 1020px\" \/>\t\t\t\t\t\t\n\t\t\t\t\t<\/div>\n\t\t\t\t\t\t\t\t\n<style>\n#image_1770430288 {\n  width: 100%;\n}\n<\/style>\n\t<\/div>\n\t\n\n\n<\/div><\/div>\n<div class=\"col grid-col large-5 grid-col-1-2\" ><div class=\"col-inner\">\n\n\t<div class=\"img has-hover x md-x lg-x y md-y lg-y\" id=\"image_1736335375\">\n\t\t\t\t\t\t\t\t<div class=\"img-inner dark\" >\n\t\t\t<img loading=\"lazy\" decoding=\"async\" width=\"1020\" height=\"680\" src=\"https:\/\/tektro.eu\/wp-content\/uploads\/thumb_TEKTRO_HD-E395_Caliper.jpg\" class=\"attachment-large size-large\" alt=\"\" srcset=\"https:\/\/tektro.eu\/wp-content\/uploads\/thumb_TEKTRO_HD-E395_Caliper.jpg 1200w, https:\/\/tektro.eu\/wp-content\/uploads\/thumb_TEKTRO_HD-E395_Caliper-510x340.jpg 510w, https:\/\/tektro.eu\/wp-content\/uploads\/thumb_TEKTRO_HD-E395_Caliper-600x400.jpg 600w, https:\/\/tektro.eu\/wp-content\/uploads\/thumb_TEKTRO_HD-E395_Caliper-768x512.jpg 768w\" sizes=\"auto, (max-width: 1020px) 100vw, 1020px\" \/>\t\t\t\t\t\t\n\t\t\t\t\t<\/div>\n\t\t\t\t\t\t\t\t\n<style>\n#image_1736335375 {\n  width: 100%;\n}\n<\/style>\n\t<\/div>\n\t\n\n\n<\/div><\/div>\n\n            <\/div>\n    <style>\n    #banner-grid-1763747196 .grid-col-1{height: 539px}\n    #banner-grid-1763747196 .grid-col-1-2{height: 269.5px}\n    #banner-grid-1763747196 .grid-col-1-3{height:179.66666666667px}\n    #banner-grid-1763747196 .grid-col-2-3{height: 359.33333333333px}\n    #banner-grid-1763747196 .grid-col-1-4{height: 134.75px}\n    #banner-grid-1763747196 .grid-col-3-4{height: 404.25px}\n\n\n    \n    \n\n  <\/style>\n    <\/div>\n  \n\n\t\t<\/div>\n\t\t\t\t\t<\/div>\n\n\t\n\n<\/div>\n\n","protected":false},"excerpt":{"rendered":"","protected":false},"author":1,"featured_media":0,"parent":6684,"menu_order":0,"comment_status":"closed","ping_status":"closed","template":"page-blank.php","meta":{"_monsterinsights_skip_tracking":false,"_monsterinsights_sitenote_active":false,"_monsterinsights_sitenote_note":"","_monsterinsights_sitenote_category":0,"footnotes":""},"class_list":["post-6998","page","type-page","status-publish","hentry"],"_links":{"self":[{"href":"https:\/\/tektro.eu\/fr\/wp-json\/wp\/v2\/pages\/6998","targetHints":{"allow":["GET"]}}],"collection":[{"href":"https:\/\/tektro.eu\/fr\/wp-json\/wp\/v2\/pages"}],"about":[{"href":"https:\/\/tektro.eu\/fr\/wp-json\/wp\/v2\/types\/page"}],"author":[{"embeddable":true,"href":"https:\/\/tektro.eu\/fr\/wp-json\/wp\/v2\/users\/1"}],"replies":[{"embeddable":true,"href":"https:\/\/tektro.eu\/fr\/wp-json\/wp\/v2\/comments?post=6998"}],"version-history":[{"count":0,"href":"https:\/\/tektro.eu\/fr\/wp-json\/wp\/v2\/pages\/6998\/revisions"}],"up":[{"embeddable":true,"href":"https:\/\/tektro.eu\/fr\/wp-json\/wp\/v2\/pages\/6684"}],"wp:attachment":[{"href":"https:\/\/tektro.eu\/fr\/wp-json\/wp\/v2\/media?parent=6998"}],"curies":[{"name":"wp","href":"https:\/\/api.w.org\/{rel}","templated":true}]}}