{"id":6995,"date":"2022-07-12T09:41:21","date_gmt":"2022-07-12T09:41:21","guid":{"rendered":"https:\/\/tektro.eu\/tektro-2\/hd-m530\/"},"modified":"2022-07-12T09:41:22","modified_gmt":"2022-07-12T09:41:22","slug":"hd-m530","status":"publish","type":"page","link":"https:\/\/tektro.eu\/fr\/tektro-2\/hd-m530\/","title":{"rendered":"HD-M530"},"content":{"rendered":"\n\t<div id=\"gap-1469308124\" class=\"gap-element clearfix\" style=\"display:block; height:auto;\">\n\t\t\n<style>\n#gap-1469308124 {\n  padding-top: 35px;\n}\n<\/style>\n\t<\/div>\n\t\n\n<div class=\"row\"  id=\"row-2066977422\">\n\n\n\t<div id=\"col-305461394\" class=\"col medium-4 small-12 large-4\"  >\n\t\t\t\t<div class=\"col-inner\"  >\n\t\t\t\n\t\t\t\n\n<p class=\"uppercase\"><span style=\"font-size: 80%;\"><strong><span style=\"color: #ff9900;\">VTT \/ SUV<\/span><\/strong><\/span><\/p>\n\t<div class=\"img has-hover x md-x lg-x y md-y lg-y\" id=\"image_1726479813\">\n\t\t\t\t\t\t\t\t<div class=\"img-inner dark\" style=\"margin:0px 0px -15px 0px;\">\n\t\t\t<img loading=\"lazy\" decoding=\"async\" width=\"734\" height=\"105\" src=\"https:\/\/tektro.eu\/wp-content\/uploads\/Tektro_pos_1c.png\" class=\"attachment-large size-large\" alt=\"\" srcset=\"https:\/\/tektro.eu\/wp-content\/uploads\/Tektro_pos_1c.png 734w, https:\/\/tektro.eu\/wp-content\/uploads\/Tektro_pos_1c-510x73.png 510w\" sizes=\"auto, (max-width: 734px) 100vw, 734px\" \/>\t\t\t\t\t\t\n\t\t\t\t\t<\/div>\n\t\t\t\t\t\t\t\t\n<style>\n#image_1726479813 {\n  width: 44%;\n}\n<\/style>\n\t<\/div>\n\t\n\n<h1>HD-M530 (2&#215;4)<\/h1>\n<hr>\n<p><span style=\"font-size: 90%;\">La solution TEKTRO E Bike Solution pour les VTTAE ou les SUV : \u00e9triers de frein \u00e0 4 pistons \u00e0 l&#8217;avant et \u00e0 2 pistons \u00e0 l&#8217;arri\u00e8re. Disques de frein plus \u00e9pais de 2,3 mm et plaquettes de frein de 5 mm.<\/span><\/p>\n<hr>\n<h4 class=\"vc_custom_heading product-features-title uppercase\"><strong>Levier de frein<\/strong><\/h4>\n<ul>\n<li><span style=\"font-size: 85%;\">Nouveau : \u00e9trier de frein \u00e0 4 pistons<\/span><\/li>\n<li><span style=\"font-size: 85%;\">Levier \u00e0 2 doigts<\/span><\/li>\n<li><span style=\"font-size: 85%;\">Serrage du guidon en une seule pi\u00e8ce<\/span><\/li>\n<li><span style=\"font-size: 85%;\">Levier de frein avec renfoncements pour une meilleure prise en main<\/span><\/li>\n<\/ul>\n<div class=\"wpb_wrapper\">\n<div class=\"wpb_text_column wpb_content_elementproduct-features-content\">\n<div class=\"wpb_wrapper\">\n<h4 class=\"vc_custom_heading product-features-title uppercase\"><strong><br>\u00c9trier de frein<\/strong><\/h4>\n<ul>\n<li><span style=\"font-size: 85%;\">Nouveau : 4 &amp; 2 \u00e9triers de frein Mix avant\/arri\u00e8re<\/span><\/li>\n<li><span style=\"font-size: 85%;\">Nouveau : Huile min\u00e9rale pouvant \u00eatre chauff\u00e9e jusqu&#8217;\u00e0 230\u00b0 C<\/span><\/li>\n<li><span style=\"font-size: 85%;\">Compatible avec les disques de frein de 2,3 mm<\/span><\/li>\n<li><span style=\"font-size: 85%;\">Nouveau : Plaquettes de frein de 5 mm d&#8217;\u00e9paisseur<\/span><\/li>\n<li><span style=\"font-size: 85%;\">Nouveau : Durite d&#8217;huile de 5 mm<\/span><\/li>\n<\/ul>\n<\/div>\n<\/div>\n<\/div>\n\n\t\t<\/div>\n\t\t\t\t\t<\/div>\n\n\t\n\n\t<div id=\"col-468562153\" class=\"col medium-8 small-12 large-8\"  >\n\t\t\t\t<div class=\"col-inner\"  >\n\t\t\t\n\t\t\t\n\n  <div class=\"banner-grid-wrapper\">\n  <div id=\"banner-grid-1371640877\" class=\"banner-grid row row-grid row-small\" data-packery-options=\"\">\n                      \n\n<div class=\"col grid-col large-12 grid-col-3-4\" ><div class=\"col-inner\">\n\n\t<div class=\"img has-hover x md-x lg-x y md-y lg-y\" id=\"image_1984183729\">\n\t\t\t\t\t\t\t\t<div class=\"img-inner dark\" >\n\t\t\t<img loading=\"lazy\" decoding=\"async\" width=\"1020\" height=\"574\" src=\"https:\/\/tektro.eu\/wp-content\/uploads\/Tektro_HD-M530-1536x864-1-1400x788.jpg\" class=\"attachment-large size-large\" alt=\"\" srcset=\"https:\/\/tektro.eu\/wp-content\/uploads\/Tektro_HD-M530-1536x864-1-1400x788.jpg 1400w, https:\/\/tektro.eu\/wp-content\/uploads\/Tektro_HD-M530-1536x864-1-510x287.jpg 510w, https:\/\/tektro.eu\/wp-content\/uploads\/Tektro_HD-M530-1536x864-1-711x400.jpg 711w, https:\/\/tektro.eu\/wp-content\/uploads\/Tektro_HD-M530-1536x864-1-768x432.jpg 768w, https:\/\/tektro.eu\/wp-content\/uploads\/Tektro_HD-M530-1536x864-1.jpg 1536w\" sizes=\"auto, (max-width: 1020px) 100vw, 1020px\" \/>\t\t\t\t\t\t\n\t\t\t\t\t<\/div>\n\t\t\t\t\t\t\t\t\n<style>\n#image_1984183729 {\n  width: 100%;\n}\n<\/style>\n\t<\/div>\n\t\n\n\n<\/div><\/div>\n<div class=\"col grid-col large-7 grid-col-1-2\" ><div class=\"col-inner\">\n\n\t<div class=\"img has-hover x md-x lg-x y md-y lg-y\" id=\"image_665249429\">\n\t\t\t\t\t\t\t\t<div class=\"img-inner dark\" >\n\t\t\t<img loading=\"lazy\" decoding=\"async\" width=\"1020\" height=\"680\" src=\"https:\/\/tektro.eu\/wp-content\/uploads\/thumb_TEKTRO_HD-M530_Lever.jpg\" class=\"attachment-large size-large\" alt=\"\" srcset=\"https:\/\/tektro.eu\/wp-content\/uploads\/thumb_TEKTRO_HD-M530_Lever.jpg 1200w, https:\/\/tektro.eu\/wp-content\/uploads\/thumb_TEKTRO_HD-M530_Lever-510x340.jpg 510w, https:\/\/tektro.eu\/wp-content\/uploads\/thumb_TEKTRO_HD-M530_Lever-600x400.jpg 600w, https:\/\/tektro.eu\/wp-content\/uploads\/thumb_TEKTRO_HD-M530_Lever-768x512.jpg 768w\" sizes=\"auto, (max-width: 1020px) 100vw, 1020px\" \/>\t\t\t\t\t\t\n\t\t\t\t\t<\/div>\n\t\t\t\t\t\t\t\t\n<style>\n#image_665249429 {\n  width: 100%;\n}\n<\/style>\n\t<\/div>\n\t\n\n\n<\/div><\/div>\n<div class=\"col grid-col large-5 grid-col-1-2\" ><div class=\"col-inner\">\n\n\t<div class=\"img has-hover x md-x lg-x y md-y lg-y\" id=\"image_1169932932\">\n\t\t\t\t\t\t\t\t<div class=\"img-inner dark\" >\n\t\t\t<img loading=\"lazy\" decoding=\"async\" width=\"1020\" height=\"680\" src=\"https:\/\/tektro.eu\/wp-content\/uploads\/thumb_TEKTRO_HD-M530_Caliper.jpg\" class=\"attachment-large size-large\" alt=\"\" srcset=\"https:\/\/tektro.eu\/wp-content\/uploads\/thumb_TEKTRO_HD-M530_Caliper.jpg 1200w, https:\/\/tektro.eu\/wp-content\/uploads\/thumb_TEKTRO_HD-M530_Caliper-510x340.jpg 510w, https:\/\/tektro.eu\/wp-content\/uploads\/thumb_TEKTRO_HD-M530_Caliper-600x400.jpg 600w, https:\/\/tektro.eu\/wp-content\/uploads\/thumb_TEKTRO_HD-M530_Caliper-768x512.jpg 768w\" sizes=\"auto, (max-width: 1020px) 100vw, 1020px\" \/>\t\t\t\t\t\t\n\t\t\t\t\t<\/div>\n\t\t\t\t\t\t\t\t\n<style>\n#image_1169932932 {\n  width: 100%;\n}\n<\/style>\n\t<\/div>\n\t\n\n\n<\/div><\/div>\n\n            <\/div>\n    <style>\n    #banner-grid-1371640877 .grid-col-1{height: 539px}\n    #banner-grid-1371640877 .grid-col-1-2{height: 269.5px}\n    #banner-grid-1371640877 .grid-col-1-3{height:179.66666666667px}\n    #banner-grid-1371640877 .grid-col-2-3{height: 359.33333333333px}\n    #banner-grid-1371640877 .grid-col-1-4{height: 134.75px}\n    #banner-grid-1371640877 .grid-col-3-4{height: 404.25px}\n\n\n    \n    \n\n  <\/style>\n    <\/div>\n  \n\n\t\t<\/div>\n\t\t\t\t\t<\/div>\n\n\t\n\n\n<style>\n#row-2066977422 > .col > .col-inner {\n  background-color: rgb(255,255,255);\n}\n<\/style>\n<\/div>\n\n","protected":false},"excerpt":{"rendered":"","protected":false},"author":1,"featured_media":0,"parent":6684,"menu_order":0,"comment_status":"closed","ping_status":"closed","template":"page-blank.php","meta":{"_monsterinsights_skip_tracking":false,"_monsterinsights_sitenote_active":false,"_monsterinsights_sitenote_note":"","_monsterinsights_sitenote_category":0,"footnotes":""},"class_list":["post-6995","page","type-page","status-publish","hentry"],"_links":{"self":[{"href":"https:\/\/tektro.eu\/fr\/wp-json\/wp\/v2\/pages\/6995","targetHints":{"allow":["GET"]}}],"collection":[{"href":"https:\/\/tektro.eu\/fr\/wp-json\/wp\/v2\/pages"}],"about":[{"href":"https:\/\/tektro.eu\/fr\/wp-json\/wp\/v2\/types\/page"}],"author":[{"embeddable":true,"href":"https:\/\/tektro.eu\/fr\/wp-json\/wp\/v2\/users\/1"}],"replies":[{"embeddable":true,"href":"https:\/\/tektro.eu\/fr\/wp-json\/wp\/v2\/comments?post=6995"}],"version-history":[{"count":0,"href":"https:\/\/tektro.eu\/fr\/wp-json\/wp\/v2\/pages\/6995\/revisions"}],"up":[{"embeddable":true,"href":"https:\/\/tektro.eu\/fr\/wp-json\/wp\/v2\/pages\/6684"}],"wp:attachment":[{"href":"https:\/\/tektro.eu\/fr\/wp-json\/wp\/v2\/media?parent=6995"}],"curies":[{"name":"wp","href":"https:\/\/api.w.org\/{rel}","templated":true}]}}