{"id":6713,"date":"2022-04-01T12:14:44","date_gmt":"2022-04-01T12:14:44","guid":{"rendered":"https:\/\/tektro.eu\/tektro-2\/tektro-disques-de-frein\/"},"modified":"2025-07-09T12:45:35","modified_gmt":"2025-07-09T12:45:35","slug":"tektro-disques-de-frein","status":"publish","type":"page","link":"https:\/\/tektro.eu\/fr\/tektro-2\/tektro-disques-de-frein\/","title":{"rendered":"Tektro Disques de frein"},"content":{"rendered":"\n\n  <div class=\"banner has-hover\" id=\"banner-1064789586\">\n          <div class=\"banner-inner fill\">\n        <div class=\"banner-bg fill\" >\n            <img loading=\"lazy\" decoding=\"async\" width=\"2000\" height=\"1550\" src=\"https:\/\/tektro.eu\/wp-content\/uploads\/IMG_0897_2.jpg\" class=\"bg attachment-original size-original\" alt=\"\" \/>                        <div class=\"overlay\"><\/div>            \n                    <\/div>\n\t\t\n        <div class=\"banner-layers container\">\n            <div class=\"fill banner-link\"><\/div>            \n\n   <div id=\"text-box-300498796\" class=\"text-box banner-layer x50 md-x5 lg-x0 y95 md-y15 lg-y15 res-text\">\n                                <div class=\"text-box-content text dark text-shadow-1\">\n              \n              <div class=\"text-inner text-left\">\n                  \n\n<h1 class=\"uppercase\">Disques de frein<\/h1>\n<p>TEKTRO propose un grand choix de disques de frein diff\u00e9rents pour chaque utilisation et type de v\u00e9lo &#8211; avec une fixation s\u00fbre \u00e0 6 trous et \u00e9galement une \u00e9paisseur de 2,3 mm, sp\u00e9cialement pour les v\u00e9los \u00e9lectriques.<\/p>\n\n              <\/div>\n           <\/div>\n                            \n<style>\n#text-box-300498796 .text-box-content {\n  background-color: rgba(255, 255, 255, 0);\n  font-size: 100%;\n}\n#text-box-300498796 .text-inner {\n  padding: 0px 0px 0px 0px;\n}\n#text-box-300498796 {\n  width: 81%;\n}\n@media (min-width:550px) {\n  #text-box-300498796 {\n    width: 31%;\n  }\n}\n<\/style>\n    <\/div>\n \n\n        <\/div>\n      <\/div>\n\n            \n<style>\n#banner-1064789586 {\n  padding-top: 228px;\n  background-color: rgb(255, 255, 255);\n}\n#banner-1064789586 .overlay {\n  background-color: rgba(0, 0, 0, 0.233);\n}\n#banner-1064789586 .banner-bg img {\n  object-position: 100% 36%;\n}\n@media (min-width:550px) {\n  #banner-1064789586 {\n    padding-top: 498px;\n  }\n}\n<\/style>\n  <\/div>\n\n\n\n\t<section class=\"section\" id=\"section_2124816980\">\n\t\t<div class=\"section-bg fill\" >\n\t\t\t\t\t\t\t\t\t\n\t\t\t\n\n\t\t<\/div>\n\n\t\t\n\n\t\t<div class=\"section-content relative\">\n\t\t\t\n\n<div class=\"row align-center\"  id=\"row-1280193867\">\n\n\n\t<div id=\"col-1106039316\" class=\"col medium-11 small-12 large-11\"  >\n\t\t\t\t<div class=\"col-inner\"  >\n\t\t\t\n\t\t\t\n\n\t<div class=\"img has-hover x md-x lg-x y md-y lg-y\" id=\"image_878801250\">\n\t\t<a class=\"image-lightbox lightbox-gallery\" title=\"\" href=\"https:\/\/tektro.eu\/wp-content\/uploads\/Tektro-Rotoren_252-scaled.png\">\t\t\t\t\t\t<div class=\"img-inner dark\" style=\"margin:0px 0px 0px 0;\">\n\t\t\t<img loading=\"lazy\" decoding=\"async\" width=\"1831\" height=\"2560\" src=\"https:\/\/tektro.eu\/wp-content\/uploads\/Tektro-Rotoren_252-scaled.png\" class=\"attachment-original size-original\" alt=\"TEKTRO Bremsscheibe\" srcset=\"https:\/\/tektro.eu\/wp-content\/uploads\/Tektro-Rotoren_252-scaled.png 1831w, https:\/\/tektro.eu\/wp-content\/uploads\/Tektro-Rotoren_252-286x400.png 286w, https:\/\/tektro.eu\/wp-content\/uploads\/Tektro-Rotoren_252-572x800.png 572w, https:\/\/tektro.eu\/wp-content\/uploads\/Tektro-Rotoren_252-768x1074.png 768w, https:\/\/tektro.eu\/wp-content\/uploads\/Tektro-Rotoren_252-1098x1536.png 1098w, https:\/\/tektro.eu\/wp-content\/uploads\/Tektro-Rotoren_252-1464x2048.png 1464w\" sizes=\"auto, (max-width: 1831px) 100vw, 1831px\" \/>\t\t\t\t\t\t\n\t\t\t\t\t<\/div>\n\t\t\t\t\t\t<\/a>\t\t\n<style>\n#image_878801250 {\n  width: 100%;\n}\n<\/style>\n\t<\/div>\n\t\n\n<hr>\n<p style=\"text-align: center;\">La limite d\u2019usure des disques de frein de 1,8 mm est de 1,5 mm<br>La limite d\u2019usure des disques de frein de 2,3 mm est de 1,9 mm<\/p>\n\n\t\t<\/div>\n\t\t\t\t\t<\/div>\n\n\t\n\n<\/div>\n\n\t\t<\/div>\n\n\t\t\n<style>\n#section_2124816980 {\n  padding-top: 30px;\n  padding-bottom: 30px;\n  background-color: rgb(255, 255, 255);\n}\n<\/style>\n\t<\/section>\n\t\n<div class=\"container section-title-container hidden\" ><h2 class=\"section-title section-title-center\"><b aria-hidden=\"true\"><\/b><span class=\"section-title-main\" >Produits<\/span><b aria-hidden=\"true\"><\/b><\/h2><\/div>\n\n\n\n\t<section class=\"section\" id=\"section_1341544351\">\n\t\t<div class=\"section-bg fill\" >\n\t\t\t\t\t\t\t\t\t\n\t\t\t\n\n\t\t<\/div>\n\n\t\t\n\n\t\t<div class=\"section-content relative\">\n\t\t\t\n\n<div class=\"row row-large align-center row-divided\"  id=\"row-1521107679\">\n\n\n\t<div id=\"col-1501232546\" class=\"col medium-4 large-4\"  >\n\t\t\t\t<div class=\"col-inner\"  >\n\t\t\t\n\t\t\t\n\n\n\t\t<div class=\"icon-box featured-box icon-box-center text-center\"  style=\"margin:0px 0px 0px 0px;\">\n\t\t\t\t\t<div class=\"icon-box-img has-icon-bg\" style=\"width: 44px\">\n\t\t\t\t<div class=\"icon\">\n\t\t\t\t\t<div class=\"icon-inner\" style=\"border-width:2px;\">\n\t\t\t\t\t\t<img loading=\"lazy\" decoding=\"async\" width=\"400\" height=\"400\" src=\"https:\/\/tektro.eu\/wp-content\/uploads\/cropped-TRP-Logo_schwarz-1-400x400.png\" class=\"attachment-medium size-medium\" alt=\"\" srcset=\"https:\/\/tektro.eu\/wp-content\/uploads\/cropped-TRP-Logo_schwarz-1-400x400.png 400w, https:\/\/tektro.eu\/wp-content\/uploads\/cropped-TRP-Logo_schwarz-1-300x300.png 300w, https:\/\/tektro.eu\/wp-content\/uploads\/cropped-TRP-Logo_schwarz-1-510x510.png 510w, https:\/\/tektro.eu\/wp-content\/uploads\/cropped-TRP-Logo_schwarz-1-100x100.png 100w, https:\/\/tektro.eu\/wp-content\/uploads\/cropped-TRP-Logo_schwarz-1.png 512w\" sizes=\"auto, (max-width: 400px) 100vw, 400px\" \/>\t\t\t\t\t<\/div>\n\t\t\t\t<\/div>\n\t\t\t<\/div>\n\t\t\t\t<div class=\"icon-box-text last-reset\">\n\t\t\t\t\t\t\t\t\t\n\n<h3>Plaquettes de frein plus puissantes EBS<\/h3>\n<p>TEKTRO a d\u00e9velopp\u00e9 de nouvelles plaquettes de frein d&#8217;une \u00e9paisseur de 5 mm &#8211; les plaquettes standard ont une \u00e9paisseur de 4 mm &#8211; pour r\u00e9pondre \u00e0 l&#8217;usure plus importante des v\u00e9los \u00e9lectriques.<\/p>\n\n\t\t<\/div>\n\t<\/div>\n\t\n\t\n\n\t\t<\/div>\n\t\t\t\t\t<\/div>\n\n\t\n\n\t<div id=\"col-1623478118\" class=\"col medium-4 large-4\"  >\n\t\t\t\t<div class=\"col-inner\"  >\n\t\t\t\n\t\t\t\n\n\n\t\t<div class=\"icon-box featured-box icon-box-center text-center\"  style=\"margin:0px 0px 0px 0px;\">\n\t\t\t\t\t<div class=\"icon-box-img has-icon-bg\" style=\"width: 44px\">\n\t\t\t\t<div class=\"icon\">\n\t\t\t\t\t<div class=\"icon-inner\" style=\"border-width:2px;\">\n\t\t\t\t\t\t<img loading=\"lazy\" decoding=\"async\" width=\"400\" height=\"400\" src=\"https:\/\/tektro.eu\/wp-content\/uploads\/cropped-TRP-Logo_schwarz-1-400x400.png\" class=\"attachment-medium size-medium\" alt=\"\" srcset=\"https:\/\/tektro.eu\/wp-content\/uploads\/cropped-TRP-Logo_schwarz-1-400x400.png 400w, https:\/\/tektro.eu\/wp-content\/uploads\/cropped-TRP-Logo_schwarz-1-300x300.png 300w, https:\/\/tektro.eu\/wp-content\/uploads\/cropped-TRP-Logo_schwarz-1-510x510.png 510w, https:\/\/tektro.eu\/wp-content\/uploads\/cropped-TRP-Logo_schwarz-1-100x100.png 100w, https:\/\/tektro.eu\/wp-content\/uploads\/cropped-TRP-Logo_schwarz-1.png 512w\" sizes=\"auto, (max-width: 400px) 100vw, 400px\" \/>\t\t\t\t\t<\/div>\n\t\t\t\t<\/div>\n\t\t\t<\/div>\n\t\t\t\t<div class=\"icon-box-text last-reset\">\n\t\t\t\t\t\t\t\t\t\n\n<h3>Nouvelle huile min\u00e9rale de performance<\/h3>\n<p>Une viscosit\u00e9 plus faible pour un meilleur \u00e9coulement de l&#8217;huile et une r\u00e9sistance accrue \u00e0 la chaleur jusqu&#8217;\u00e0 230\u00b0 C constituent une am\u00e9lioration importante pour la stabilit\u00e9 des syst\u00e8mes de freinage.<\/p>\n\n\t\t<\/div>\n\t<\/div>\n\t\n\t\n\n\t\t<\/div>\n\t\t\t\t\t<\/div>\n\n\t\n\n\t<div id=\"col-1642992132\" class=\"col medium-4 large-4\"  >\n\t\t\t\t<div class=\"col-inner\"  >\n\t\t\t\n\t\t\t\n\n\n\t\t<div class=\"icon-box featured-box icon-box-center text-center\"  style=\"margin:0px 0px 0px 0px;\">\n\t\t\t\t\t<div class=\"icon-box-img has-icon-bg\" style=\"width: 44px\">\n\t\t\t\t<div class=\"icon\">\n\t\t\t\t\t<div class=\"icon-inner\" style=\"border-width:2px;\">\n\t\t\t\t\t\t<img loading=\"lazy\" decoding=\"async\" width=\"400\" height=\"400\" src=\"https:\/\/tektro.eu\/wp-content\/uploads\/cropped-TRP-Logo_schwarz-1-400x400.png\" class=\"attachment-medium size-medium\" alt=\"\" srcset=\"https:\/\/tektro.eu\/wp-content\/uploads\/cropped-TRP-Logo_schwarz-1-400x400.png 400w, https:\/\/tektro.eu\/wp-content\/uploads\/cropped-TRP-Logo_schwarz-1-300x300.png 300w, https:\/\/tektro.eu\/wp-content\/uploads\/cropped-TRP-Logo_schwarz-1-510x510.png 510w, https:\/\/tektro.eu\/wp-content\/uploads\/cropped-TRP-Logo_schwarz-1-100x100.png 100w, https:\/\/tektro.eu\/wp-content\/uploads\/cropped-TRP-Logo_schwarz-1.png 512w\" sizes=\"auto, (max-width: 400px) 100vw, 400px\" \/>\t\t\t\t\t<\/div>\n\t\t\t\t<\/div>\n\t\t\t<\/div>\n\t\t\t\t<div class=\"icon-box-text last-reset\">\n\t\t\t\t\t\t\t\t\t\n\n<h3>Nouvelles durites d&#8217;huile de 5 mm<\/h3>\n<p>En collaboration avec le sp\u00e9cialiste allemand Rehau, des durites de frein hydrauliques plus solides ont \u00e9t\u00e9 d\u00e9velopp\u00e9es, dont la r\u00e9sistance \u00e0 la chaleur a \u00e9galement \u00e9t\u00e9 augment\u00e9e. <\/p>\n\n\t\t<\/div>\n\t<\/div>\n\t\n\t\n\n\t\t<\/div>\n\t\t\t\t\t<\/div>\n\n\t\n\n<\/div>\n\n\t\t<\/div>\n\n\t\t\n<style>\n#section_1341544351 {\n  padding-top: 30px;\n  padding-bottom: 30px;\n  background-color: rgb(255, 255, 255);\n}\n<\/style>\n\t<\/section>\n\t\n\t<div id=\"gap-1698150682\" class=\"gap-element clearfix\" style=\"display:block; height:auto;\">\n\t\t\n<style>\n#gap-1698150682 {\n  padding-top: 30px;\n}\n<\/style>\n\t<\/div>\n\t\n\n\t<div id=\"gap-2050995563\" class=\"gap-element clearfix\" style=\"display:block; height:auto;\">\n\t\t\n<style>\n#gap-2050995563 {\n  padding-top: 30px;\n}\n<\/style>\n\t<\/div>\n\t\n\n\t<div id=\"gap-690912714\" class=\"gap-element clearfix\" style=\"display:block; height:auto;\">\n\t\t\n<style>\n#gap-690912714 {\n  padding-top: 30px;\n}\n<\/style>\n\t<\/div>\n\t\n\n\n","protected":false},"excerpt":{"rendered":"","protected":false},"author":1,"featured_media":0,"parent":6684,"menu_order":0,"comment_status":"closed","ping_status":"closed","template":"page-blank.php","meta":{"_monsterinsights_skip_tracking":false,"_monsterinsights_sitenote_active":false,"_monsterinsights_sitenote_note":"","_monsterinsights_sitenote_category":0,"footnotes":""},"class_list":["post-6713","page","type-page","status-publish","hentry"],"_links":{"self":[{"href":"https:\/\/tektro.eu\/fr\/wp-json\/wp\/v2\/pages\/6713","targetHints":{"allow":["GET"]}}],"collection":[{"href":"https:\/\/tektro.eu\/fr\/wp-json\/wp\/v2\/pages"}],"about":[{"href":"https:\/\/tektro.eu\/fr\/wp-json\/wp\/v2\/types\/page"}],"author":[{"embeddable":true,"href":"https:\/\/tektro.eu\/fr\/wp-json\/wp\/v2\/users\/1"}],"replies":[{"embeddable":true,"href":"https:\/\/tektro.eu\/fr\/wp-json\/wp\/v2\/comments?post=6713"}],"version-history":[{"count":3,"href":"https:\/\/tektro.eu\/fr\/wp-json\/wp\/v2\/pages\/6713\/revisions"}],"predecessor-version":[{"id":12266,"href":"https:\/\/tektro.eu\/fr\/wp-json\/wp\/v2\/pages\/6713\/revisions\/12266"}],"up":[{"embeddable":true,"href":"https:\/\/tektro.eu\/fr\/wp-json\/wp\/v2\/pages\/6684"}],"wp:attachment":[{"href":"https:\/\/tektro.eu\/fr\/wp-json\/wp\/v2\/media?parent=6713"}],"curies":[{"name":"wp","href":"https:\/\/api.w.org\/{rel}","templated":true}]}}