{"id":6704,"date":"2022-04-01T12:09:21","date_gmt":"2022-04-01T12:09:21","guid":{"rendered":"https:\/\/tektro.eu\/tektro-2\/tektro-plaquettes-de-frein\/"},"modified":"2025-07-10T10:00:01","modified_gmt":"2025-07-10T10:00:01","slug":"tektro-plaquettes-de-frein","status":"publish","type":"page","link":"https:\/\/tektro.eu\/fr\/tektro-2\/tektro-plaquettes-de-frein\/","title":{"rendered":"Tektro Plaquettes de frein"},"content":{"rendered":"\n\n  <div class=\"banner has-hover\" id=\"banner-612405944\">\n          <div class=\"banner-inner fill\">\n        <div class=\"banner-bg fill\" >\n            <img loading=\"lazy\" decoding=\"async\" width=\"2000\" height=\"1300\" src=\"https:\/\/tektro.eu\/wp-content\/uploads\/IMG_1175quer.jpg\" class=\"bg attachment-original size-original\" alt=\"\" \/>                        <div class=\"overlay\"><\/div>            \n                    <\/div>\n\t\t\n        <div class=\"banner-layers container\">\n            <div class=\"fill banner-link\"><\/div>            \n\n   <div id=\"text-box-1113724536\" class=\"text-box banner-layer x5 md-x100 lg-x5 y5 md-y25 lg-y25 res-text\">\n                                <div class=\"text-box-content text dark text-shadow-1\">\n              \n              <div class=\"text-inner text-left\">\n                  \n\n<h1 class=\"uppercase\">Plaquettes de frein<\/h1>\n<p>TEKTRO propose une large gamme de plaquettes de frein diff\u00e9rentes pour chaque utilisation et type de v\u00e9lo &#8211; \u00e9galement sp\u00e9cialement pour les v\u00e9los \u00e9lectriques.<\/p>\n\n              <\/div>\n           <\/div>\n                            \n<style>\n#text-box-1113724536 .text-box-content {\n  background-color: rgba(255, 255, 255, 0);\n  font-size: 100%;\n}\n#text-box-1113724536 .text-inner {\n  padding: 0px 0px 0px 0px;\n}\n#text-box-1113724536 {\n  width: 78%;\n}\n@media (min-width:550px) {\n  #text-box-1113724536 {\n    width: 28%;\n  }\n}\n@media (min-width:850px) {\n  #text-box-1113724536 {\n    width: 38%;\n  }\n}\n<\/style>\n    <\/div>\n \n\n        <\/div>\n      <\/div>\n\n            \n<style>\n#banner-612405944 {\n  padding-top: 213px;\n  background-color: rgb(255, 255, 255);\n}\n#banner-612405944 .overlay {\n  background-color: rgba(0, 0, 0, 0.18);\n}\n#banner-612405944 .banner-bg img {\n  object-position: 1% 86%;\n}\n@media (min-width:550px) {\n  #banner-612405944 {\n    padding-top: 439px;\n  }\n}\n@media (min-width:850px) {\n  #banner-612405944 {\n    padding-top: 498px;\n  }\n}\n<\/style>\n  <\/div>\n\n\n\t<div id=\"gap-776589163\" class=\"gap-element clearfix\" style=\"display:block; height:auto;\">\n\t\t\n<style>\n#gap-776589163 {\n  padding-top: 30px;\n}\n<\/style>\n\t<\/div>\n\t\n\n\t<div class=\"img has-hover x md-x lg-x y md-y lg-y\" id=\"image_856378696\">\n\t\t<a class=\"image-lightbox lightbox-gallery\" title=\"\" href=\"https:\/\/tektro.eu\/wp-content\/uploads\/2022-TEKTRO-OE-accessory-04-scaled.jpg\">\t\t\t\t\t\t<div class=\"img-inner dark\" >\n\t\t\t<img loading=\"lazy\" decoding=\"async\" width=\"1811\" height=\"2560\" src=\"https:\/\/tektro.eu\/wp-content\/uploads\/2022-TEKTRO-OE-accessory-04-scaled.jpg\" class=\"attachment-original size-original\" alt=\"\" srcset=\"https:\/\/tektro.eu\/wp-content\/uploads\/2022-TEKTRO-OE-accessory-04-scaled.jpg 1811w, https:\/\/tektro.eu\/wp-content\/uploads\/2022-TEKTRO-OE-accessory-04-scaled-510x721.jpg 510w, https:\/\/tektro.eu\/wp-content\/uploads\/2022-TEKTRO-OE-accessory-04-283x400.jpg 283w, https:\/\/tektro.eu\/wp-content\/uploads\/2022-TEKTRO-OE-accessory-04-566x800.jpg 566w, https:\/\/tektro.eu\/wp-content\/uploads\/2022-TEKTRO-OE-accessory-04-768x1086.jpg 768w, https:\/\/tektro.eu\/wp-content\/uploads\/2022-TEKTRO-OE-accessory-04-1086x1536.jpg 1086w, https:\/\/tektro.eu\/wp-content\/uploads\/2022-TEKTRO-OE-accessory-04-1449x2048.jpg 1449w\" sizes=\"auto, (max-width: 1811px) 100vw, 1811px\" \/>\t\t\t\t\t\t\n\t\t\t\t\t<\/div>\n\t\t\t\t\t\t<\/a>\t\t\n<style>\n#image_856378696 {\n  width: 100%;\n}\n<\/style>\n\t<\/div>\n\t\n\n\t<div id=\"gap-258545997\" class=\"gap-element clearfix\" style=\"display:block; height:auto;\">\n\t\t\n<style>\n#gap-258545997 {\n  padding-top: 30px;\n}\n<\/style>\n\t<\/div>\n\t\n\n\n  <div class=\"banner has-hover\" id=\"banner-614902635\">\n          <div class=\"banner-inner fill\">\n        <div class=\"banner-bg fill\" >\n            <img loading=\"lazy\" decoding=\"async\" width=\"1020\" height=\"791\" src=\"https:\/\/tektro.eu\/wp-content\/uploads\/IMG_0897_2-1032x800.jpg\" class=\"bg attachment-large size-large\" alt=\"\" \/>                        <div class=\"overlay\"><\/div>            \n                    <\/div>\n\t\t\n        <div class=\"banner-layers container\">\n            <div class=\"fill banner-link\"><\/div>            \n\n   <div id=\"text-box-1147413544\" class=\"text-box banner-layer x50 md-x65 lg-x65 y90 md-y50 lg-y50 res-text\">\n                                <div class=\"text-box-content text dark\">\n              \n              <div class=\"text-inner text-left\">\n                  \n\n<h2 class=\"uppercase\" style=\"text-align: left;\"><strong>Disques de frein<\/strong><\/h2>\n<p>TEKTRO propose un grand choix de disques de frein diff\u00e9rents pour chaque utilisation et type de v\u00e9lo &#8211; avec une fixation s\u00fbre \u00e0 6 trous et \u00e9galement une \u00e9paisseur de 2,3 mm, sp\u00e9cialement pour les v\u00e9los \u00e9lectriques.<\/p>\n<a href=\"https:\/\/tektro.eu\/fr\/tektro-2\/tektro-disques-de-frein\/\" class=\"button white is-outline is-small\" >\n\t\t<span>Aper\u00e7u<\/span>\n\t<\/a>\n\n\n\n              <\/div>\n           <\/div>\n                            \n<style>\n#text-box-1147413544 {\n  width: 91%;\n}\n#text-box-1147413544 .text-box-content {\n  font-size: 100%;\n}\n@media (min-width:550px) {\n  #text-box-1147413544 {\n    width: 62%;\n  }\n}\n<\/style>\n    <\/div>\n \n\n        <\/div>\n      <\/div>\n\n            \n<style>\n#banner-614902635 {\n  padding-top: 234px;\n  background-color: rgb(255, 255, 255);\n}\n#banner-614902635 .overlay {\n  background-color: rgba(0, 0, 0, 0.413);\n}\n@media (min-width:550px) {\n  #banner-614902635 {\n    padding-top: 350px;\n  }\n}\n<\/style>\n  <\/div>\n\n\n\n\t<div id=\"gap-729055941\" class=\"gap-element clearfix\" style=\"display:block; height:auto;\">\n\t\t\n<style>\n#gap-729055941 {\n  padding-top: 30px;\n}\n<\/style>\n\t<\/div>\n\t\n\n\n","protected":false},"excerpt":{"rendered":"","protected":false},"author":1,"featured_media":0,"parent":6684,"menu_order":2,"comment_status":"closed","ping_status":"closed","template":"page-blank.php","meta":{"_monsterinsights_skip_tracking":false,"_monsterinsights_sitenote_active":false,"_monsterinsights_sitenote_note":"","_monsterinsights_sitenote_category":0,"footnotes":""},"class_list":["post-6704","page","type-page","status-publish","hentry"],"_links":{"self":[{"href":"https:\/\/tektro.eu\/fr\/wp-json\/wp\/v2\/pages\/6704","targetHints":{"allow":["GET"]}}],"collection":[{"href":"https:\/\/tektro.eu\/fr\/wp-json\/wp\/v2\/pages"}],"about":[{"href":"https:\/\/tektro.eu\/fr\/wp-json\/wp\/v2\/types\/page"}],"author":[{"embeddable":true,"href":"https:\/\/tektro.eu\/fr\/wp-json\/wp\/v2\/users\/1"}],"replies":[{"embeddable":true,"href":"https:\/\/tektro.eu\/fr\/wp-json\/wp\/v2\/comments?post=6704"}],"version-history":[{"count":3,"href":"https:\/\/tektro.eu\/fr\/wp-json\/wp\/v2\/pages\/6704\/revisions"}],"predecessor-version":[{"id":12296,"href":"https:\/\/tektro.eu\/fr\/wp-json\/wp\/v2\/pages\/6704\/revisions\/12296"}],"up":[{"embeddable":true,"href":"https:\/\/tektro.eu\/fr\/wp-json\/wp\/v2\/pages\/6684"}],"wp:attachment":[{"href":"https:\/\/tektro.eu\/fr\/wp-json\/wp\/v2\/media?parent=6704"}],"curies":[{"name":"wp","href":"https:\/\/api.w.org\/{rel}","templated":true}]}}