{"id":6698,"date":"2022-04-01T11:48:58","date_gmt":"2022-04-01T11:48:58","guid":{"rendered":"https:\/\/tektro.eu\/tektro-2\/tektro-vtt-suv\/"},"modified":"2022-08-24T08:49:29","modified_gmt":"2022-08-24T08:49:29","slug":"tektro-vtt-suv","status":"publish","type":"page","link":"https:\/\/tektro.eu\/fr\/tektro-2\/tektro-vtt-suv\/","title":{"rendered":"TEKTRO VTT \/ SUV"},"content":{"rendered":"\n<div class=\"slider-wrapper relative\" id=\"slider-344873547\" >\n    <div class=\"slider slider-nav-circle slider-nav-large slider-nav-light slider-style-normal\"\n        data-flickity-options='{\n            \"cellAlign\": \"center\",\n            \"imagesLoaded\": true,\n            \"lazyLoad\": 1,\n            \"freeScroll\": false,\n            \"wrapAround\": true,\n            \"autoPlay\": 6000,\n            \"pauseAutoPlayOnHover\" : true,\n            \"prevNextButtons\": true,\n            \"contain\" : true,\n            \"adaptiveHeight\" : true,\n            \"dragThreshold\" : 10,\n            \"percentPosition\": true,\n            \"pageDots\": false,\n            \"rightToLeft\": false,\n            \"draggable\": true,\n            \"selectedAttraction\": 0.1,\n            \"parallax\" : 0,\n            \"friction\": 0.6        }'\n        >\n        \n\n\n  <div class=\"banner has-hover\" id=\"banner-233628219\">\n          <div class=\"banner-inner fill\">\n        <div class=\"banner-bg fill\" >\n            <img loading=\"lazy\" decoding=\"async\" width=\"2000\" height=\"1376\" src=\"https:\/\/tektro.eu\/wp-content\/uploads\/Tektro-MTB-SUV02.jpg\" class=\"bg attachment-original size-original\" alt=\"\" \/>                        <div class=\"overlay\"><\/div>            \n                    <\/div>\n\t\t\n        <div class=\"banner-layers container\">\n            <div class=\"fill banner-link\"><\/div>            \n\n   <div id=\"text-box-891079777\" class=\"text-box banner-layer x50 md-x0 lg-x0 y95 md-y85 lg-y85 res-text\">\n                                <div class=\"text-box-content text dark\">\n              \n              <div class=\"text-inner text-left\">\n                  \n\n<h1 class=\"uppercase\"><strong><span style=\"font-size: 130%;\">VTT \/ SUV<\/span> <\/strong><\/h1>\n\n              <\/div>\n           <\/div>\n                            \n<style>\n#text-box-891079777 .text-box-content {\n  background-color: rgba(255, 255, 255, 0);\n  font-size: 100%;\n}\n#text-box-891079777 .text-inner {\n  padding: 0px 0px 0px 0px;\n}\n#text-box-891079777 {\n  width: 90%;\n}\n@media (min-width:550px) {\n  #text-box-891079777 {\n    width: 39%;\n  }\n}\n<\/style>\n    <\/div>\n \n\n        <\/div>\n      <\/div>\n\n            \n<style>\n#banner-233628219 {\n  padding-top: 350px;\n  background-color: rgb(255, 255, 255);\n}\n#banner-233628219 .overlay {\n  background-color: rgba(102, 102, 102, 0);\n}\n#banner-233628219 .banner-bg img {\n  object-position: 0% 53%;\n}\n@media (min-width:550px) {\n  #banner-233628219 {\n    padding-top: 600px;\n  }\n}\n<\/style>\n  <\/div>\n\n\n\n     <\/div>\n\n     <div class=\"loading-spin dark large centered\"><\/div>\n\n\t<\/div>\n\n\n<div class=\"row\"  id=\"row-1486111181\">\n\n\n\t<div id=\"col-1488553154\" class=\"col small-12 large-12\"  >\n\t\t\t\t<div class=\"col-inner\"  >\n\t\t\t\n\t\t\t\n\n<p>Aussi loin que la batterie peut aller&#8230; la nouvelle cat\u00e9gorie de v\u00e9los \u00e9lectriques tout-terrain SUV permet de nouveaux types d&#8217;aventures. Qu&#8217;il s&#8217;agisse d&#8217;un VTT ou d&#8217;un SUV \u00e9lectrique, TEKTRO propose une gamme de syst\u00e8mes de freinage E Bike Solution adapt\u00e9s \u00e0 ce nouveau type de v\u00e9lo.<\/p>\n<div class=\"text-center\"><div class=\"is-divider divider clearfix\" style=\"max-width:282px;\"><\/div><\/div>\n\n<div class=\"row\"  id=\"row-1649869497\">\n\n\n\t<div id=\"col-1149743502\" class=\"col medium-3 small-12 large-3\"  >\n\t\t\t\t<div class=\"col-inner\"  >\n\t\t\t\n\t\t\t\n\n\n  <div class=\"banner has-hover\" id=\"banner-382508124\">\n          <div class=\"banner-inner fill\">\n        <div class=\"banner-bg fill\" >\n            <img loading=\"lazy\" decoding=\"async\" width=\"1020\" height=\"574\" src=\"https:\/\/tektro.eu\/wp-content\/uploads\/Tektro_HD-M530-1536x864-1-1400x788.jpg\" class=\"bg attachment-large size-large\" alt=\"\" \/>                        <div class=\"overlay\"><\/div>            \n                    <\/div>\n\t\t\n        <div class=\"banner-layers container\">\n            <a class=\"fill\" href=\"https:\/\/tektro.eu\/tektro\/hd-m530\/?lang=fr\"><div class=\"fill banner-link\"><\/div><\/a>            \n\n   <div id=\"text-box-865382802\" class=\"text-box banner-layer x50 md-x50 lg-x50 y95 md-y95 lg-y95 res-text\">\n                                <div class=\"text-box-content text dark\">\n              \n              <div class=\"text-inner text-center\">\n                  \n\n<h4 class=\"uppercase\">VTT \/ SUV<\/h4>\n<h2 class=\"uppercase\"><strong>HD-M530<\/strong><\/h2>\n\n              <\/div>\n           <\/div>\n                            \n<style>\n#text-box-865382802 {\n  width: 80%;\n}\n#text-box-865382802 .text-box-content {\n  font-size: 100%;\n}\n<\/style>\n    <\/div>\n \n\n        <\/div>\n      <\/div>\n\n            \n<style>\n#banner-382508124 {\n  padding-top: 265px;\n  background-color: rgb(255, 255, 255);\n}\n#banner-382508124 .overlay {\n  background-color: rgba(0, 0, 0, 0);\n}\n#banner-382508124 .banner-bg img {\n  object-position: 48% 55%;\n}\n<\/style>\n  <\/div>\n\n\n\n\t\t<\/div>\n\t\t\t\t\t<\/div>\n\n\t\n\n\t<div id=\"col-1833555750\" class=\"col medium-3 small-12 large-3\"  >\n\t\t\t\t<div class=\"col-inner\"  >\n\t\t\t\n\t\t\t\n\n\n  <div class=\"banner has-hover\" id=\"banner-1134103963\">\n          <div class=\"banner-inner fill\">\n        <div class=\"banner-bg fill\" >\n            <img loading=\"lazy\" decoding=\"async\" width=\"1020\" height=\"574\" src=\"https:\/\/tektro.eu\/wp-content\/uploads\/Tektro_HD-M535-1536x864-1-1400x788.jpg\" class=\"bg attachment-large size-large\" alt=\"\" \/>                        <div class=\"overlay\"><\/div>            \n                    <\/div>\n\t\t\n        <div class=\"banner-layers container\">\n            <a class=\"fill\" href=\"https:\/\/tektro.eu\/tektro\/hd-m535\/?lang=fr\"><div class=\"fill banner-link\"><\/div><\/a>            \n\n   <div id=\"text-box-1783912251\" class=\"text-box banner-layer x50 md-x50 lg-x50 y95 md-y95 lg-y95 res-text\">\n                                <div class=\"text-box-content text dark\">\n              \n              <div class=\"text-inner text-center\">\n                  \n\n<h4 class=\"uppercase\">VTT \/ SUV<\/h4>\n<h2 class=\"uppercase\"><strong>HD-M535<\/strong><\/h2>\n\n              <\/div>\n           <\/div>\n                            \n<style>\n#text-box-1783912251 {\n  width: 80%;\n}\n#text-box-1783912251 .text-box-content {\n  font-size: 100%;\n}\n<\/style>\n    <\/div>\n \n\n        <\/div>\n      <\/div>\n\n            \n<style>\n#banner-1134103963 {\n  padding-top: 265px;\n  background-color: rgb(255, 255, 255);\n}\n#banner-1134103963 .overlay {\n  background-color: rgba(0, 0, 0, 0);\n}\n#banner-1134103963 .banner-bg img {\n  object-position: 39% 52%;\n}\n<\/style>\n  <\/div>\n\n\n\n\t\t<\/div>\n\t\t\t\t\t<\/div>\n\n\t\n\n\t<div id=\"col-261472420\" class=\"col medium-3 small-6 large-3\"  >\n\t\t\t\t<div class=\"col-inner\"  >\n\t\t\t\n\t\t\t\n\n\n\t\t<\/div>\n\t\t\t\t\t<\/div>\n\n\t\n\n\t<div id=\"col-1963692213\" class=\"col medium-3 small-6 large-3\"  >\n\t\t\t\t<div class=\"col-inner\"  >\n\t\t\t\n\t\t\t\n\n\n\t\t<\/div>\n\t\t\t\t\t<\/div>\n\n\t\n\n<\/div>\n\n\t\t<\/div>\n\t\t\t\t\t<\/div>\n\n\t\n\n<\/div>\n\n","protected":false},"excerpt":{"rendered":"","protected":false},"author":1,"featured_media":0,"parent":6684,"menu_order":0,"comment_status":"closed","ping_status":"closed","template":"page-blank.php","meta":{"_monsterinsights_skip_tracking":false,"_monsterinsights_sitenote_active":false,"_monsterinsights_sitenote_note":"","_monsterinsights_sitenote_category":0,"footnotes":""},"class_list":["post-6698","page","type-page","status-publish","hentry"],"_links":{"self":[{"href":"https:\/\/tektro.eu\/fr\/wp-json\/wp\/v2\/pages\/6698","targetHints":{"allow":["GET"]}}],"collection":[{"href":"https:\/\/tektro.eu\/fr\/wp-json\/wp\/v2\/pages"}],"about":[{"href":"https:\/\/tektro.eu\/fr\/wp-json\/wp\/v2\/types\/page"}],"author":[{"embeddable":true,"href":"https:\/\/tektro.eu\/fr\/wp-json\/wp\/v2\/users\/1"}],"replies":[{"embeddable":true,"href":"https:\/\/tektro.eu\/fr\/wp-json\/wp\/v2\/comments?post=6698"}],"version-history":[{"count":0,"href":"https:\/\/tektro.eu\/fr\/wp-json\/wp\/v2\/pages\/6698\/revisions"}],"up":[{"embeddable":true,"href":"https:\/\/tektro.eu\/fr\/wp-json\/wp\/v2\/pages\/6684"}],"wp:attachment":[{"href":"https:\/\/tektro.eu\/fr\/wp-json\/wp\/v2\/media?parent=6698"}],"curies":[{"name":"wp","href":"https:\/\/api.w.org\/{rel}","templated":true}]}}