{"id":6692,"date":"2022-04-01T11:46:23","date_gmt":"2022-04-01T11:46:23","guid":{"rendered":"https:\/\/tektro.eu\/tektro-2\/tektro-cargo\/"},"modified":"2022-08-24T08:47:25","modified_gmt":"2022-08-24T08:47:25","slug":"tektro-cargo","status":"publish","type":"page","link":"https:\/\/tektro.eu\/fr\/tektro-2\/tektro-cargo\/","title":{"rendered":"TEKTRO Cargo"},"content":{"rendered":"\n\n  <div class=\"banner has-hover\" id=\"banner-861330868\">\n          <div class=\"banner-inner fill\">\n        <div class=\"banner-bg fill\" >\n            <img loading=\"lazy\" decoding=\"async\" width=\"1447\" height=\"935\" src=\"https:\/\/tektro.eu\/wp-content\/uploads\/be8b9104-2a10-46ab-a4df-56eefb2cf15f.jpg\" class=\"bg attachment-original size-original\" alt=\"\" \/>                        <div class=\"overlay\"><\/div>            \n                    <\/div>\n\t\t\n        <div class=\"banner-layers container\">\n            <div class=\"fill banner-link\"><\/div>            \n\n   <div id=\"text-box-1556244947\" class=\"text-box banner-layer x95 md-x10 lg-x10 y90 md-y90 lg-y90 res-text\">\n                                <div class=\"text-box-content text dark\">\n              \n              <div class=\"text-inner text-left\">\n                  \n\n<h1 class=\"uppercase\"><strong><span style=\"font-size: 130%;\">Cargo<\/span> <\/strong><\/h1>\n\n              <\/div>\n           <\/div>\n                            \n<style>\n#text-box-1556244947 .text-box-content {\n  background-color: rgba(255, 255, 255, 0);\n  font-size: 100%;\n}\n#text-box-1556244947 .text-inner {\n  padding: 0px 0px 0px 0px;\n}\n#text-box-1556244947 {\n  width: 90%;\n}\n@media (min-width:550px) {\n  #text-box-1556244947 {\n    width: 39%;\n  }\n}\n<\/style>\n    <\/div>\n \n\n        <\/div>\n      <\/div>\n\n            \n<style>\n#banner-861330868 {\n  padding-top: 350px;\n  background-color: rgb(255, 255, 255);\n}\n#banner-861330868 .overlay {\n  background-color: rgba(102, 102, 102, 0);\n}\n#banner-861330868 .banner-bg img {\n  object-position: 60% 71%;\n}\n@media (min-width:550px) {\n  #banner-861330868 {\n    padding-top: 600px;\n  }\n}\n<\/style>\n  <\/div>\n\n\n<div class=\"row\"  id=\"row-1898812741\">\n\n\n\t<div id=\"col-1265904969\" class=\"col small-12 large-12\"  >\n\t\t\t\t<div class=\"col-inner\"  >\n\t\t\t\n\t\t\t\n\n<p>Les v\u00e9los-cargos remplacent de plus en plus les voitures dans le centre-ville &#8211; avec ou sans moteur \u00e9lectrique. Qu&#8217;il s&#8217;agisse de transporter des enfants \u00e0 la cr\u00e8che, de faire de grosses courses avec un parking gratuit devant la porte ou de livrer des colis ou du courrier. TEKTRO s&#8217;est sp\u00e9cialis\u00e9, avec une s\u00e9rie de mod\u00e8les, dans le freinage en toute s\u00e9curit\u00e9 des v\u00e9los cargo lourds avec chargement.<\/p>\n<div class=\"text-center\"><div class=\"is-divider divider clearfix\" style=\"max-width:282px;\"><\/div><\/div>\n\n\t<div id=\"gap-1130236638\" class=\"gap-element clearfix\" style=\"display:block; height:auto;\">\n\t\t\n<style>\n#gap-1130236638 {\n  padding-top: 30px;\n}\n<\/style>\n\t<\/div>\n\t\n\n<div class=\"row\"  id=\"row-116719464\">\n\n\n\t<div id=\"col-1178824491\" class=\"col medium-4 small-12 large-4\"  >\n\t\t\t\t<div class=\"col-inner\"  >\n\t\t\t\n\t\t\t\n\n\n  <div class=\"banner has-hover\" id=\"banner-1740987772\">\n          <div class=\"banner-inner fill\">\n        <div class=\"banner-bg fill\" >\n            <img loading=\"lazy\" decoding=\"async\" width=\"1020\" height=\"574\" src=\"https:\/\/tektro.eu\/wp-content\/uploads\/Tektro_HD-T745-1536x864-2-1400x788.jpg\" class=\"bg attachment-large size-large\" alt=\"\" \/>                        <div class=\"overlay\"><\/div>            \n                    <\/div>\n\t\t\n        <div class=\"banner-layers container\">\n            <a class=\"fill\" href=\"https:\/\/tektro.eu\/tektro\/hd-e-t745\/?lang=fr\"><div class=\"fill banner-link\"><\/div><\/a>            \n\n   <div id=\"text-box-763564470\" class=\"text-box banner-layer x50 md-x50 lg-x50 y95 md-y95 lg-y95 res-text\">\n                                <div class=\"text-box-content text dark\">\n              \n              <div class=\"text-inner text-center\">\n                  \n\n<h4 class=\"uppercase\">Cargo \/ Touring<\/h4>\n<h2 class=\"uppercase\"><strong>HD-E\/T745<\/strong><\/h2>\n\n              <\/div>\n           <\/div>\n                            \n<style>\n#text-box-763564470 {\n  width: 80%;\n}\n#text-box-763564470 .text-box-content {\n  font-size: 100%;\n}\n<\/style>\n    <\/div>\n \n\n        <\/div>\n      <\/div>\n\n            \n<style>\n#banner-1740987772 {\n  padding-top: 265px;\n  background-color: rgb(255, 255, 255);\n}\n#banner-1740987772 .overlay {\n  background-color: rgba(0, 0, 0, 0);\n}\n#banner-1740987772 .banner-bg img {\n  object-position: 64% 54%;\n}\n<\/style>\n  <\/div>\n\n\n\n\t\t<\/div>\n\t\t\t\t\t<\/div>\n\n\t\n\n\t<div id=\"col-382844426\" class=\"col medium-4 small-6 large-4\"  >\n\t\t\t\t<div class=\"col-inner\"  >\n\t\t\t\n\t\t\t\n\n\n\t\t<\/div>\n\t\t\t\t\t<\/div>\n\n\t\n\n\t<div id=\"col-1967232702\" class=\"col medium-4 small-6 large-4\"  >\n\t\t\t\t<div class=\"col-inner\"  >\n\t\t\t\n\t\t\t\n\n\n\t\t<\/div>\n\t\t\t\t\t<\/div>\n\n\t\n\n<\/div>\n\n\t\t<\/div>\n\t\t\t\t\t<\/div>\n\n\t\n\n<\/div>\n\n","protected":false},"excerpt":{"rendered":"","protected":false},"author":1,"featured_media":0,"parent":6684,"menu_order":0,"comment_status":"closed","ping_status":"closed","template":"page-blank.php","meta":{"_monsterinsights_skip_tracking":false,"_monsterinsights_sitenote_active":false,"_monsterinsights_sitenote_note":"","_monsterinsights_sitenote_category":0,"footnotes":""},"class_list":["post-6692","page","type-page","status-publish","hentry"],"_links":{"self":[{"href":"https:\/\/tektro.eu\/fr\/wp-json\/wp\/v2\/pages\/6692","targetHints":{"allow":["GET"]}}],"collection":[{"href":"https:\/\/tektro.eu\/fr\/wp-json\/wp\/v2\/pages"}],"about":[{"href":"https:\/\/tektro.eu\/fr\/wp-json\/wp\/v2\/types\/page"}],"author":[{"embeddable":true,"href":"https:\/\/tektro.eu\/fr\/wp-json\/wp\/v2\/users\/1"}],"replies":[{"embeddable":true,"href":"https:\/\/tektro.eu\/fr\/wp-json\/wp\/v2\/comments?post=6692"}],"version-history":[{"count":0,"href":"https:\/\/tektro.eu\/fr\/wp-json\/wp\/v2\/pages\/6692\/revisions"}],"up":[{"embeddable":true,"href":"https:\/\/tektro.eu\/fr\/wp-json\/wp\/v2\/pages\/6684"}],"wp:attachment":[{"href":"https:\/\/tektro.eu\/fr\/wp-json\/wp\/v2\/media?parent=6692"}],"curies":[{"name":"wp","href":"https:\/\/api.w.org\/{rel}","templated":true}]}}