{"id":6689,"date":"2022-04-01T11:44:19","date_gmt":"2022-04-01T11:44:19","guid":{"rendered":"https:\/\/tektro.eu\/tektro-2\/tektro-ville-trekking\/"},"modified":"2022-08-24T08:46:40","modified_gmt":"2022-08-24T08:46:40","slug":"tektro-ville-trekking","status":"publish","type":"page","link":"https:\/\/tektro.eu\/fr\/tektro-2\/tektro-ville-trekking\/","title":{"rendered":"TEKTRO Ville \/ Trekking"},"content":{"rendered":"\n<div class=\"slider-wrapper relative\" id=\"slider-109545002\" >\n    <div class=\"slider slider-nav-circle slider-nav-large slider-nav-light slider-style-normal\"\n        data-flickity-options='{\n            \"cellAlign\": \"center\",\n            \"imagesLoaded\": true,\n            \"lazyLoad\": 1,\n            \"freeScroll\": false,\n            \"wrapAround\": true,\n            \"autoPlay\": 6000,\n            \"pauseAutoPlayOnHover\" : true,\n            \"prevNextButtons\": true,\n            \"contain\" : true,\n            \"adaptiveHeight\" : true,\n            \"dragThreshold\" : 10,\n            \"percentPosition\": true,\n            \"pageDots\": false,\n            \"rightToLeft\": false,\n            \"draggable\": true,\n            \"selectedAttraction\": 0.1,\n            \"parallax\" : 0,\n            \"friction\": 0.6        }'\n        >\n        \n\n\n  <div class=\"banner has-hover\" id=\"banner-26672717\">\n          <div class=\"banner-inner fill\">\n        <div class=\"banner-bg fill\" >\n            <img loading=\"lazy\" decoding=\"async\" width=\"2560\" height=\"1693\" src=\"https:\/\/tektro.eu\/wp-content\/uploads\/16b50356-bcb4-4cd1-ab5f-c0a8dd2a2540-scaled.jpg\" class=\"bg attachment-original size-original\" alt=\"\" \/>                        <div class=\"overlay\"><\/div>            \n                    <\/div>\n\t\t\n        <div class=\"banner-layers container\">\n            <div class=\"fill banner-link\"><\/div>            \n\n   <div id=\"text-box-815952321\" class=\"text-box banner-layer x50 md-x0 lg-x0 y95 md-y95 lg-y95 res-text\">\n                                <div class=\"text-box-content text dark text-shadow-1\">\n              \n              <div class=\"text-inner text-left\">\n                  \n\n\t<div id=\"text-1073237006\" class=\"text\">\n\t\t\n\n<h1 class=\"uppercase\"><span style=\"font-size: 100%;\"><strong>Traverser la jungle urbaine en toute s\u00e9curit\u00e9 <\/strong><\/span><\/h1>\n\t\t\n<style>\n#text-1073237006 {\n  font-size: 0.75rem;\n}\n@media (min-width:550px) {\n  #text-1073237006 {\n    font-size: 1.25rem;\n  }\n}\n<\/style>\n\t<\/div>\n\t\n\n              <\/div>\n           <\/div>\n                            \n<style>\n#text-box-815952321 .text-box-content {\n  background-color: rgba(255, 255, 255, 0);\n  font-size: 100%;\n}\n#text-box-815952321 .text-inner {\n  padding: 0px 0px 0px 0px;\n}\n#text-box-815952321 {\n  width: 90%;\n}\n@media (min-width:550px) {\n  #text-box-815952321 {\n    width: 61%;\n  }\n}\n<\/style>\n    <\/div>\n \n\n        <\/div>\n      <\/div>\n\n            \n<style>\n#banner-26672717 {\n  padding-top: 350px;\n  background-color: rgb(255, 255, 255);\n}\n#banner-26672717 .overlay {\n  background-color: rgba(102, 102, 102, 0.192);\n}\n#banner-26672717 .banner-bg img {\n  object-position: 100% 73%;\n}\n@media (min-width:550px) {\n  #banner-26672717 {\n    padding-top: 600px;\n  }\n}\n<\/style>\n  <\/div>\n\n\n\n     <\/div>\n\n     <div class=\"loading-spin dark large centered\"><\/div>\n\n\t<\/div>\n\n\n<div class=\"row\"  id=\"row-757047858\">\n\n\n\t<div id=\"col-69745674\" class=\"col small-12 large-12\"  >\n\t\t\t\t<div class=\"col-inner\"  >\n\t\t\t\n\t\t\t\n\n<p>De plus en plus de grandes villes deviennent des villes cyclables. Se d\u00e9placer \u00e0 v\u00e9lo toute l&#8217;ann\u00e9e est un d\u00e9fi pour l&#8217;homme et le mat\u00e9riel. Pour r\u00e9pondre \u00e0 ces exigences, TEKTRO propose des syst\u00e8mes de freinage hydrauliques fiables, s\u00fbrs et faciles \u00e0 utiliser, par tous les temps.<\/p>\n<div class=\"text-center\"><div class=\"is-divider divider clearfix\" style=\"max-width:282px;\"><\/div><\/div>\n\n\t<div id=\"gap-1090264774\" class=\"gap-element clearfix\" style=\"display:block; height:auto;\">\n\t\t\n<style>\n#gap-1090264774 {\n  padding-top: 30px;\n}\n<\/style>\n\t<\/div>\n\t\n\n<div class=\"row\"  id=\"row-118331318\">\n\n\n\t<div id=\"col-1883249461\" class=\"col medium-3 small-12 large-3\"  >\n\t\t\t\t<div class=\"col-inner\"  >\n\t\t\t\n\t\t\t\n\n\n  <div class=\"banner has-hover\" id=\"banner-124292150\">\n          <div class=\"banner-inner fill\">\n        <div class=\"banner-bg fill\" >\n            <img loading=\"lazy\" decoding=\"async\" width=\"1020\" height=\"574\" src=\"https:\/\/tektro.eu\/wp-content\/uploads\/Tektro_HD-T280-1536x864-1-1400x788.jpg\" class=\"bg attachment-large size-large\" alt=\"\" \/>                        <div class=\"overlay\"><\/div>            \n                    <\/div>\n\t\t\n        <div class=\"banner-layers container\">\n            <a class=\"fill\" href=\"https:\/\/tektro.eu\/tektro\/hd-t280\/?lang=fr\"><div class=\"fill banner-link\"><\/div><\/a>            \n\n   <div id=\"text-box-1763038630\" class=\"text-box banner-layer x50 md-x50 lg-x50 y95 md-y95 lg-y95 res-text\">\n                                <div class=\"text-box-content text dark\">\n              \n              <div class=\"text-inner text-center\">\n                  \n\n<h4 class=\"uppercase\">Ville \/ Trekking<\/h4>\n<h2 class=\"uppercase\"><strong>HD-T280<\/strong><\/h2>\n\n              <\/div>\n           <\/div>\n                            \n<style>\n#text-box-1763038630 {\n  width: 80%;\n}\n#text-box-1763038630 .text-box-content {\n  font-size: 100%;\n}\n<\/style>\n    <\/div>\n \n\n        <\/div>\n      <\/div>\n\n            \n<style>\n#banner-124292150 {\n  padding-top: 265px;\n  background-color: rgb(255, 255, 255);\n}\n#banner-124292150 .overlay {\n  background-color: rgba(0, 0, 0, 0);\n}\n<\/style>\n  <\/div>\n\n\n\n\t\t<\/div>\n\t\t\t\t\t<\/div>\n\n\t\n\n\t<div id=\"col-46030499\" class=\"col medium-3 small-12 large-3\"  >\n\t\t\t\t<div class=\"col-inner\"  >\n\t\t\t\n\t\t\t\n\n\n  <div class=\"banner has-hover\" id=\"banner-170601385\">\n          <div class=\"banner-inner fill\">\n        <div class=\"banner-bg fill\" >\n            <img loading=\"lazy\" decoding=\"async\" width=\"1020\" height=\"574\" src=\"https:\/\/tektro.eu\/wp-content\/uploads\/Tektro_HD-E395-1536x864-1-1400x788.jpg\" class=\"bg attachment-large size-large\" alt=\"\" \/>                        <div class=\"overlay\"><\/div>            \n                    <\/div>\n\t\t\n        <div class=\"banner-layers container\">\n            <a class=\"fill\" href=\"https:\/\/tektro.eu\/tektro\/hd-e395\/?lang=fr\"><div class=\"fill banner-link\"><\/div><\/a>            \n\n   <div id=\"text-box-2096970896\" class=\"text-box banner-layer x50 md-x50 lg-x50 y95 md-y95 lg-y95 res-text\">\n                                <div class=\"text-box-content text dark\">\n              \n              <div class=\"text-inner text-center\">\n                  \n\n<h4 class=\"uppercase\">Ville \/ Trekking<\/h4>\n<h2 class=\"uppercase\"><strong>HD-E395<\/strong><\/h2>\n\n              <\/div>\n           <\/div>\n                            \n<style>\n#text-box-2096970896 {\n  width: 80%;\n}\n#text-box-2096970896 .text-box-content {\n  font-size: 100%;\n}\n<\/style>\n    <\/div>\n \n\n        <\/div>\n      <\/div>\n\n            \n<style>\n#banner-170601385 {\n  padding-top: 265px;\n  background-color: rgb(255, 255, 255);\n}\n#banner-170601385 .overlay {\n  background-color: rgba(0, 0, 0, 0);\n}\n<\/style>\n  <\/div>\n\n\n\n\t\t<\/div>\n\t\t\t\t\t<\/div>\n\n\t\n\n\t<div id=\"col-135926442\" class=\"col medium-3 small-6 large-3\"  >\n\t\t\t\t<div class=\"col-inner\"  >\n\t\t\t\n\t\t\t\n\n\n\t\t<\/div>\n\t\t\t\t\t<\/div>\n\n\t\n\n\t<div id=\"col-431963966\" class=\"col medium-3 small-6 large-3\"  >\n\t\t\t\t<div class=\"col-inner\"  >\n\t\t\t\n\t\t\t\n\n\n\t\t<\/div>\n\t\t\t\t\t<\/div>\n\n\t\n\n<\/div>\n\n\t\t<\/div>\n\t\t\t\t\t<\/div>\n\n\t\n\n<\/div>\n\n","protected":false},"excerpt":{"rendered":"","protected":false},"author":1,"featured_media":0,"parent":6684,"menu_order":2,"comment_status":"closed","ping_status":"closed","template":"page-blank.php","meta":{"_monsterinsights_skip_tracking":false,"_monsterinsights_sitenote_active":false,"_monsterinsights_sitenote_note":"","_monsterinsights_sitenote_category":0,"footnotes":""},"class_list":["post-6689","page","type-page","status-publish","hentry"],"_links":{"self":[{"href":"https:\/\/tektro.eu\/fr\/wp-json\/wp\/v2\/pages\/6689","targetHints":{"allow":["GET"]}}],"collection":[{"href":"https:\/\/tektro.eu\/fr\/wp-json\/wp\/v2\/pages"}],"about":[{"href":"https:\/\/tektro.eu\/fr\/wp-json\/wp\/v2\/types\/page"}],"author":[{"embeddable":true,"href":"https:\/\/tektro.eu\/fr\/wp-json\/wp\/v2\/users\/1"}],"replies":[{"embeddable":true,"href":"https:\/\/tektro.eu\/fr\/wp-json\/wp\/v2\/comments?post=6689"}],"version-history":[{"count":0,"href":"https:\/\/tektro.eu\/fr\/wp-json\/wp\/v2\/pages\/6689\/revisions"}],"up":[{"embeddable":true,"href":"https:\/\/tektro.eu\/fr\/wp-json\/wp\/v2\/pages\/6684"}],"wp:attachment":[{"href":"https:\/\/tektro.eu\/fr\/wp-json\/wp\/v2\/media?parent=6689"}],"curies":[{"name":"wp","href":"https:\/\/api.w.org\/{rel}","templated":true}]}}