{"id":6327,"date":"2022-03-11T13:17:24","date_gmt":"2022-03-11T13:17:24","guid":{"rendered":"https:\/\/tektro.eu\/societe\/"},"modified":"2024-05-08T13:33:25","modified_gmt":"2024-05-08T13:33:25","slug":"societe","status":"publish","type":"page","link":"https:\/\/tektro.eu\/fr\/societe\/","title":{"rendered":"Soci\u00e9t\u00e9"},"content":{"rendered":"\n\n  <div class=\"banner has-hover has-parallax\" id=\"banner-787977676\">\n          <div class=\"banner-inner fill\">\n        <div class=\"banner-bg fill\" data-parallax=\"-3\" data-parallax-container=\".banner\" data-parallax-background>\n            <img loading=\"lazy\" decoding=\"async\" width=\"2300\" height=\"1536\" src=\"https:\/\/tektro.eu\/wp-content\/uploads\/So\u0308ldenEsw20.jpg\" class=\"bg attachment-original size-original\" alt=\"\" \/>                        <div class=\"overlay\"><\/div>            \n                    <\/div>\n\t\t\n        <div class=\"banner-layers container\">\n            <div class=\"fill banner-link\"><\/div>            \n\n   <div id=\"text-box-2133789629\" class=\"text-box banner-layer x100 md-x100 lg-x100 y95 md-y85 lg-y85 res-text\">\n                                <div class=\"text-box-content text dark text-shadow-1\">\n              \n              <div class=\"text-inner text-center\">\n                  \n\n<h1 style=\"text-align: left;\"><span style=\"font-size: 150%;\">TEKTRO EUROPE<\/span><\/h1>\n\n              <\/div>\n           <\/div>\n                            \n<style>\n#text-box-2133789629 {\n  width: 61%;\n}\n#text-box-2133789629 .text-box-content {\n  font-size: 100%;\n}\n@media (min-width:550px) {\n  #text-box-2133789629 {\n    width: 66%;\n  }\n}\n<\/style>\n    <\/div>\n \n\n        <\/div>\n      <\/div>\n\n            \n<style>\n#banner-787977676 {\n  padding-top: 350px;\n  background-color: rgb(255, 255, 255);\n}\n#banner-787977676 .overlay {\n  background-color: rgba(0, 0, 0, 0.192);\n}\n#banner-787977676 .banner-bg img {\n  object-position: 0% 73%;\n}\n@media (min-width:550px) {\n  #banner-787977676 {\n    padding-top: 580px;\n  }\n}\n<\/style>\n  <\/div>\n\n\n<div class=\"row row-small align-middle align-center\"  id=\"row-635213708\">\n\n\n\t<div id=\"col-650126285\" class=\"col medium-11 small-12 large-11\"  >\n\t\t\t\t<div class=\"col-inner\"  >\n\t\t\t\n\t\t\t\n\n<p>L&#8217;Europe poss\u00e8de un sc\u00e9nario cycliste extr\u00eamement actif, tant dans le domaine des loisirs que dans celui des comp\u00e9titions sportives. Nos principaux clients et partenaires ont leurs si\u00e8ges dans des pays europ\u00e9ens. C&#8217;est pourquoi nous avons cr\u00e9\u00e9 un bureau de service TEKTRO Europa \u00e0 Ha\u00dfloch, \u00e0 c\u00f4t\u00e9 de la for\u00eat du Palatinat (\u00e0 environ une heure au sud-ouest de Francfort). Ici, on r\u00e9pond \u00e0 toutes les questions techniques et les produits sont soumis \u00e0 un service professionnel. Outre le service technique, vous y trouverez \u00e9galement tous les interlocuteurs pour les ventes d\u2019\u00e9quipement d\u2019origine et sur le march\u00e9 secondaire ainsi que pour le marketing.<\/p>\n\n\t\t<\/div>\n\t\t\t\t\t<\/div>\n\n\t\n\n\n\t<div id=\"col-162580615\" class=\"col medium-1 small-3 large-1\"  >\n\t\t\t\t<div class=\"col-inner\"  >\n\t\t\t\n\t\t\t\n\n\t<div class=\"img has-hover x md-x lg-x y md-y lg-y\" id=\"image_449413279\">\n\t\t<a class=\"\" href=\"https:\/\/www.linkedin.com\/company\/tektro-technology-corporation\/\" target=\"_blank\" rel=\"noopener\" >\t\t\t\t\t\t<div class=\"img-inner dark\" >\n\t\t\t<img loading=\"lazy\" decoding=\"async\" width=\"512\" height=\"512\" src=\"https:\/\/tektro.eu\/wp-content\/uploads\/linkedin-logo-vector-download.jpg\" class=\"attachment-large size-large\" alt=\"\" srcset=\"https:\/\/tektro.eu\/wp-content\/uploads\/linkedin-logo-vector-download.jpg 512w, https:\/\/tektro.eu\/wp-content\/uploads\/linkedin-logo-vector-download-100x100.jpg 100w, https:\/\/tektro.eu\/wp-content\/uploads\/linkedin-logo-vector-download-510x510.jpg 510w, https:\/\/tektro.eu\/wp-content\/uploads\/linkedin-logo-vector-download-400x400.jpg 400w, https:\/\/tektro.eu\/wp-content\/uploads\/linkedin-logo-vector-download-300x300.jpg 300w\" sizes=\"auto, (max-width: 512px) 100vw, 512px\" \/>\t\t\t\t\t\t\n\t\t\t\t\t<\/div>\n\t\t\t\t\t\t<\/a>\t\t\n<style>\n#image_449413279 {\n  width: 100%;\n}\n<\/style>\n\t<\/div>\n\t\n\n\n\t\t<\/div>\n\t\t\t\t\t<\/div>\n\n\t\n\n\n<style>\n#row-635213708 > .col > .col-inner {\n  background-color: rgb(255, 255, 255);\n}\n<\/style>\n<\/div>\n<div class=\"text-center\"><div class=\"is-divider divider clearfix\" style=\"max-width:776px;\"><\/div><\/div>\n\n\t<div id=\"gap-256343184\" class=\"gap-element clearfix\" style=\"display:block; height:auto;\">\n\t\t\n<style>\n#gap-256343184 {\n  padding-top: 30px;\n}\n<\/style>\n\t<\/div>\n\t\n\n<h2 class=\"uppercase\" style=\"text-align: center;\"><span style=\"font-size: 200%;\">TEKTRO Seit 1986 &#8230; <br \/><\/span><\/h2>\n\n<div class=\"text-center\"><div class=\"is-divider divider clearfix\" style=\"max-width:40px;height:6px;background-color:rgb(2, 2, 2);\"><\/div><\/div>\n\n\t<div id=\"gap-1914225064\" class=\"gap-element clearfix\" style=\"display:block; height:auto;\">\n\t\t\n<style>\n#gap-1914225064 {\n  padding-top: 30px;\n}\n<\/style>\n\t<\/div>\n\t\n\n<div class=\"row row-large\"  id=\"row-1337362648\">\n\n\n\t<div id=\"col-722756479\" class=\"col medium-4 small-12 large-4\"  >\n\t\t\t\t<div class=\"col-inner\"  >\n\t\t\t\n\t\t\t\n\n<h1 class=\"uppercase\">CONTR\u00d4LE DE QUALIT\u00c9 TEKTRO<\/h1>\n<p style=\"text-align: left;\"><span style=\"font-size: 90%;\"><strong>Chaque frein est soumis \u00e0 des tests rigoureux avant d&#8217;\u00eatre livr\u00e9 \u00e0 un client &#8211; chaque frein !<\/strong><\/span><\/p>\n<ul>\n<li style=\"text-align: left;\"><span style=\"font-size: 90%;\">Test de qualit\u00e9 \u00e0 100 % &#8211; pour chaque frein \u00e0 disque hydraulique fabriqu\u00e9 par TEKTRO.<\/span><\/li>\n<li><span style=\"font-size: 90%;\">TEKTRO dispose d&#8217;une \u00e9quipe d&#8217;essai de 28 personnes et de 300 bancs d&#8217;essai au sein de son usine de production.<\/span><\/li>\n<li><span style=\"font-size: 90%;\">Tous les bancs d&#8217;essai ont \u00e9t\u00e9 con\u00e7us et construits sp\u00e9cialement pour r\u00e9pondre aux exigences de TEKTRO.<\/span><\/li>\n<li><span style=\"font-size: 90%;\">La pression d&#8217;huile de chaque frein est test\u00e9e pendant 8:45 min &#8211; le levier est tir\u00e9 250 fois avec une charge fixe d\u00e9finie pendant cette p\u00e9riode.<\/span><\/li>\n<li><span style=\"font-size: 90%;\">La capacit\u00e9 de test de qualit\u00e9 est de pr\u00e8s de 10.000 freins par jour.<\/span><\/li>\n<\/ul>\n\n\t\t<\/div>\n\t\t\t\t\t<\/div>\n\n\t\n\n\t<div id=\"col-915465147\" class=\"col medium-8 small-12 large-8\"  >\n\t\t\t\t<div class=\"col-inner\"  >\n\t\t\t\n\t\t\t\n\n<p><span style=\"font-size: 90%;\"><strong>TEKTRO est une entreprise familiale qui existe depuis 35 ans bas\u00e9e \u00e0 Taiwan Aujourd&#8217;hui, toutes les grandes marques de v\u00e9los utilisent des freins TEKTRO pour leurs v\u00e9los. Ces fabricants appr\u00e9cient \u00e0 la fois la fiabilit\u00e9 et le savoir-faire de haute qualit\u00e9 de TEKTRO en mati\u00e8re de production. <br><\/strong><\/span><\/p>\n<p><span style=\"font-size: 90%;\">En 1986, trois amis, Gary Chen, Leo Chen et Aver Tsai, ont fond\u00e9 la soci\u00e9t\u00e9 TEKTRO \u00e0 Changhua, \u00e0 Taiwan, avec 20 employ\u00e9s. La premi\u00e8re usine \u00e9tait \u00e0 peine aussi grande qu&#8217;un terrain de basket-ball et sa capacit\u00e9 de production mensuelle \u00e9tait de 50 000 freins a patin sur jante cantilever. Les valeurs d&#8217;entreprise de Gary, Leo et Aver ont \u00e9t\u00e9 d\u00e9terminantes pour le succ\u00e8s croissant de l\u2019entreprise: travailler de mani\u00e8re fiable, d\u00e9velopper de mani\u00e8re cr\u00e9ative, g\u00e9rer efficacement et produire \u00e0 un niveau de qualit\u00e9 toujours tr\u00e8s \u00e9lev\u00e9.<\/span><\/p>\n<p><span style=\"font-size: 90%;\">En 1999, TEKTRO a lanc\u00e9 son premier frein \u00e0 disque hydraulique, qui reste le produit le plus r\u00e9ussi et le plus important de l&#8217;entreprise. Aujourd&#8217;hui, TEKTRO dispose d&#8217;usines de production \u00e0 Taiwan et en Chine, employant plus de 1 600 personnes, et assure la vente et le service apr\u00e8s-vente \u00e0 Taiwan, en Chine, en Europe et aux \u00c9tats-Unis.<\/span><\/p>\n<p><span style=\"font-size: 90%;\">En 2006, la marque haut de gamme TRP (TEKTRO Racing Products) a \u00e9t\u00e9 fond\u00e9e. L&#8217;\u00e9troite collaboration des ing\u00e9nieurs avec les athl\u00e8tes et les \u00e9quipes est la cl\u00e9 du processus de d\u00e9veloppement de TRP. <br><\/span><\/p>\n<hr>\n<p style=\"text-align: left;\"><span style=\"font-size: 80%;\"><strong>1986<\/strong> Gary Chen, Leo Chen et Aver Tsai fondent TEKTRO \u00e0 Chanhua, Ta\u00efwan <\/span><br><span style=\"font-size: 80%;\"><strong>1999<\/strong> TEKTRO pr\u00e9sente son premier frein \u00e0 disque hydraulique &#8220;Gemini&#8221;<\/span><br><span style=\"font-size: 80%;\"><strong>2000<\/strong> TEKTRO ouvre une usine \u00e0 Shenzhen, Chine<\/span><br><span style=\"font-size: 80%;\"><strong>2002<\/strong> TEKTRO ouvre une usine de production \u00e0 Wuxi, Chine<\/span><br><span style=\"font-size: 80%;\"><strong>2006<\/strong> TEKTRO cr\u00e9e TRP<\/span><br><span style=\"font-size: 80%;\"><strong>2009<\/strong> TEKTRO met en service une nouvelle usine \u00e0 Changhua<\/span><br><span style=\"font-size: 80%;\"><strong>2009<\/strong> Tous les membres de la direction de TEKTRO font le tour de Ta\u00efwan \u00e0 v\u00e9lo<\/span><br><span style=\"font-size: 80%;\"><strong>2015<\/strong> TEKTRO ouvre un bureau R&amp;D dans le centre-ville de Taichung<\/span><br><span style=\"font-size: 80%;\"><strong>2016<\/strong> TEKTRO f\u00eate son 30e anniversaire<\/span><br><span style=\"font-size: 80%;\"><strong>2019<\/strong> <span lang=\"en\">TEKTRO \u00e9tablit son premier si\u00e8ge europ\u00e9en en Allemagne<br><\/span><\/span><span style=\"font-size: 80%;\"><strong>2020<\/strong> TRP pr\u00e9sente le frein \u00e0 disque E Bike Solutions DHR EVO avec rotors de 2,3 mm <br><\/span><span style=\"font-size: 80%;\"><strong>2020<\/strong> TRP lance la transmission TR12 pour VTT et E-VTTAE <br><strong>2021<\/strong> TEKTRO ouvre une autre nouvelle usine \u00e0 ChangHua et c\u00e9l\u00e8bre son 35e anniversaire<br><\/span><\/p>\n<p> <\/p>\n\n\t\t<\/div>\n\t\t\t\t\t<\/div>\n\n\t\n\n<\/div>\n<div class=\"row row-full-width\"  id=\"row-1021101700\">\n\n\n\t<div id=\"col-1848651752\" class=\"col small-12 large-12\"  >\n\t\t\t\t<div class=\"col-inner\"  >\n\t\t\t\n\t\t\t\n\n<div class=\"row row-collapse row-full-width\"  id=\"row-350864819\">\n\n\n\t<div id=\"col-203969735\" class=\"col small-12 large-12\"  >\n\t\t\t\t<div class=\"col-inner text-center\"  >\n\t\t\t\n\t\t\t\n\n<div class=\"video video-fit mb\" style=\"padding-top:56.25%;\"><iframe loading=\"lazy\" title=\"Tektro Technology - 35 Years of Excellence\" width=\"1020\" height=\"574\" src=\"https:\/\/www.youtube.com\/embed\/ozx5j0lncww?feature=oembed\" frameborder=\"0\" allow=\"accelerometer; autoplay; clipboard-write; encrypted-media; gyroscope; picture-in-picture\" allowfullscreen><\/iframe><\/div>\n\n\t<div id=\"gap-2066447342\" class=\"gap-element clearfix\" style=\"display:block; height:auto;\">\n\t\t\n<style>\n#gap-2066447342 {\n  padding-top: 30px;\n}\n<\/style>\n\t<\/div>\n\t\n\n\n\t\t<\/div>\n\t\t\t\t\t<\/div>\n\n\t\n\n<\/div>\n\n  \n    <div class=\"row large-columns-4 medium-columns-3 small-columns-2 row-small row-full-width slider row-slider slider-nav-reveal slider-nav-push\"  data-flickity-options='{&quot;imagesLoaded&quot;: true, &quot;groupCells&quot;: &quot;100%&quot;, &quot;dragThreshold&quot; : 5, &quot;cellAlign&quot;: &quot;left&quot;,&quot;wrapAround&quot;: true,&quot;prevNextButtons&quot;: true,&quot;percentPosition&quot;: true,&quot;pageDots&quot;: false, &quot;rightToLeft&quot;: false, &quot;autoPlay&quot; : false}' >\n\n  <div class=\"gallery-col col\" >\n          <div class=\"col-inner\">\n            <a class=\"image-lightbox lightbox-gallery\" href=\"https:\/\/tektro.eu\/wp-content\/uploads\/Tektro29-599x400.jpg\" title=\"\">            <div class=\"box has-hover gallery-box box-default\">\n              <div class=\"box-image image-cover\" style=\"padding-top:66%;\">\n                <img loading=\"lazy\" decoding=\"async\" width=\"599\" height=\"400\" src=\"https:\/\/tektro.eu\/wp-content\/uploads\/Tektro29-599x400.jpg\" class=\"attachment-medium size-medium\" alt=\"\" ids=\"6003,5990,6001,5982,5977,5984,5988,5989\" style=\"default\" lightbox_image_size=\"medium\" type=\"slider\" col_spacing=\"small\" image_height=\"66%\" text_align=\"center\" text_size=\"small\" srcset=\"https:\/\/tektro.eu\/wp-content\/uploads\/Tektro29-599x400.jpg 599w, https:\/\/tektro.eu\/wp-content\/uploads\/Tektro29-scaled-e1586348096985-510x340.jpg 510w, https:\/\/tektro.eu\/wp-content\/uploads\/Tektro29-1198x800.jpg 1198w, https:\/\/tektro.eu\/wp-content\/uploads\/Tektro29-768x513.jpg 768w, https:\/\/tektro.eu\/wp-content\/uploads\/Tektro29-1536x1025.jpg 1536w, https:\/\/tektro.eu\/wp-content\/uploads\/Tektro29-2048x1367.jpg 2048w, https:\/\/tektro.eu\/wp-content\/uploads\/Tektro29-scaled-e1586348096985.jpg 1500w\" sizes=\"auto, (max-width: 599px) 100vw, 599px\" \/>                                                              <\/div>\n              <div class=\"box-text text-center is-small\" >\n                 <p><\/p>\n              <\/div>\n            <\/div>\n            <\/a>          <\/div>\n         <\/div><div class=\"gallery-col col\" >\n          <div class=\"col-inner\">\n            <a class=\"image-lightbox lightbox-gallery\" href=\"https:\/\/tektro.eu\/wp-content\/uploads\/Tektro19-599x400.jpg\" title=\"\">            <div class=\"box has-hover gallery-box box-default\">\n              <div class=\"box-image image-cover\" style=\"padding-top:66%;\">\n                <img loading=\"lazy\" decoding=\"async\" width=\"599\" height=\"400\" src=\"https:\/\/tektro.eu\/wp-content\/uploads\/Tektro19-599x400.jpg\" class=\"attachment-medium size-medium\" alt=\"\" ids=\"6003,5990,6001,5982,5977,5984,5988,5989\" style=\"default\" lightbox_image_size=\"medium\" type=\"slider\" col_spacing=\"small\" image_height=\"66%\" text_align=\"center\" text_size=\"small\" srcset=\"https:\/\/tektro.eu\/wp-content\/uploads\/Tektro19-599x400.jpg 599w, https:\/\/tektro.eu\/wp-content\/uploads\/Tektro19-scaled-e1586348168460-510x340.jpg 510w, https:\/\/tektro.eu\/wp-content\/uploads\/Tektro19-1198x800.jpg 1198w, https:\/\/tektro.eu\/wp-content\/uploads\/Tektro19-768x513.jpg 768w, https:\/\/tektro.eu\/wp-content\/uploads\/Tektro19-1536x1025.jpg 1536w, https:\/\/tektro.eu\/wp-content\/uploads\/Tektro19-2048x1367.jpg 2048w, https:\/\/tektro.eu\/wp-content\/uploads\/Tektro19-scaled-e1586348168460.jpg 1500w\" sizes=\"auto, (max-width: 599px) 100vw, 599px\" \/>                                                              <\/div>\n              <div class=\"box-text text-center is-small\" >\n                 <p><\/p>\n              <\/div>\n            <\/div>\n            <\/a>          <\/div>\n         <\/div><div class=\"gallery-col col\" >\n          <div class=\"col-inner\">\n            <a class=\"image-lightbox lightbox-gallery\" href=\"https:\/\/tektro.eu\/wp-content\/uploads\/Tektro27-599x400.jpg\" title=\"\">            <div class=\"box has-hover gallery-box box-default\">\n              <div class=\"box-image image-cover\" style=\"padding-top:66%;\">\n                <img loading=\"lazy\" decoding=\"async\" width=\"599\" height=\"400\" src=\"https:\/\/tektro.eu\/wp-content\/uploads\/Tektro27-599x400.jpg\" class=\"attachment-medium size-medium\" alt=\"\" ids=\"6003,5990,6001,5982,5977,5984,5988,5989\" style=\"default\" lightbox_image_size=\"medium\" type=\"slider\" col_spacing=\"small\" image_height=\"66%\" text_align=\"center\" text_size=\"small\" srcset=\"https:\/\/tektro.eu\/wp-content\/uploads\/Tektro27-599x400.jpg 599w, https:\/\/tektro.eu\/wp-content\/uploads\/Tektro27-scaled-e1586348117592-510x340.jpg 510w, https:\/\/tektro.eu\/wp-content\/uploads\/Tektro27-1198x800.jpg 1198w, https:\/\/tektro.eu\/wp-content\/uploads\/Tektro27-768x513.jpg 768w, https:\/\/tektro.eu\/wp-content\/uploads\/Tektro27-1536x1025.jpg 1536w, https:\/\/tektro.eu\/wp-content\/uploads\/Tektro27-2048x1367.jpg 2048w, https:\/\/tektro.eu\/wp-content\/uploads\/Tektro27-scaled-e1586348117592.jpg 1500w\" sizes=\"auto, (max-width: 599px) 100vw, 599px\" \/>                                                              <\/div>\n              <div class=\"box-text text-center is-small\" >\n                 <p><\/p>\n              <\/div>\n            <\/div>\n            <\/a>          <\/div>\n         <\/div><div class=\"gallery-col col\" >\n          <div class=\"col-inner\">\n            <a class=\"image-lightbox lightbox-gallery\" href=\"https:\/\/tektro.eu\/wp-content\/uploads\/Tektro12-599x400.jpg\" title=\"\">            <div class=\"box has-hover gallery-box box-default\">\n              <div class=\"box-image image-cover\" style=\"padding-top:66%;\">\n                <img loading=\"lazy\" decoding=\"async\" width=\"599\" height=\"400\" src=\"https:\/\/tektro.eu\/wp-content\/uploads\/Tektro12-599x400.jpg\" class=\"attachment-medium size-medium\" alt=\"\" ids=\"6003,5990,6001,5982,5977,5984,5988,5989\" style=\"default\" lightbox_image_size=\"medium\" type=\"slider\" col_spacing=\"small\" image_height=\"66%\" text_align=\"center\" text_size=\"small\" srcset=\"https:\/\/tektro.eu\/wp-content\/uploads\/Tektro12-599x400.jpg 599w, https:\/\/tektro.eu\/wp-content\/uploads\/Tektro12-scaled-510x340.jpg 510w, https:\/\/tektro.eu\/wp-content\/uploads\/Tektro12-1198x800.jpg 1198w, https:\/\/tektro.eu\/wp-content\/uploads\/Tektro12-768x513.jpg 768w, https:\/\/tektro.eu\/wp-content\/uploads\/Tektro12-1536x1025.jpg 1536w, https:\/\/tektro.eu\/wp-content\/uploads\/Tektro12-2048x1367.jpg 2048w\" sizes=\"auto, (max-width: 599px) 100vw, 599px\" \/>                                                              <\/div>\n              <div class=\"box-text text-center is-small\" >\n                 <p><\/p>\n              <\/div>\n            <\/div>\n            <\/a>          <\/div>\n         <\/div><div class=\"gallery-col col\" >\n          <div class=\"col-inner\">\n            <a class=\"image-lightbox lightbox-gallery\" href=\"https:\/\/tektro.eu\/wp-content\/uploads\/Tektro8-559x400.jpg\" title=\"\">            <div class=\"box has-hover gallery-box box-default\">\n              <div class=\"box-image image-cover\" style=\"padding-top:66%;\">\n                <img loading=\"lazy\" decoding=\"async\" width=\"559\" height=\"400\" src=\"https:\/\/tektro.eu\/wp-content\/uploads\/Tektro8-559x400.jpg\" class=\"attachment-medium size-medium\" alt=\"\" ids=\"6003,5990,6001,5982,5977,5984,5988,5989\" style=\"default\" lightbox_image_size=\"medium\" type=\"slider\" col_spacing=\"small\" image_height=\"66%\" text_align=\"center\" text_size=\"small\" srcset=\"https:\/\/tektro.eu\/wp-content\/uploads\/Tektro8-559x400.jpg 559w, https:\/\/tektro.eu\/wp-content\/uploads\/Tektro8-scaled-510x365.jpg 510w, https:\/\/tektro.eu\/wp-content\/uploads\/Tektro8-1118x800.jpg 1118w, https:\/\/tektro.eu\/wp-content\/uploads\/Tektro8-768x550.jpg 768w, https:\/\/tektro.eu\/wp-content\/uploads\/Tektro8-1536x1100.jpg 1536w, https:\/\/tektro.eu\/wp-content\/uploads\/Tektro8-2048x1466.jpg 2048w\" sizes=\"auto, (max-width: 559px) 100vw, 559px\" \/>                                                              <\/div>\n              <div class=\"box-text text-center is-small\" >\n                 <p><\/p>\n              <\/div>\n            <\/div>\n            <\/a>          <\/div>\n         <\/div><div class=\"gallery-col col\" >\n          <div class=\"col-inner\">\n            <a class=\"image-lightbox lightbox-gallery\" href=\"https:\/\/tektro.eu\/wp-content\/uploads\/Tektro14-563x400.jpg\" title=\"\">            <div class=\"box has-hover gallery-box box-default\">\n              <div class=\"box-image image-cover\" style=\"padding-top:66%;\">\n                <img loading=\"lazy\" decoding=\"async\" width=\"563\" height=\"400\" src=\"https:\/\/tektro.eu\/wp-content\/uploads\/Tektro14-563x400.jpg\" class=\"attachment-medium size-medium\" alt=\"\" ids=\"6003,5990,6001,5982,5977,5984,5988,5989\" style=\"default\" lightbox_image_size=\"medium\" type=\"slider\" col_spacing=\"small\" image_height=\"66%\" text_align=\"center\" text_size=\"small\" srcset=\"https:\/\/tektro.eu\/wp-content\/uploads\/Tektro14-563x400.jpg 563w, https:\/\/tektro.eu\/wp-content\/uploads\/Tektro14-scaled-e1586348223840-510x362.jpg 510w, https:\/\/tektro.eu\/wp-content\/uploads\/Tektro14-1126x800.jpg 1126w, https:\/\/tektro.eu\/wp-content\/uploads\/Tektro14-768x545.jpg 768w, https:\/\/tektro.eu\/wp-content\/uploads\/Tektro14-1536x1091.jpg 1536w, https:\/\/tektro.eu\/wp-content\/uploads\/Tektro14-2048x1455.jpg 2048w, https:\/\/tektro.eu\/wp-content\/uploads\/Tektro14-scaled-e1586348223840.jpg 1500w\" sizes=\"auto, (max-width: 563px) 100vw, 563px\" \/>                                                              <\/div>\n              <div class=\"box-text text-center is-small\" >\n                 <p><\/p>\n              <\/div>\n            <\/div>\n            <\/a>          <\/div>\n         <\/div><div class=\"gallery-col col\" >\n          <div class=\"col-inner\">\n            <a class=\"image-lightbox lightbox-gallery\" href=\"https:\/\/tektro.eu\/wp-content\/uploads\/Tektro17-599x400.jpg\" title=\"\">            <div class=\"box has-hover gallery-box box-default\">\n              <div class=\"box-image image-cover\" style=\"padding-top:66%;\">\n                <img loading=\"lazy\" decoding=\"async\" width=\"599\" height=\"400\" src=\"https:\/\/tektro.eu\/wp-content\/uploads\/Tektro17-599x400.jpg\" class=\"attachment-medium size-medium\" alt=\"\" ids=\"6003,5990,6001,5982,5977,5984,5988,5989\" style=\"default\" lightbox_image_size=\"medium\" type=\"slider\" col_spacing=\"small\" image_height=\"66%\" text_align=\"center\" text_size=\"small\" srcset=\"https:\/\/tektro.eu\/wp-content\/uploads\/Tektro17-599x400.jpg 599w, https:\/\/tektro.eu\/wp-content\/uploads\/Tektro17-scaled-e1586347999537-510x340.jpg 510w, https:\/\/tektro.eu\/wp-content\/uploads\/Tektro17-1198x800.jpg 1198w, https:\/\/tektro.eu\/wp-content\/uploads\/Tektro17-768x513.jpg 768w, https:\/\/tektro.eu\/wp-content\/uploads\/Tektro17-1536x1025.jpg 1536w, https:\/\/tektro.eu\/wp-content\/uploads\/Tektro17-2048x1367.jpg 2048w, https:\/\/tektro.eu\/wp-content\/uploads\/Tektro17-scaled-e1586347999537.jpg 1500w\" sizes=\"auto, (max-width: 599px) 100vw, 599px\" \/>                                                              <\/div>\n              <div class=\"box-text text-center is-small\" >\n                 <p><\/p>\n              <\/div>\n            <\/div>\n            <\/a>          <\/div>\n         <\/div><div class=\"gallery-col col\" >\n          <div class=\"col-inner\">\n            <a class=\"image-lightbox lightbox-gallery\" href=\"https:\/\/tektro.eu\/wp-content\/uploads\/Tektro18-658x400.jpg\" title=\"\">            <div class=\"box has-hover gallery-box box-default\">\n              <div class=\"box-image image-cover\" style=\"padding-top:66%;\">\n                <img loading=\"lazy\" decoding=\"async\" width=\"658\" height=\"400\" src=\"https:\/\/tektro.eu\/wp-content\/uploads\/Tektro18-658x400.jpg\" class=\"attachment-medium size-medium\" alt=\"\" ids=\"6003,5990,6001,5982,5977,5984,5988,5989\" style=\"default\" lightbox_image_size=\"medium\" type=\"slider\" col_spacing=\"small\" image_height=\"66%\" text_align=\"center\" text_size=\"small\" srcset=\"https:\/\/tektro.eu\/wp-content\/uploads\/Tektro18-658x400.jpg 658w, https:\/\/tektro.eu\/wp-content\/uploads\/Tektro18-scaled-e1586348179681-510x310.jpg 510w, https:\/\/tektro.eu\/wp-content\/uploads\/Tektro18-1317x800.jpg 1317w, https:\/\/tektro.eu\/wp-content\/uploads\/Tektro18-768x467.jpg 768w, https:\/\/tektro.eu\/wp-content\/uploads\/Tektro18-1536x933.jpg 1536w, https:\/\/tektro.eu\/wp-content\/uploads\/Tektro18-2048x1244.jpg 2048w, https:\/\/tektro.eu\/wp-content\/uploads\/Tektro18-scaled-e1586348179681.jpg 1500w\" sizes=\"auto, (max-width: 658px) 100vw, 658px\" \/>                                                              <\/div>\n              <div class=\"box-text text-center is-small\" >\n                 <p><\/p>\n              <\/div>\n            <\/div>\n            <\/a>          <\/div>\n         <\/div><\/div>\n\n\n\t\t<\/div>\n\t\t\t\t\t<\/div>\n\n\t\n\n<\/div>\n<div class=\"row row-collapse row-full-width align-center\"  id=\"row-1824831035\">\n\n\n\t<div id=\"col-1065211591\" class=\"col small-12 large-12\"  >\n\t\t\t\t<div class=\"col-inner\"  >\n\t\t\t\n\t\t\t\n\n\n\n\n\t\t<\/div>\n\t\t\t\t\t<\/div>\n\n\t\n\n\n<style>\n#row-1824831035 > .col > .col-inner {\n  background-color: rgb(255, 255, 255);\n}\n<\/style>\n<\/div>\n\n","protected":false},"excerpt":{"rendered":"","protected":false},"author":1,"featured_media":0,"parent":0,"menu_order":0,"comment_status":"closed","ping_status":"closed","template":"page-blank.php","meta":{"_monsterinsights_skip_tracking":false,"_monsterinsights_sitenote_active":false,"_monsterinsights_sitenote_note":"","_monsterinsights_sitenote_category":0,"footnotes":""},"class_list":["post-6327","page","type-page","status-publish","hentry"],"_links":{"self":[{"href":"https:\/\/tektro.eu\/fr\/wp-json\/wp\/v2\/pages\/6327","targetHints":{"allow":["GET"]}}],"collection":[{"href":"https:\/\/tektro.eu\/fr\/wp-json\/wp\/v2\/pages"}],"about":[{"href":"https:\/\/tektro.eu\/fr\/wp-json\/wp\/v2\/types\/page"}],"author":[{"embeddable":true,"href":"https:\/\/tektro.eu\/fr\/wp-json\/wp\/v2\/users\/1"}],"replies":[{"embeddable":true,"href":"https:\/\/tektro.eu\/fr\/wp-json\/wp\/v2\/comments?post=6327"}],"version-history":[{"count":0,"href":"https:\/\/tektro.eu\/fr\/wp-json\/wp\/v2\/pages\/6327\/revisions"}],"wp:attachment":[{"href":"https:\/\/tektro.eu\/fr\/wp-json\/wp\/v2\/media?parent=6327"}],"curies":[{"name":"wp","href":"https:\/\/api.w.org\/{rel}","templated":true}]}}