{"id":84,"date":"2020-02-05T20:13:00","date_gmt":"2020-02-05T20:13:00","guid":{"rendered":"http:\/\/localhost:8888\/test\/?page_id=545"},"modified":"2021-06-07T13:06:40","modified_gmt":"2021-06-07T13:06:40","slug":"faq","status":"publish","type":"page","link":"https:\/\/tektro.eu\/en\/faq\/","title":{"rendered":"FAQ"},"content":{"rendered":"\n<div class=\"row row-small row-full-width\"  id=\"row-925861610\">\n\n\n\t<div id=\"col-1244122380\" class=\"col small-12 large-12\"  >\n\t\t\t\t<div class=\"col-inner\"  >\n\t\t\t\n\t\t\t\n\n\n  <div class=\"banner has-hover\" id=\"banner-1244872116\">\n          <div class=\"banner-inner fill\">\n        <div class=\"banner-bg fill\" >\n            <img loading=\"lazy\" decoding=\"async\" width=\"1020\" height=\"705\" src=\"https:\/\/tektro.eu\/wp-content\/uploads\/2019\/11\/Snapseed-3-1158x800.jpg\" class=\"bg attachment-large size-large\" alt=\"\" \/>                        <div class=\"overlay\"><\/div>            \n                    <\/div>\n\t\t\n        <div class=\"banner-layers container\">\n            <div class=\"fill banner-link\"><\/div>            \n\n   <div id=\"text-box-696355652\" class=\"text-box banner-layer x10 md-x10 lg-x10 y95 md-y95 lg-y95 res-text\">\n                                <div class=\"text-box-content text dark\">\n              \n              <div class=\"text-inner text-center\">\n                  \n\n<h1 class=\"uppercase\" style=\"text-align: left;\">Wichtig zu wissen&#8230;.<\/h1>\n<p style=\"text-align: left;\">Lorem ipsum dolor sit amet, consectetuer adipiscing elit, sed diam nonummy nibh euismod tincidunt ut laoreet dolore magna aliquam erat volutpat.<\/p>\n\n              <\/div>\n           <\/div>\n                            \n<style>\n#text-box-696355652 {\n  width: 60%;\n}\n#text-box-696355652 .text-box-content {\n  font-size: 100%;\n}\n@media (min-width:550px) {\n  #text-box-696355652 {\n    width: 72%;\n  }\n}\n<\/style>\n    <\/div>\n \n\n        <\/div>\n      <\/div>\n\n            \n<style>\n#banner-1244872116 {\n  padding-top: 325px;\n  background-color: rgb(250, 250, 250);\n}\n#banner-1244872116 .overlay {\n  background-color: rgba(0, 0, 0, 0.31);\n}\n<\/style>\n  <\/div>\n\n\n\t<div id=\"gap-168911593\" class=\"gap-element clearfix\" style=\"display:block; height:auto;\">\n\t\t\n<style>\n#gap-168911593 {\n  padding-top: 39px;\n}\n<\/style>\n\t<\/div>\n\t\n\n\n\t\t<\/div>\n\t\t\t\t\t<\/div>\n\n\t\n\n<\/div>\n<div class=\"row\"  id=\"row-2045802151\">\n\n\n\t<div id=\"col-1326355051\" class=\"col medium-6 large-6\"  >\n\t\t\t\t<div class=\"col-inner\"  >\n\t\t\t\n\t\t\t\n\n<div class=\"container section-title-container\" ><h3 class=\"section-title section-title-normal\"><b aria-hidden=\"true\"><\/b><span class=\"section-title-main\" >Verkauf &amp; Versand<\/span><b aria-hidden=\"true\"><\/b><\/h3><\/div>\n\n<div class=\"accordion\">\n\n\t<div id=\"accordion-1179233809\" class=\"accordion-item\">\n\t\t<a id=\"accordion-1179233809-label\" class=\"accordion-title plain\" href=\"#accordion-item-wie-l\u00e4uft-der-versand-ab?\" aria-expanded=\"false\" aria-controls=\"accordion-1179233809-content\">\n\t\t\t<button class=\"toggle\" aria-label=\"Toggle\"><i class=\"icon-angle-down\" aria-hidden=\"true\"><\/i><\/button>\n\t\t\t<span>Wie l\u00e4uft der Versand ab?<\/span>\n\t\t<\/a>\n\t\t<div id=\"accordion-1179233809-content\" class=\"accordion-inner\" aria-labelledby=\"accordion-1179233809-label\">\n\t\t\t\n\n<p><strong>Versanddauer<br><\/strong>Innerhalb von 4-5 Werktagen nach Online-Kauf wird dir das Produkt zugestellt. Aufgrund der hohen Nachfrage k\u00f6nnten sich die Lieferungen momentan leider etwas verz\u00f6gern.<\/p>\n<p><strong>Lieferumfang<br><\/strong>Das ben\u00f6tigte Werkzeug liegt dem Lieferumfang bei. <\/p>\n\n\t\t<\/div>\n\t<\/div>\n\t\n\t<div id=\"accordion-305022488\" class=\"accordion-item\">\n\t\t<a id=\"accordion-305022488-label\" class=\"accordion-title plain\" href=\"#accordion-item-auslandslieferung\" aria-expanded=\"false\" aria-controls=\"accordion-305022488-content\">\n\t\t\t<button class=\"toggle\" aria-label=\"Toggle\"><i class=\"icon-angle-down\" aria-hidden=\"true\"><\/i><\/button>\n\t\t\t<span>Auslandslieferung<\/span>\n\t\t<\/a>\n\t\t<div id=\"accordion-305022488-content\" class=\"accordion-inner\" aria-labelledby=\"accordion-305022488-label\">\n\t\t\t\n\n<p>Wir k\u00f6nnen aktuell nur deutsche Versandadressen beliefern.<\/p>\n\n\t\t<\/div>\n\t<\/div>\n\t\n\t<div id=\"accordion-1583678855\" class=\"accordion-item\">\n\t\t<a id=\"accordion-1583678855-label\" class=\"accordion-title plain\" href=\"#accordion-item-wie-l\u00e4uft-eine-retoure-ab?\" aria-expanded=\"false\" aria-controls=\"accordion-1583678855-content\">\n\t\t\t<button class=\"toggle\" aria-label=\"Toggle\"><i class=\"icon-angle-down\" aria-hidden=\"true\"><\/i><\/button>\n\t\t\t<span>Wie l\u00e4uft eine Retoure ab?<\/span>\n\t\t<\/a>\n\t\t<div id=\"accordion-1583678855-content\" class=\"accordion-inner\" aria-labelledby=\"accordion-1583678855-label\">\n\t\t\t\n\n<p>Nach dem du deine Bestellung widerrufen hast, wird es von uns gepr\u00fcft. Im Anschluss erstatten wir dir den gezahlten Betrag. Sollten Besch\u00e4digungen oder Gebrauchsspuren festgestellt werden, ziehen wir bei der Erstattung, je nach H\u00f6he der Wertminderung, einen Teil ab.<\/p>\n\n\t\t<\/div>\n\t<\/div>\n\t\n\t<div id=\"accordion-1490905240\" class=\"accordion-item\">\n\t\t<a id=\"accordion-1490905240-label\" class=\"accordion-title plain\" href=\"#accordion-item-zahlungsm\u00f6glichkeiten\" aria-expanded=\"false\" aria-controls=\"accordion-1490905240-content\">\n\t\t\t<button class=\"toggle\" aria-label=\"Toggle\"><i class=\"icon-angle-down\" aria-hidden=\"true\"><\/i><\/button>\n\t\t\t<span>Zahlungsm\u00f6glichkeiten<\/span>\n\t\t<\/a>\n\t\t<div id=\"accordion-1490905240-content\" class=\"accordion-inner\" aria-labelledby=\"accordion-1490905240-label\">\n\t\t\t\n\n<p>Neben Paypal, Kreditkarte, Giropay, Klarna Sofort und Vorkasse bieten wir dir auch die M\u00f6glichkeit den Kauf auf Rechnungan.<\/p>\n\n\t\t<\/div>\n\t<\/div>\n\t\n\t<div id=\"accordion-2922004801\" class=\"accordion-item\">\n\t\t<a id=\"accordion-2922004801-label\" class=\"accordion-title plain\" href=\"#accordion-item-garantie\" aria-expanded=\"false\" aria-controls=\"accordion-2922004801-content\">\n\t\t\t<button class=\"toggle\" aria-label=\"Toggle\"><i class=\"icon-angle-down\" aria-hidden=\"true\"><\/i><\/button>\n\t\t\t<span>Garantie<\/span>\n\t\t<\/a>\n\t\t<div id=\"accordion-2922004801-content\" class=\"accordion-inner\" aria-labelledby=\"accordion-2922004801-label\">\n\t\t\t\n\n<p>Lorem ipsum dolor sit amet, consectetur adipiscing elit. Aenean id convallis tellus. Nulla aliquam in mi et convallis. Pellentesque rutrum feugiat ante ut imperdiet. Vivamus et dolor nec nisl consectetur vulputate id non ante. <\/p>\n\n\t\t<\/div>\n\t<\/div>\n\t\n\t<div id=\"accordion-470086795\" class=\"accordion-item\">\n\t\t<a id=\"accordion-470086795-label\" class=\"accordion-title plain\" href=\"#accordion-item-beratung\" aria-expanded=\"false\" aria-controls=\"accordion-470086795-content\">\n\t\t\t<button class=\"toggle\" aria-label=\"Toggle\"><i class=\"icon-angle-down\" aria-hidden=\"true\"><\/i><\/button>\n\t\t\t<span>Beratung<\/span>\n\t\t<\/a>\n\t\t<div id=\"accordion-470086795-content\" class=\"accordion-inner\" aria-labelledby=\"accordion-470086795-label\">\n\t\t\t\n\n<p>Lorem ipsum dolor sit amet, consectetur adipiscing elit. Aenean id convallis tellus. Nulla aliquam in mi et convallis. Pellentesque rutrum feugiat ante ut imperdiet. Vivamus et dolor nec nisl consectetur vulputate id non ante. <\/p>\n\n\t\t<\/div>\n\t<\/div>\n\t\n\n<\/div>\n\n\t\t<\/div>\n\t\t\t\t\t<\/div>\n\n\t\n\n\t<div id=\"col-1470710731\" class=\"col medium-6 large-6\"  >\n\t\t\t\t<div class=\"col-inner\"  >\n\t\t\t\n\t\t\t\n\n<div class=\"container section-title-container\" ><h3 class=\"section-title section-title-normal\"><b aria-hidden=\"true\"><\/b><span class=\"section-title-main\" >Verkauf &amp; Versand<\/span><b aria-hidden=\"true\"><\/b><\/h3><\/div>\n\n<div class=\"accordion\">\n\n\t<div id=\"accordion-2510791830\" class=\"accordion-item\">\n\t\t<a id=\"accordion-2510791830-label\" class=\"accordion-title plain\" href=\"#accordion-item-wie-l\u00e4uft-der-versand-ab?\" aria-expanded=\"false\" aria-controls=\"accordion-2510791830-content\">\n\t\t\t<button class=\"toggle\" aria-label=\"Toggle\"><i class=\"icon-angle-down\" aria-hidden=\"true\"><\/i><\/button>\n\t\t\t<span>Wie l\u00e4uft der Versand ab?<\/span>\n\t\t<\/a>\n\t\t<div id=\"accordion-2510791830-content\" class=\"accordion-inner\" aria-labelledby=\"accordion-2510791830-label\">\n\t\t\t\n\n<p><strong>Versanddauer<br><\/strong>Innerhalb von 4-5 Werktagen nach Online-Kauf wird dir das Produkt zugestellt. Aufgrund der hohen Nachfrage k\u00f6nnten sich die Lieferungen momentan leider etwas verz\u00f6gern.<\/p>\n<p><strong>Lieferumfang<br><\/strong>Das ben\u00f6tigte Werkzeug liegt dem Lieferumfang bei. <\/p>\n\n\t\t<\/div>\n\t<\/div>\n\t\n\t<div id=\"accordion-3009631201\" class=\"accordion-item\">\n\t\t<a id=\"accordion-3009631201-label\" class=\"accordion-title plain\" href=\"#accordion-item-auslandslieferung\" aria-expanded=\"false\" aria-controls=\"accordion-3009631201-content\">\n\t\t\t<button class=\"toggle\" aria-label=\"Toggle\"><i class=\"icon-angle-down\" aria-hidden=\"true\"><\/i><\/button>\n\t\t\t<span>Auslandslieferung<\/span>\n\t\t<\/a>\n\t\t<div id=\"accordion-3009631201-content\" class=\"accordion-inner\" aria-labelledby=\"accordion-3009631201-label\">\n\t\t\t\n\n<p>Wir k\u00f6nnen aktuell nur deutsche Versandadressen beliefern.<\/p>\n\n\t\t<\/div>\n\t<\/div>\n\t\n\t<div id=\"accordion-869980002\" class=\"accordion-item\">\n\t\t<a id=\"accordion-869980002-label\" class=\"accordion-title plain\" href=\"#accordion-item-wie-l\u00e4uft-eine-retoure-ab?\" aria-expanded=\"false\" aria-controls=\"accordion-869980002-content\">\n\t\t\t<button class=\"toggle\" aria-label=\"Toggle\"><i class=\"icon-angle-down\" aria-hidden=\"true\"><\/i><\/button>\n\t\t\t<span>Wie l\u00e4uft eine Retoure ab?<\/span>\n\t\t<\/a>\n\t\t<div id=\"accordion-869980002-content\" class=\"accordion-inner\" aria-labelledby=\"accordion-869980002-label\">\n\t\t\t\n\n<p>Nach dem du deine Bestellung widerrufen hast, wird es von uns gepr\u00fcft. Im Anschluss erstatten wir dir den gezahlten Betrag. Sollten Besch\u00e4digungen oder Gebrauchsspuren festgestellt werden, ziehen wir bei der Erstattung, je nach H\u00f6he der Wertminderung, einen Teil ab.<\/p>\n\n\t\t<\/div>\n\t<\/div>\n\t\n\t<div id=\"accordion-906484382\" class=\"accordion-item\">\n\t\t<a id=\"accordion-906484382-label\" class=\"accordion-title plain\" href=\"#accordion-item-zahlungsm\u00f6glichkeiten\" aria-expanded=\"false\" aria-controls=\"accordion-906484382-content\">\n\t\t\t<button class=\"toggle\" aria-label=\"Toggle\"><i class=\"icon-angle-down\" aria-hidden=\"true\"><\/i><\/button>\n\t\t\t<span>Zahlungsm\u00f6glichkeiten<\/span>\n\t\t<\/a>\n\t\t<div id=\"accordion-906484382-content\" class=\"accordion-inner\" aria-labelledby=\"accordion-906484382-label\">\n\t\t\t\n\n<p>Neben Paypal, Kreditkarte, Giropay, Klarna Sofort und Vorkasse bieten wir dir auch die M\u00f6glichkeit den Kauf auf Rechnungan.<\/p>\n\n\t\t<\/div>\n\t<\/div>\n\t\n\t<div id=\"accordion-2103505397\" class=\"accordion-item\">\n\t\t<a id=\"accordion-2103505397-label\" class=\"accordion-title plain\" href=\"#accordion-item-garantie\" aria-expanded=\"false\" aria-controls=\"accordion-2103505397-content\">\n\t\t\t<button class=\"toggle\" aria-label=\"Toggle\"><i class=\"icon-angle-down\" aria-hidden=\"true\"><\/i><\/button>\n\t\t\t<span>Garantie<\/span>\n\t\t<\/a>\n\t\t<div id=\"accordion-2103505397-content\" class=\"accordion-inner\" aria-labelledby=\"accordion-2103505397-label\">\n\t\t\t\n\n<p>Lorem ipsum dolor sit amet, consectetur adipiscing elit. Aenean id convallis tellus. Nulla aliquam in mi et convallis. Pellentesque rutrum feugiat ante ut imperdiet. Vivamus et dolor nec nisl consectetur vulputate id non ante. <\/p>\n\n\t\t<\/div>\n\t<\/div>\n\t\n\t<div id=\"accordion-4182489862\" class=\"accordion-item\">\n\t\t<a id=\"accordion-4182489862-label\" class=\"accordion-title plain\" href=\"#accordion-item-beratung\" aria-expanded=\"false\" aria-controls=\"accordion-4182489862-content\">\n\t\t\t<button class=\"toggle\" aria-label=\"Toggle\"><i class=\"icon-angle-down\" aria-hidden=\"true\"><\/i><\/button>\n\t\t\t<span>Beratung<\/span>\n\t\t<\/a>\n\t\t<div id=\"accordion-4182489862-content\" class=\"accordion-inner\" aria-labelledby=\"accordion-4182489862-label\">\n\t\t\t\n\n<p>Lorem ipsum dolor sit amet, consectetur adipiscing elit. Aenean id convallis tellus. Nulla aliquam in mi et convallis. Pellentesque rutrum feugiat ante ut imperdiet. Vivamus et dolor nec nisl consectetur vulputate id non ante. <\/p>\n\n\t\t<\/div>\n\t<\/div>\n\t\n\n<\/div>\n\n\t\t<\/div>\n\t\t\t\t\t<\/div>\n\n\t\n\n<\/div>\n<p>&nbsp;<\/p>\n","protected":false},"excerpt":{"rendered":"<p>&nbsp;<\/p>\n","protected":false},"author":1,"featured_media":0,"parent":0,"menu_order":0,"comment_status":"closed","ping_status":"closed","template":"page-blank.php","meta":{"_monsterinsights_skip_tracking":false,"_monsterinsights_sitenote_active":false,"_monsterinsights_sitenote_note":"","_monsterinsights_sitenote_category":0,"footnotes":""},"class_list":["post-84","page","type-page","status-publish","hentry"],"_links":{"self":[{"href":"https:\/\/tektro.eu\/en\/wp-json\/wp\/v2\/pages\/84","targetHints":{"allow":["GET"]}}],"collection":[{"href":"https:\/\/tektro.eu\/en\/wp-json\/wp\/v2\/pages"}],"about":[{"href":"https:\/\/tektro.eu\/en\/wp-json\/wp\/v2\/types\/page"}],"author":[{"embeddable":true,"href":"https:\/\/tektro.eu\/en\/wp-json\/wp\/v2\/users\/1"}],"replies":[{"embeddable":true,"href":"https:\/\/tektro.eu\/en\/wp-json\/wp\/v2\/comments?post=84"}],"version-history":[{"count":0,"href":"https:\/\/tektro.eu\/en\/wp-json\/wp\/v2\/pages\/84\/revisions"}],"wp:attachment":[{"href":"https:\/\/tektro.eu\/en\/wp-json\/wp\/v2\/media?parent=84"}],"curies":[{"name":"wp","href":"https:\/\/api.w.org\/{rel}","templated":true}]}}